{"id":2033,"date":"2018-12-01T18:45:42","date_gmt":"2018-12-01T17:45:42","guid":{"rendered":"http:\/\/demo3.nexthelp.it\/?page_id=2033"},"modified":"2025-07-18T14:51:16","modified_gmt":"2025-07-18T12:51:16","slug":"pagamenti-sicuri","status":"publish","type":"page","link":"https:\/\/www.lpdo.it\/de\/pagamenti-sicuri\/","title":{"rendered":"Sichere Zahlungen"},"content":{"rendered":"<div>\n<div>\n<h2 style=\"text-align: center;\">SO LEISTEN SIE IHRE ZAHLUNGEN AN LPDO<\/h2>\n<p>Ja, alle Verkaufspreise der auf der Website angezeigten und angegebenen Produkte sind inklusive Mehrwertsteuer und aller anderen Steuern.<\/p>\n<p>Ja, der Versand ist kostenlos.<\/p>\n<h3>ART DER ZAHLUNG<\/h3>\n<p>Sobald Sie das Bestellformular ausgef\u00fcllt haben, stehen Ihnen folgende Zahlungsm\u00f6glichkeiten zur Verf\u00fcgung, um die Kaufphase abzuschlie\u00dfen:<\/p>\n<ul>\n<li><strong>Kreditkarte, Prepaid-Karte oder Postepay<\/strong><\/li>\n<\/ul>\n<p>Auf diese Weise wird der Betrag Ihrer Bestellung sofort angezeigt, und die Ware wird, vorbehaltlich der Verf\u00fcgbarkeit der Produkte, am n\u00e4chsten Arbeitstag versandt.<\/p>\n<ul>\n<li><strong>Bank\u00fcberweisung<\/strong><\/li>\n<\/ul>\n<p>Auf diese Weise verpflichten wir uns, sobald der Betrag auf dem Referenzkonto gutgeschrieben ist, die Ware umgehend zu versenden, vorbehaltlich der Verf\u00fcgbarkeit der Produkte.<\/p>\n<ul>\n<li><strong>PayPal<\/strong><\/li>\n<\/ul>\n<p>Auf diese Weise wird der Betrag Ihrer Bestellung sofort angezeigt, und die Ware wird, vorbehaltlich der Verf\u00fcgbarkeit der Produkte, am n\u00e4chsten Arbeitstag versandt.<\/p>\n<div class=\"remove\">\n<ul>\n<li><strong>Zahlung bei Lieferung<\/strong><\/li>\n<\/ul>\n<p>Die Nachnahmegeb\u00fchr in H\u00f6he von 2,99 \u20ac muss daher zum Betrag der Bestellung addiert werden, der in bar an den Spediteur zu zahlen ist. Vorbehaltlich der Verf\u00fcgbarkeit der Produkte wird die Bestellung am n\u00e4chsten Werktag versandt.<\/p>\n<ul>\n<li><strong>ScalaPay<\/strong><\/li>\n<\/ul>\n<p>Auf diese Weise k\u00f6nnen Sie Ihre Bestellung in 3 gleichen und bequemen Raten mit monatlicher F\u00e4lligkeit bezahlen. Der Service ist f\u00fcr Sie kostenlos und nur die erste Rate wird Ihnen beim Kauf in Rechnung gestellt. Vorbehaltlich der Verf\u00fcgbarkeit der Produkte wird Ihre Bestellung innerhalb des n\u00e4chsten Arbeitstages versandt.<\/p>\n<\/div>\n<\/div><\/div>\n\n\n\n<p><\/p>","protected":false},"excerpt":{"rendered":"<p>ECCO COME EFFETTUARE I TUOI PAGAMENTI SU LPDO S\u00ec, tutti i prezzi di vendita dei prodotti esposti ed indicati all\u2019interno<\/p>","protected":false},"author":1,"featured_media":0,"parent":0,"menu_order":0,"comment_status":"closed","ping_status":"closed","template":"","meta":{"footnotes":""},"class_list":["post-2033","page","type-page","status-publish","hentry"],"_links":{"self":[{"href":"https:\/\/www.lpdo.it\/de\/wp-json\/wp\/v2\/pages\/2033","targetHints":{"allow":["GET"]}}],"collection":[{"href":"https:\/\/www.lpdo.it\/de\/wp-json\/wp\/v2\/pages"}],"about":[{"href":"https:\/\/www.lpdo.it\/de\/wp-json\/wp\/v2\/types\/page"}],"author":[{"embeddable":true,"href":"https:\/\/www.lpdo.it\/de\/wp-json\/wp\/v2\/users\/1"}],"replies":[{"embeddable":true,"href":"https:\/\/www.lpdo.it\/de\/wp-json\/wp\/v2\/comments?post=2033"}],"version-history":[{"count":3,"href":"https:\/\/www.lpdo.it\/de\/wp-json\/wp\/v2\/pages\/2033\/revisions"}],"predecessor-version":[{"id":449922,"href":"https:\/\/www.lpdo.it\/de\/wp-json\/wp\/v2\/pages\/2033\/revisions\/449922"}],"wp:attachment":[{"href":"https:\/\/www.lpdo.it\/de\/wp-json\/wp\/v2\/media?parent=2033"}],"curies":[{"name":"wp","href":"https:\/\/api.w.org\/{rel}","templated":true}]}}