{"id":251540,"date":"2023-04-13T23:30:06","date_gmt":"2023-04-13T21:30:06","guid":{"rendered":"https:\/\/www.lpdo.it\/?page_id=251540"},"modified":"2023-04-13T23:30:07","modified_gmt":"2023-04-13T21:30:07","slug":"resi-e-cambi","status":"publish","type":"page","link":"https:\/\/www.lpdo.it\/de\/resi-e-cambi\/","title":{"rendered":"R\u00fcckgabe und Umtausch"},"content":{"rendered":"<h3 class=\"wp-block-heading\">SO K\u00d6NNEN SIE IHR PRODUKT ZUR\u00dcCKGEBEN ODER UMTAUSCHEN<\/h3>\n\n\n\n<p>Gem\u00e4\u00df Art. 64 ff. D. Gesetzesdekret Nr. 206\/05 k\u00f6nnen Sie von Ihrem Widerrufsrecht Gebrauch machen, ohne dass Sie daf\u00fcr eine Strafe zahlen m\u00fcssen und ohne Angabe von Gr\u00fcnden.<\/p>\n\n\n\n<h3 class=\"wp-block-heading\">HIER IST DAS VERFAHREN F\u00dcR DIE R\u00dcCKGABE<\/h3>\n\n\n\n<p>Senden Sie Ihren Antrag auf R\u00fccktrittsrecht innerhalb von 14 Werktagen nach Erhalt der Ware an info@lpdo.it. Bei Problemen k\u00f6nnen Sie uns unter den folgenden Nummern erreichen: +39 0817590289 3505111914.<\/p>\n\n\n\n<p>Senden Sie das Produkt mit einem Kurierdienst Ihrer Wahl an Dremar Parfum International Srl - Via Boscofangone snc - Interporto Campano Lotto D1 - Moduli 235\/236 80035 Nola (NA). Wir empfehlen Ihnen, das Produkt sorgf\u00e4ltig in der Originalverpackung zu verpacken und eine Kopie des Formulars beizulegen, das Sie von unserem Customer Care Team per E-Mail erhalten werden.<\/p>\n\n\n\n<p>Wir erstatten Ihnen innerhalb von 30 Tagen nach Erhalt der Ware den Kaufpreis einschlie\u00dflich der urspr\u00fcnglichen Versandkosten.<\/p>\n\n\n\n<p>Die bei der R\u00fccksendung von Produkten anfallenden Versandkosten werden nicht erstattet.<\/p>\n\n\n\n<p>Denken Sie daran, dass das R\u00fccktrittsrecht nicht in Anspruch genommen werden kann, wenn das zur\u00fcckgegebene Produkt nicht unversehrt ist, d.h. wenn es nicht durch den Transport besch\u00e4digt wurde (fehlende Originalverpackung, fehlende Bestandteile des Produkts, usw.).<\/p>\n\n\n\n<h3 class=\"wp-block-heading\">IM FALLE EINER \u00c4NDERUNG IST WIE FOLGT ZU VERFAHREN<\/h3>\n\n\n\n<p>Senden Sie Ihren Umtauschantrag innerhalb von 14 Arbeitstagen nach Erhalt der Ware an info@lpdo.it.<\/p>\n\n\n\n<p>Wenden Sie sich an unser Customer Care Team unter den folgenden Nummern +39 0817590289 +39 3505111914, um einen gemeinsamen Produktwechsel zu planen.<\/p>\n\n\n\n<h3 class=\"wp-block-heading\">HIER FINDEN SIE INFORMATIONEN ZU RABATTEN UND GUTSCHEINEN<\/h3>\n\n\n\n<p>Die Rabatte sind pro Bestellung nicht kumulierbar.<\/p>\n\n\n\n<p>Das Unternehmen kann bei Verdacht auf Unregelm\u00e4\u00dfigkeiten einseitig beschlie\u00dfen, den Gutschein nicht auszustellen.<\/p>","protected":false},"excerpt":{"rendered":"<p>ECCO COME PUOI EFFETTUARE IL TUO RESO O CAMBIARE IL TUO PRODOTTO Ai sensi e per gli effetti degli artt.<\/p>","protected":false},"author":1,"featured_media":0,"parent":0,"menu_order":0,"comment_status":"closed","ping_status":"closed","template":"","meta":{"footnotes":""},"class_list":["post-251540","page","type-page","status-publish","hentry"],"_links":{"self":[{"href":"https:\/\/www.lpdo.it\/de\/wp-json\/wp\/v2\/pages\/251540","targetHints":{"allow":["GET"]}}],"collection":[{"href":"https:\/\/www.lpdo.it\/de\/wp-json\/wp\/v2\/pages"}],"about":[{"href":"https:\/\/www.lpdo.it\/de\/wp-json\/wp\/v2\/types\/page"}],"author":[{"embeddable":true,"href":"https:\/\/www.lpdo.it\/de\/wp-json\/wp\/v2\/users\/1"}],"replies":[{"embeddable":true,"href":"https:\/\/www.lpdo.it\/de\/wp-json\/wp\/v2\/comments?post=251540"}],"version-history":[{"count":1,"href":"https:\/\/www.lpdo.it\/de\/wp-json\/wp\/v2\/pages\/251540\/revisions"}],"predecessor-version":[{"id":251541,"href":"https:\/\/www.lpdo.it\/de\/wp-json\/wp\/v2\/pages\/251540\/revisions\/251541"}],"wp:attachment":[{"href":"https:\/\/www.lpdo.it\/de\/wp-json\/wp\/v2\/media?parent=251540"}],"curies":[{"name":"wp","href":"https:\/\/api.w.org\/{rel}","templated":true}]}}