{"id":251546,"date":"2023-04-13T23:37:11","date_gmt":"2023-04-13T21:37:11","guid":{"rendered":"https:\/\/www.lpdo.it\/?page_id=251546"},"modified":"2023-04-13T23:37:12","modified_gmt":"2023-04-13T21:37:12","slug":"chi-siamo","status":"publish","type":"page","link":"https:\/\/www.lpdo.it\/de\/chi-siamo\/","title":{"rendered":"\u00dcber uns"},"content":{"rendered":"<div class=\"row\">\n<div class=\"col-md-12 col-lg-6\" style=\"background: url('\/wp-content\/themes\/lpdo\/images\/galleria\/LPDO_SHOOTING_072022_142.jpg') no-repeat; background-size:cover; min-height: 500px\"><\/div>\n<div class=\"col-md-12 col-lg-6\">\n<h1 style=\"font-weight:900;text-transform:uppercase\">Eine Marke, viele D\u00fcfte,<br>Ihre Essenz.<\/h1>\n\n<h3 style=\"font-weight:900;\">LPDO?<\/h3>\n<p>Es handelt sich um ein Projekt der Parf\u00fcmerie Made in Italy, aber auch um ein Unternehmen, das im Laufe der Zeit mit dem Engagement und der Leidenschaft seines Teams in der wunderbaren Sch\u00f6nheits- und Parf\u00fcmeriebranche in Italien entstanden und gewachsen ist. <\/p>\n\n<h3 style=\"font-weight:900;\">Unsere D\u00fcfte?<\/h3>\n<p>Es handelt sich um Eau De Parfum Intense mit einer Komposition auf der Basis von 20% \u00e4therischen \u00d6len. Es \u00fcberrascht nicht, dass die verwendeten Rohstoffe und die intensiven Akkorde eine unverwechselbare Spur hinterlassen, die Ihr Wesen hervorheben kann. <\/p>\n\n<h3 style=\"font-weight:900;\">Unser Team?<\/h3>\n<p>Mit unserer Leidenschaft und Erfahrung wollen wir Ihnen Noten geben, in denen Sie sich wiedererkennen und die Sie jeden Tag auf eine andere Art und Weise definieren k\u00f6nnen. <\/p>\n\n<h3 style=\"font-weight:900;\">Unsere duftende Welt?<\/h3>\n<p>Er ist reich an olfaktorischen Emotionen, die es gemeinsam zu entdecken und zu erleben gilt. <\/p>\n\n<\/div>\n<\/div>","protected":false},"excerpt":{"rendered":"<p>Un brand, tante fragranze,la tua essenza. LPDO? \u00c8 un progetto di profumeria Made in Italy, ma anche un\u2019azienda nata e<\/p>","protected":false},"author":1,"featured_media":0,"parent":0,"menu_order":0,"comment_status":"closed","ping_status":"closed","template":"","meta":{"footnotes":""},"class_list":["post-251546","page","type-page","status-publish","hentry"],"_links":{"self":[{"href":"https:\/\/www.lpdo.it\/de\/wp-json\/wp\/v2\/pages\/251546","targetHints":{"allow":["GET"]}}],"collection":[{"href":"https:\/\/www.lpdo.it\/de\/wp-json\/wp\/v2\/pages"}],"about":[{"href":"https:\/\/www.lpdo.it\/de\/wp-json\/wp\/v2\/types\/page"}],"author":[{"embeddable":true,"href":"https:\/\/www.lpdo.it\/de\/wp-json\/wp\/v2\/users\/1"}],"replies":[{"embeddable":true,"href":"https:\/\/www.lpdo.it\/de\/wp-json\/wp\/v2\/comments?post=251546"}],"version-history":[{"count":1,"href":"https:\/\/www.lpdo.it\/de\/wp-json\/wp\/v2\/pages\/251546\/revisions"}],"predecessor-version":[{"id":251547,"href":"https:\/\/www.lpdo.it\/de\/wp-json\/wp\/v2\/pages\/251546\/revisions\/251547"}],"wp:attachment":[{"href":"https:\/\/www.lpdo.it\/de\/wp-json\/wp\/v2\/media?parent=251546"}],"curies":[{"name":"wp","href":"https:\/\/api.w.org\/{rel}","templated":true}]}}