{"id":251554,"date":"2023-04-14T00:20:02","date_gmt":"2023-04-13T22:20:02","guid":{"rendered":"https:\/\/www.lpdo.it\/?page_id=251554"},"modified":"2026-05-05T17:34:07","modified_gmt":"2026-05-05T15:34:07","slug":"spese-e-spedizioni","status":"publish","type":"page","link":"https:\/\/www.lpdo.it\/de\/spese-e-spedizioni\/","title":{"rendered":"Spesen und Versand"},"content":{"rendered":"<p><strong>HIER ERFAHREN SIE, WANN UND WIE WIR IHRE BESTELLUNG AN LPDO VERSENDEN<\/strong><\/p>\n\n\n\n<p>Hier finden Sie alle Informationen zu Vorlaufzeiten, Lieferzeiten und Versandtarifen.<\/p>\n\n\n\n<p><strong>ABFERTIGUNGSZEIT<\/strong><\/p>\n\n\n\n<p>Bestellungen, die von Montag bis Freitag (au\u00dfer an Feiertagen) eingehen, werden je nach Verf\u00fcgbarkeit der Produkte am n\u00e4chsten Arbeitstag bearbeitet.<\/p>\n\n\n\n<p>Bestellungen, die am Samstag und\/oder Sonntag eingehen, werden am folgenden Montag bearbeitet.<\/p>\n\n\n\n<p>A spedizione avvenuta, ti invieremo una e-mail automatica di avviso con il relativo numero di tracking ed il link per monitorare la spedizione.<\/p>\n\n\n\n<p><strong>LIEFERZEITEN<\/strong><\/p>\n\n\n\n<p>NORDZENTRALITALIEN: 24 Stunden<\/p>\n\n\n\n<p>S\u00dcDZENTRALITALIEN: 24\/48 Stunden<\/p>\n\n\n\n<div class=\"remove\"><p>SARDINIEN UND KLEINERE INSELN: 48\/72 Stunden<\/p>\n\n\n\n<p>(Sardinien - Sizilien - Venedig - kleinere Inseln und schwer zug\u00e4ngliche Bergregionen)<\/p>\n\n\n\n<p>VERSANDKOSTEN (abh\u00e4ngig von der Menge der Bestellung):<\/p>\n\n\n\n<p>NACHNAHMEGEBIET<\/p>\n\n\n\n<p>ITALIEN KOSTENLOS 2,99\u20ac<\/p>\n\n\n\n<p>ESTERO&nbsp; &nbsp;&nbsp;&nbsp;&nbsp;&nbsp;&nbsp;&nbsp; 6,00\u20ac&nbsp;&nbsp;&nbsp;&nbsp;&nbsp;&nbsp;&nbsp;&nbsp;&nbsp;&nbsp;&nbsp;&nbsp; &nbsp;&nbsp;&nbsp;&nbsp;&nbsp; \/\/<\/p>\n\n\n\n<p><strong>N.B. IM FALLE EINES VERPASSTEN TERMINS MIT DEM KURIER <\/strong><\/p>\n\n\n\n<p>Unser Customer Care Team wird sich mit Ihnen in Verbindung setzen, um einen neuen Liefertermin zu vereinbaren.<\/p>\n\n\n\n<p>Se non dovessi risultare disponibile per la nuova data concordata, potrai ritirare gratuitamente il tuo ordine entro 3 giorni presso la sede SDA pi\u00f9 vicina.<\/p>\n\n\n\n<p>Nach 3 Tagen wird das Paket an unser Lager zur\u00fcckgeschickt und die Bestellung wird storniert.<\/p><\/div>","protected":false},"excerpt":{"rendered":"<p>ECCO QUANDO E COME SPEDIREMO IL TUO ORDINE SU LPDO Qui trovi tutte le info riguardo tempi d&#8217;evasione, tempi di<\/p>","protected":false},"author":1,"featured_media":0,"parent":0,"menu_order":0,"comment_status":"closed","ping_status":"closed","template":"","meta":{"footnotes":""},"class_list":["post-251554","page","type-page","status-publish","hentry"],"_links":{"self":[{"href":"https:\/\/www.lpdo.it\/de\/wp-json\/wp\/v2\/pages\/251554","targetHints":{"allow":["GET"]}}],"collection":[{"href":"https:\/\/www.lpdo.it\/de\/wp-json\/wp\/v2\/pages"}],"about":[{"href":"https:\/\/www.lpdo.it\/de\/wp-json\/wp\/v2\/types\/page"}],"author":[{"embeddable":true,"href":"https:\/\/www.lpdo.it\/de\/wp-json\/wp\/v2\/users\/1"}],"replies":[{"embeddable":true,"href":"https:\/\/www.lpdo.it\/de\/wp-json\/wp\/v2\/comments?post=251554"}],"version-history":[{"count":6,"href":"https:\/\/www.lpdo.it\/de\/wp-json\/wp\/v2\/pages\/251554\/revisions"}],"predecessor-version":[{"id":527982,"href":"https:\/\/www.lpdo.it\/de\/wp-json\/wp\/v2\/pages\/251554\/revisions\/527982"}],"wp:attachment":[{"href":"https:\/\/www.lpdo.it\/de\/wp-json\/wp\/v2\/media?parent=251554"}],"curies":[{"name":"wp","href":"https:\/\/api.w.org\/{rel}","templated":true}]}}