{"id":102971,"date":"2020-07-23T16:59:03","date_gmt":"2020-07-23T14:59:03","guid":{"rendered":"https:\/\/www.lpdo.it\/?post_type=product&#038;p=102971"},"modified":"2026-05-07T09:19:51","modified_gmt":"2026-05-07T07:19:51","slug":"lpdo-voyage-secret-100ml-edpi","status":"publish","type":"product","link":"https:\/\/www.lpdo.it\/de\/p\/lpdo-voyage-secret-100ml-edpi\/","title":{"rendered":"Voyage Secret 100ml EDPI"},"content":{"rendered":"<p>HEADNOTES<br \/>\nGurjum, Safran, Zistrosen\u00f6l<br \/>\nHERZENSANMERKUNGEN<br \/>\nOud, Rose, Geranie, Himbeere<br \/>\nBODENANMERKUNGEN<br \/>\nSandelholz, Bernstein, Benzoe<\/p>","protected":false},"excerpt":{"rendered":"<p>Eine Reise in das Herz der W\u00fcste. Voyage Secret wurde f\u00fcr die Liebhaber seltener Essenzen entwickelt und konzentriert das Gef\u00fchl der Unendlichkeit in einer der mythischsten Zutaten der Parf\u00fcmerie, dem Oud-Holz. Ein rebellisches Material von berauschender Sch\u00f6nheit, facettiert mit einem Hauch von Benzoe und Akzenten von Himbeere. Die Komposition schlie\u00dft mit einem rauchigen Akzent von Weihrauch, der die Tr\u00e4gerin mystisch einh\u00fcllt.<\/p>","protected":false},"featured_media":295311,"template":"","meta":[],"product_brand":[],"product_cat":[63],"product_tag":[],"class_list":{"0":"post-102971","1":"product","2":"type-product","3":"status-publish","4":"has-post-thumbnail","6":"product_cat-fragranze","8":"first","9":"outofstock","10":"shipping-taxable","11":"purchasable","12":"product-type-simple"},"_links":{"self":[{"href":"https:\/\/www.lpdo.it\/de\/wp-json\/wp\/v2\/product\/102971","targetHints":{"allow":["GET"]}}],"collection":[{"href":"https:\/\/www.lpdo.it\/de\/wp-json\/wp\/v2\/product"}],"about":[{"href":"https:\/\/www.lpdo.it\/de\/wp-json\/wp\/v2\/types\/product"}],"wp:featuredmedia":[{"embeddable":true,"href":"https:\/\/www.lpdo.it\/de\/wp-json\/wp\/v2\/media\/295311"}],"wp:attachment":[{"href":"https:\/\/www.lpdo.it\/de\/wp-json\/wp\/v2\/media?parent=102971"}],"wp:term":[{"taxonomy":"product_brand","embeddable":true,"href":"https:\/\/www.lpdo.it\/de\/wp-json\/wp\/v2\/product_brand?post=102971"},{"taxonomy":"product_cat","embeddable":true,"href":"https:\/\/www.lpdo.it\/de\/wp-json\/wp\/v2\/product_cat?post=102971"},{"taxonomy":"product_tag","embeddable":true,"href":"https:\/\/www.lpdo.it\/de\/wp-json\/wp\/v2\/product_tag?post=102971"}],"curies":[{"name":"wp","href":"https:\/\/api.w.org\/{rel}","templated":true}]}}