{"id":102976,"date":"2020-07-23T17:06:17","date_gmt":"2020-07-23T15:06:17","guid":{"rendered":"https:\/\/www.lpdo.it\/?post_type=product&#038;p=102976"},"modified":"2025-12-02T00:03:07","modified_gmt":"2025-12-01T23:03:07","slug":"lpdo-delire-rouge-100ml-edpi","status":"publish","type":"product","link":"https:\/\/www.lpdo.it\/de\/p\/lpdo-delire-rouge-100ml-edpi\/","title":{"rendered":"D\u00e9lire Rouge 100ml EDPI"},"content":{"rendered":"<p>HEADNOTES<br \/>\nS\u00fc\u00dfe Orange, Safranbl\u00fcte, Jasmin<br \/>\nHERZENSANMERKUNGEN<br \/>\nWei\u00dfe Rose, Safran, Amber Woods, Magnolie<br \/>\nBODENANMERKUNGEN<br \/>\nFichtenharz, Edelh\u00f6lzer, transparente Moose<\/p>","protected":false},"excerpt":{"rendered":"<p>D\u00e9lire Rouge ist fl\u00fcssige Poesie. Eine \u00e4u\u00dferst luxuri\u00f6se und raffinierte Komposition mit einem intensiven und aufregenden, fast erotischen Aroma. Die Zartheit des Jasmins und die H\u00e4rte des Safrans akzentuieren die Cremigkeit und verleihen dem Duft einen warmen und sanften Auftakt. Die Haut wird sanft von Amber und holzigen Noten umschmeichelt, die das verschleierte Geheimnis vorwegnehmen, mit dem die Komposition schlie\u00dft.<\/p>","protected":false},"featured_media":295293,"template":"","meta":[],"product_brand":[],"product_cat":[63],"product_tag":[],"class_list":{"0":"post-102976","1":"product","2":"type-product","3":"status-publish","4":"has-post-thumbnail","6":"product_cat-fragranze","8":"first","9":"instock","10":"shipping-taxable","11":"purchasable","12":"product-type-simple"},"_links":{"self":[{"href":"https:\/\/www.lpdo.it\/de\/wp-json\/wp\/v2\/product\/102976","targetHints":{"allow":["GET"]}}],"collection":[{"href":"https:\/\/www.lpdo.it\/de\/wp-json\/wp\/v2\/product"}],"about":[{"href":"https:\/\/www.lpdo.it\/de\/wp-json\/wp\/v2\/types\/product"}],"wp:featuredmedia":[{"embeddable":true,"href":"https:\/\/www.lpdo.it\/de\/wp-json\/wp\/v2\/media\/295293"}],"wp:attachment":[{"href":"https:\/\/www.lpdo.it\/de\/wp-json\/wp\/v2\/media?parent=102976"}],"wp:term":[{"taxonomy":"product_brand","embeddable":true,"href":"https:\/\/www.lpdo.it\/de\/wp-json\/wp\/v2\/product_brand?post=102976"},{"taxonomy":"product_cat","embeddable":true,"href":"https:\/\/www.lpdo.it\/de\/wp-json\/wp\/v2\/product_cat?post=102976"},{"taxonomy":"product_tag","embeddable":true,"href":"https:\/\/www.lpdo.it\/de\/wp-json\/wp\/v2\/product_tag?post=102976"}],"curies":[{"name":"wp","href":"https:\/\/api.w.org\/{rel}","templated":true}]}}