{"id":109481,"date":"2020-08-29T03:01:00","date_gmt":"2020-08-29T01:01:00","guid":{"rendered":"https:\/\/www.lpdo.it\/?post_type=product&#038;p=109481"},"modified":"2026-03-09T10:01:09","modified_gmt":"2026-03-09T09:01:09","slug":"lpdo-samples-set-2ml","status":"publish","type":"product","link":"https:\/\/www.lpdo.it\/de\/p\/lpdo-samples-set-2ml\/","title":{"rendered":"SAMPLES SET 27 FRAGRANZE DA 2ML"},"content":{"rendered":"","protected":false},"excerpt":{"rendered":"<p>Kaufe unser Samples Set mit KOSTENLOSEM Versand.<br \/>\nDarin finden Sie 2ml-Proben aller unserer D\u00fcfte. Eine f\u00fcr jeden Duft.<\/p>\n<p>Zusammen mit dem Samples Set erh\u00e4ltst du einen 20 % Rabattcode f\u00fcr deinen n\u00e4chsten Einkauf.<br \/>\nDer Rabattcode ist g\u00fcltig bei einem Mindestbestellwert von 25 \u20ac.<br \/>\n*<b>Das Samples Set enth\u00e4lt die vier neuen LPDO-D\u00fcfte 2026: Nana Vice, Vanilla Tonic, Tuberosa Nova und Oud Samba. Die Referenzen Soleil D\u00e9sire, Rubin Fum\u00e9e und Voyage Secret sind aufgrund begrenzter Verf\u00fcgbarkeit derzeit nicht im Samples Set enthalten.<\/b><\/p>","protected":false},"featured_media":513264,"template":"","meta":[],"product_brand":[],"product_cat":[64],"product_tag":[],"class_list":{"0":"post-109481","1":"product","2":"type-product","3":"status-publish","4":"has-post-thumbnail","6":"product_cat-sample-set","7":"product_shipping_class-samples-set","9":"first","10":"instock","11":"shipping-taxable","12":"purchasable","13":"product-type-simple"},"_links":{"self":[{"href":"https:\/\/www.lpdo.it\/de\/wp-json\/wp\/v2\/product\/109481","targetHints":{"allow":["GET"]}}],"collection":[{"href":"https:\/\/www.lpdo.it\/de\/wp-json\/wp\/v2\/product"}],"about":[{"href":"https:\/\/www.lpdo.it\/de\/wp-json\/wp\/v2\/types\/product"}],"wp:featuredmedia":[{"embeddable":true,"href":"https:\/\/www.lpdo.it\/de\/wp-json\/wp\/v2\/media\/513264"}],"wp:attachment":[{"href":"https:\/\/www.lpdo.it\/de\/wp-json\/wp\/v2\/media?parent=109481"}],"wp:term":[{"taxonomy":"product_brand","embeddable":true,"href":"https:\/\/www.lpdo.it\/de\/wp-json\/wp\/v2\/product_brand?post=109481"},{"taxonomy":"product_cat","embeddable":true,"href":"https:\/\/www.lpdo.it\/de\/wp-json\/wp\/v2\/product_cat?post=109481"},{"taxonomy":"product_tag","embeddable":true,"href":"https:\/\/www.lpdo.it\/de\/wp-json\/wp\/v2\/product_tag?post=109481"}],"curies":[{"name":"wp","href":"https:\/\/api.w.org\/{rel}","templated":true}]}}