{"id":118157,"date":"2020-11-04T12:55:11","date_gmt":"2020-11-04T11:55:11","guid":{"rendered":"https:\/\/www.lpdo.it\/?post_type=product&#038;p=118157"},"modified":"2025-12-02T00:03:46","modified_gmt":"2025-12-01T23:03:46","slug":"lpdo-bois-intense-30ml-edpi","status":"publish","type":"product","link":"https:\/\/www.lpdo.it\/de\/p\/lpdo-bois-intense-30ml-edpi\/","title":{"rendered":"Bois Intense 30ml EDPI"},"content":{"rendered":"<article id=\"cph_section_descdett_contain\" class=\"descdettagliata_contain\">HEADNOTES<br \/>\nWacholderbeere, Zypresse, Iris, Weihrauch<br \/>\nHERZENSANMERKUNGEN<br \/>\nMyrrhe, Patchouli, Vanille, Moschus<br \/>\nBODENANMERKUNGEN<br \/>\nBernstein, Zedernholz, Honig, Leder<\/article>","protected":false},"excerpt":{"rendered":"<p>Ein Duft, der um eine der kostbarsten Zutaten kreiert wurde: Iris Absolute. Dieser ikonische und geheimnisvolle Duft verbindet die m\u00e4nnliche Seite der Iris mit der weiblichen Seite des Weihrauchs, mit einem zarten, umh\u00fcllenden Akzent von Honig. Seine Sinnlichkeit ist stark, anhaltend und von gro\u00dfer Wirkung.<\/p>","protected":false},"featured_media":295312,"template":"","meta":[],"product_brand":[],"product_cat":[63],"product_tag":[],"class_list":{"0":"post-118157","1":"product","2":"type-product","3":"status-publish","4":"has-post-thumbnail","6":"product_cat-fragranze","8":"first","9":"instock","10":"shipping-taxable","11":"purchasable","12":"product-type-simple"},"_links":{"self":[{"href":"https:\/\/www.lpdo.it\/de\/wp-json\/wp\/v2\/product\/118157","targetHints":{"allow":["GET"]}}],"collection":[{"href":"https:\/\/www.lpdo.it\/de\/wp-json\/wp\/v2\/product"}],"about":[{"href":"https:\/\/www.lpdo.it\/de\/wp-json\/wp\/v2\/types\/product"}],"wp:featuredmedia":[{"embeddable":true,"href":"https:\/\/www.lpdo.it\/de\/wp-json\/wp\/v2\/media\/295312"}],"wp:attachment":[{"href":"https:\/\/www.lpdo.it\/de\/wp-json\/wp\/v2\/media?parent=118157"}],"wp:term":[{"taxonomy":"product_brand","embeddable":true,"href":"https:\/\/www.lpdo.it\/de\/wp-json\/wp\/v2\/product_brand?post=118157"},{"taxonomy":"product_cat","embeddable":true,"href":"https:\/\/www.lpdo.it\/de\/wp-json\/wp\/v2\/product_cat?post=118157"},{"taxonomy":"product_tag","embeddable":true,"href":"https:\/\/www.lpdo.it\/de\/wp-json\/wp\/v2\/product_tag?post=118157"}],"curies":[{"name":"wp","href":"https:\/\/api.w.org\/{rel}","templated":true}]}}