{"id":118177,"date":"2020-11-04T13:03:21","date_gmt":"2020-11-04T12:03:21","guid":{"rendered":"https:\/\/www.lpdo.it\/?post_type=product&#038;p=118177"},"modified":"2025-12-02T00:03:45","modified_gmt":"2025-12-01T23:03:45","slug":"lpdo-fleur-noire-30ml-edpi","status":"publish","type":"product","link":"https:\/\/www.lpdo.it\/de\/p\/lpdo-fleur-noire-30ml-edpi\/","title":{"rendered":"Fleur Noire 30ml EDPI"},"content":{"rendered":"<p>HEADNOTES<br \/>\nBergamotte, Zitrusfr\u00fcchte, Mandarine, Schwarze Gardenie<br \/>\nHERZENSANMERKUNGEN<br \/>\nJasmin, Ylang-Ylang, Lotusholz, Schwarze Orchidee, w\u00fcrzig-blumiger Akkord<br \/>\nBODENANMERKUNGEN<br \/>\nPatchouli, Sandelholz, Weihrauch, Vanille<\/p>","protected":false},"excerpt":{"rendered":"<p>Ein luxuri\u00f6ser und sinnlicher Duft, modern und doch zeitlos. Reiche, dunkle Akkorde bilden einen verf\u00fchrerischen Trank aus schwarzen Orchideen und Gew\u00fcrzen. Noten von Ylang-Ylang und Jasmin er\u00f6ffnen den Duft mit einer eleganten und aphrodisierenden Wirkung. Der Kontrast zwischen Bergamotte, Bitterorange und Pflaume umh\u00fcllt die Schwarze Orchidee und erzeugt eine bet\u00f6rende und verf\u00fchrerische Wirkung. Die Basisnoten aus Patchouli, Schokolade, Vanille und Amber verleihen dem Duft W\u00e4rme und eine lange Haltbarkeit.<\/p>","protected":false},"featured_media":295317,"template":"","meta":[],"product_brand":[],"product_cat":[63],"product_tag":[],"class_list":{"0":"post-118177","1":"product","2":"type-product","3":"status-publish","4":"has-post-thumbnail","6":"product_cat-fragranze","8":"first","9":"instock","10":"shipping-taxable","11":"purchasable","12":"product-type-simple"},"_links":{"self":[{"href":"https:\/\/www.lpdo.it\/de\/wp-json\/wp\/v2\/product\/118177","targetHints":{"allow":["GET"]}}],"collection":[{"href":"https:\/\/www.lpdo.it\/de\/wp-json\/wp\/v2\/product"}],"about":[{"href":"https:\/\/www.lpdo.it\/de\/wp-json\/wp\/v2\/types\/product"}],"wp:featuredmedia":[{"embeddable":true,"href":"https:\/\/www.lpdo.it\/de\/wp-json\/wp\/v2\/media\/295317"}],"wp:attachment":[{"href":"https:\/\/www.lpdo.it\/de\/wp-json\/wp\/v2\/media?parent=118177"}],"wp:term":[{"taxonomy":"product_brand","embeddable":true,"href":"https:\/\/www.lpdo.it\/de\/wp-json\/wp\/v2\/product_brand?post=118177"},{"taxonomy":"product_cat","embeddable":true,"href":"https:\/\/www.lpdo.it\/de\/wp-json\/wp\/v2\/product_cat?post=118177"},{"taxonomy":"product_tag","embeddable":true,"href":"https:\/\/www.lpdo.it\/de\/wp-json\/wp\/v2\/product_tag?post=118177"}],"curies":[{"name":"wp","href":"https:\/\/api.w.org\/{rel}","templated":true}]}}