{"id":118183,"date":"2020-11-04T13:09:34","date_gmt":"2020-11-04T12:09:34","guid":{"rendered":"https:\/\/www.lpdo.it\/?post_type=product&#038;p=118183"},"modified":"2025-12-02T00:03:44","modified_gmt":"2025-12-01T23:03:44","slug":"lpdo-vanille-persuasive-30ml-edpi","status":"publish","type":"product","link":"https:\/\/www.lpdo.it\/de\/p\/lpdo-vanille-persuasive-30ml-edpi\/","title":{"rendered":"Vanille Persuasiv 30ml EDPI"},"content":{"rendered":"<p>HEADNOTES<br \/>\nTabakblatt, w\u00fcrzige Noten<br \/>\nHERZENSANMERKUNGEN<br \/>\nTonkabohne, Tabakbl\u00fcte, Vanille, Kakao<br \/>\nBODENANMERKUNGEN<br \/>\nGetrocknete Fr\u00fcchte, holzige Noten<\/p>","protected":false},"excerpt":{"rendered":"<p>Ein Duft mit einer s\u00fc\u00dfen und doch intensiven Seele. Warm und emblematisch, enth\u00fcllt er sofort eine reiche Essenz von Tabak, die durch w\u00fcrzige Noten erg\u00e4nzt wird. Eine w\u00fcrzige Seele mit einer s\u00fc\u00dfen Herznote aus Tonkabohne, Tabakbl\u00fcte, Vanille und Kakao. Ein nat\u00fcrlicher und ausgew\u00e4hlter Duft, der unnachahmliche Emotionen vermittelt.<\/p>","protected":false},"featured_media":295330,"template":"","meta":[],"product_brand":[],"product_cat":[63],"product_tag":[],"class_list":{"0":"post-118183","1":"product","2":"type-product","3":"status-publish","4":"has-post-thumbnail","6":"product_cat-fragranze","8":"first","9":"instock","10":"shipping-taxable","11":"purchasable","12":"product-type-simple"},"_links":{"self":[{"href":"https:\/\/www.lpdo.it\/de\/wp-json\/wp\/v2\/product\/118183","targetHints":{"allow":["GET"]}}],"collection":[{"href":"https:\/\/www.lpdo.it\/de\/wp-json\/wp\/v2\/product"}],"about":[{"href":"https:\/\/www.lpdo.it\/de\/wp-json\/wp\/v2\/types\/product"}],"wp:featuredmedia":[{"embeddable":true,"href":"https:\/\/www.lpdo.it\/de\/wp-json\/wp\/v2\/media\/295330"}],"wp:attachment":[{"href":"https:\/\/www.lpdo.it\/de\/wp-json\/wp\/v2\/media?parent=118183"}],"wp:term":[{"taxonomy":"product_brand","embeddable":true,"href":"https:\/\/www.lpdo.it\/de\/wp-json\/wp\/v2\/product_brand?post=118183"},{"taxonomy":"product_cat","embeddable":true,"href":"https:\/\/www.lpdo.it\/de\/wp-json\/wp\/v2\/product_cat?post=118183"},{"taxonomy":"product_tag","embeddable":true,"href":"https:\/\/www.lpdo.it\/de\/wp-json\/wp\/v2\/product_tag?post=118183"}],"curies":[{"name":"wp","href":"https:\/\/api.w.org\/{rel}","templated":true}]}}