{"id":140724,"date":"2021-06-11T06:00:48","date_gmt":"2021-06-11T04:00:48","guid":{"rendered":"https:\/\/www.lpdo.it\/?post_type=product&#038;p=140724"},"modified":"2026-02-24T10:18:23","modified_gmt":"2026-02-24T09:18:23","slug":"royal-tiare-100ml-edpi","status":"publish","type":"product","link":"https:\/\/www.lpdo.it\/de\/p\/royal-tiare-100ml-edpi\/","title":{"rendered":"K\u00f6nigliche Tiare 100ml EDPI"},"content":{"rendered":"<div class=\"type-block\">\n<div class=\"row\">\n<div class=\"col-md-4\">\n<p>    <img decoding=\"async\" src=\"https:\/\/www.lpdo.it\/wp-content\/themes\/lpdo\/images\/testa.svg\" alt=\"Note di Testa\" \/><\/p>\n<h5>KOPF<\/h5>\n<p>    Schwarzer Pfeffer, Ylang-Ylang<\/p><\/div>\n<div class=\"col-md-4\">\n<p>    <img decoding=\"async\" src=\"https:\/\/www.lpdo.it\/wp-content\/themes\/lpdo\/images\/cuore.svg\" alt=\"NOTE DI CUORE\" \/><\/p>\n<h5>HERZ<\/h5>\n<p>    Maigl\u00f6ckchen, Rose, Jasmin, Nelke<\/p><\/div>\n<div class=\"col-md-4\">\n<p>    <img decoding=\"async\" src=\"https:\/\/www.lpdo.it\/wp-content\/themes\/lpdo\/images\/fondo.svg\" alt=\"NOTE DI FONDO\" \/><\/p>\n<h5>UNTEN<\/h5>\n<p>    Moschus, Vanille, Amber, Zedernholz<\/p><\/div>\n<\/p><\/div>\n<\/p><\/div>","protected":false},"excerpt":{"rendered":"<p>Royal Tiar\u00e9 ist eine sanfte und intensive exotische Erfahrung.<br \/>Die Komposition er\u00f6ffnet mit einer Kopfnote, die die erhabene und unverwechselbare Kombination von Ylang-Ylang und schwarzem Pfeffer enth\u00e4lt.<br \/>Das blumige und lebendige Herz enth\u00e4lt die Zartheit der Maigl\u00f6ckchen und die F\u00fclle der Rose, die Kraft der Nelke und die Eleganz des Jasmins.<br \/>Die Basis aus Vanille, wei\u00dfem Moschus, Amber und Zedernholz verleiht diesem exotischen Duft Harmonie und Frische.<\/p>","protected":false},"featured_media":295303,"template":"","meta":[],"product_brand":[],"product_cat":[63],"product_tag":[],"class_list":{"0":"post-140724","1":"product","2":"type-product","3":"status-publish","4":"has-post-thumbnail","6":"product_cat-fragranze","8":"first","9":"instock","10":"shipping-taxable","11":"purchasable","12":"product-type-simple"},"_links":{"self":[{"href":"https:\/\/www.lpdo.it\/de\/wp-json\/wp\/v2\/product\/140724","targetHints":{"allow":["GET"]}}],"collection":[{"href":"https:\/\/www.lpdo.it\/de\/wp-json\/wp\/v2\/product"}],"about":[{"href":"https:\/\/www.lpdo.it\/de\/wp-json\/wp\/v2\/types\/product"}],"wp:featuredmedia":[{"embeddable":true,"href":"https:\/\/www.lpdo.it\/de\/wp-json\/wp\/v2\/media\/295303"}],"wp:attachment":[{"href":"https:\/\/www.lpdo.it\/de\/wp-json\/wp\/v2\/media?parent=140724"}],"wp:term":[{"taxonomy":"product_brand","embeddable":true,"href":"https:\/\/www.lpdo.it\/de\/wp-json\/wp\/v2\/product_brand?post=140724"},{"taxonomy":"product_cat","embeddable":true,"href":"https:\/\/www.lpdo.it\/de\/wp-json\/wp\/v2\/product_cat?post=140724"},{"taxonomy":"product_tag","embeddable":true,"href":"https:\/\/www.lpdo.it\/de\/wp-json\/wp\/v2\/product_tag?post=140724"}],"curies":[{"name":"wp","href":"https:\/\/api.w.org\/{rel}","templated":true}]}}