{"id":140729,"date":"2021-06-11T06:00:11","date_gmt":"2021-06-11T04:00:11","guid":{"rendered":"https:\/\/www.lpdo.it\/?post_type=product&#038;p=140729"},"modified":"2025-12-02T00:03:43","modified_gmt":"2025-12-01T23:03:43","slug":"soleil-desire-30ml-edpi","status":"publish","type":"product","link":"https:\/\/www.lpdo.it\/de\/p\/soleil-desire-30ml-edpi\/","title":{"rendered":"Soleil D\u00e9sire 30ml EDPI"},"content":{"rendered":"<div class=\"type-block\">\n<div class=\"row\">\n<div class=\"col-md-4\">\n<p>    <img decoding=\"async\" src=\"https:\/\/www.lpdo.it\/wp-content\/themes\/lpdo\/images\/testa.svg\" alt=\"Note di Testa\" \/><\/p>\n<h5>KOPF<\/h5>\n<p>    Mandarine, Bergamotte, Zitrone<\/p><\/div>\n<div class=\"col-md-4\">\n<p>    <img decoding=\"async\" src=\"https:\/\/www.lpdo.it\/wp-content\/themes\/lpdo\/images\/cuore.svg\" alt=\"NOTE DI CUORE\" \/><\/p>\n<h5>HERZ<\/h5>\n<p>    Maigl\u00f6ckchen, Birnensorbet, Salbei<\/p><\/div>\n<div class=\"col-md-4\">\n<p>    <img decoding=\"async\" src=\"https:\/\/www.lpdo.it\/wp-content\/themes\/lpdo\/images\/fondo.svg\" alt=\"NOTE DI FONDO\" \/><\/p>\n<h5>UNTEN<\/h5>\n<p>    Ambrette, Wei\u00dfer Moschus, Benzoe<\/p><\/div>\n<\/p><\/div>\n<\/p><\/div>","protected":false},"excerpt":{"rendered":"<p>Soleil D\u00e9sire ist ein frischer und angenehmer Sommerduft.<br \/>Die Komposition er\u00f6ffnet mit zitrischen Kopfnoten von Mandarine, Bergamotte und Zitrone, berauschend wie eine Sommerbrise.<br \/>Das sanfte Herz verbindet die Zartheit von Maigl\u00f6ckchen mit der Frische von Salbei und Birnensorbet.<br \/>Die Basis aus Ambrette, wei\u00dfem Moschus und Benzoe schlie\u00dft die Komposition ab und verleiht ihr eine umh\u00fcllende Struktur.<\/p>","protected":false},"featured_media":295326,"template":"","meta":[],"product_brand":[],"product_cat":[63],"product_tag":[],"class_list":{"0":"post-140729","1":"product","2":"type-product","3":"status-publish","4":"has-post-thumbnail","6":"product_cat-fragranze","8":"first","9":"outofstock","10":"shipping-taxable","11":"purchasable","12":"product-type-simple"},"_links":{"self":[{"href":"https:\/\/www.lpdo.it\/de\/wp-json\/wp\/v2\/product\/140729","targetHints":{"allow":["GET"]}}],"collection":[{"href":"https:\/\/www.lpdo.it\/de\/wp-json\/wp\/v2\/product"}],"about":[{"href":"https:\/\/www.lpdo.it\/de\/wp-json\/wp\/v2\/types\/product"}],"wp:featuredmedia":[{"embeddable":true,"href":"https:\/\/www.lpdo.it\/de\/wp-json\/wp\/v2\/media\/295326"}],"wp:attachment":[{"href":"https:\/\/www.lpdo.it\/de\/wp-json\/wp\/v2\/media?parent=140729"}],"wp:term":[{"taxonomy":"product_brand","embeddable":true,"href":"https:\/\/www.lpdo.it\/de\/wp-json\/wp\/v2\/product_brand?post=140729"},{"taxonomy":"product_cat","embeddable":true,"href":"https:\/\/www.lpdo.it\/de\/wp-json\/wp\/v2\/product_cat?post=140729"},{"taxonomy":"product_tag","embeddable":true,"href":"https:\/\/www.lpdo.it\/de\/wp-json\/wp\/v2\/product_tag?post=140729"}],"curies":[{"name":"wp","href":"https:\/\/api.w.org\/{rel}","templated":true}]}}