{"id":1918,"date":"2018-10-15T11:42:40","date_gmt":"2018-10-15T09:42:40","guid":{"rendered":"http:\/\/demo3.nexthelp.it\/?post_type=product&#038;p=1918"},"modified":"2025-12-02T00:03:08","modified_gmt":"2025-12-01T23:03:08","slug":"lpdo-excentrique-oud-100ml-edpi","status":"publish","type":"product","link":"https:\/\/www.lpdo.it\/de\/p\/lpdo-excentrique-oud-100ml-edpi\/","title":{"rendered":"Excentrique Oud 100ml EDPI"},"content":{"rendered":"<div class=\"container\">\n<div class=\"section\">\n<div class=\"section_content_detail\">\n<div id=\"cph_section_upd_dettaglio\">\n<div class=\"div_dett_image\">\n<div class=\"contain_tab_descriptions tab_dettaglio\">\n<div id=\"tab_scheda\" class=\"tab_c tab_c_current\">\n<article id=\"cph_section_descdett_contain\" class=\"descdettagliata_contain\">HEADNOTES<br \/>\nBergamotte, Himbeere<br \/>\nHERZENSANMERKUNGEN<br \/>\nAgarholz (Oud)<br \/>\nBODENANMERKUNGEN<br \/>\nMoos, Ambroxan<\/article>\n<\/div>\n<\/div>\n<\/div>\n<\/div>\n<\/div>\n<\/div>\n<\/div>","protected":false},"excerpt":{"rendered":"<p><span style=\"font-weight: 400;\">Eine moderne Interpretation von Oud. Vor den spritzigen Kopfnoten von Bergamotte und Himbeere ist Agarholz, auch Oud genannt, der Hauptbestandteil dieses luxuri\u00f6sen und einh\u00fcllenden Duftes. Ein Duft mit tiefen, orientalischen Obert\u00f6nen, die sich in einer einzigartigen und unverwechselbaren Spur entfalten.<\/span><\/p>","protected":false},"featured_media":295294,"template":"","meta":[],"product_brand":[],"product_cat":[63],"product_tag":[],"class_list":{"0":"post-1918","1":"product","2":"type-product","3":"status-publish","4":"has-post-thumbnail","6":"product_cat-fragranze","8":"first","9":"instock","10":"shipping-taxable","11":"purchasable","12":"product-type-simple"},"_links":{"self":[{"href":"https:\/\/www.lpdo.it\/de\/wp-json\/wp\/v2\/product\/1918","targetHints":{"allow":["GET"]}}],"collection":[{"href":"https:\/\/www.lpdo.it\/de\/wp-json\/wp\/v2\/product"}],"about":[{"href":"https:\/\/www.lpdo.it\/de\/wp-json\/wp\/v2\/types\/product"}],"wp:featuredmedia":[{"embeddable":true,"href":"https:\/\/www.lpdo.it\/de\/wp-json\/wp\/v2\/media\/295294"}],"wp:attachment":[{"href":"https:\/\/www.lpdo.it\/de\/wp-json\/wp\/v2\/media?parent=1918"}],"wp:term":[{"taxonomy":"product_brand","embeddable":true,"href":"https:\/\/www.lpdo.it\/de\/wp-json\/wp\/v2\/product_brand?post=1918"},{"taxonomy":"product_cat","embeddable":true,"href":"https:\/\/www.lpdo.it\/de\/wp-json\/wp\/v2\/product_cat?post=1918"},{"taxonomy":"product_tag","embeddable":true,"href":"https:\/\/www.lpdo.it\/de\/wp-json\/wp\/v2\/product_tag?post=1918"}],"curies":[{"name":"wp","href":"https:\/\/api.w.org\/{rel}","templated":true}]}}