{"id":214907,"date":"2022-04-19T00:01:34","date_gmt":"2022-04-18T22:01:34","guid":{"rendered":"https:\/\/www.lpdo.it\/?post_type=product&#038;p=214907"},"modified":"2025-12-02T00:03:41","modified_gmt":"2025-12-01T23:03:41","slug":"soul-sea-30ml-edpi","status":"publish","type":"product","link":"https:\/\/www.lpdo.it\/de\/p\/soul-sea-30ml-edpi\/","title":{"rendered":"Seele Meer 30ML EDPI"},"content":{"rendered":"<div class=\"type-block\">\n<div class=\"row\">\n<div class=\"col-md-4\">\n<p>    <img decoding=\"async\" src=\"https:\/\/www.lpdo.it\/wp-content\/themes\/lpdo\/images\/testa.svg\" alt=\"Note di Testa\" \/><\/p>\n<h5>KOPF<\/h5>\n<p>    Bergamotte, Lotusbl\u00fcte, Meeresbrise Akkord<\/p><\/div>\n<div class=\"col-md-4\">\n<p>    <img decoding=\"async\" src=\"https:\/\/www.lpdo.it\/wp-content\/themes\/lpdo\/images\/cuore.svg\" alt=\"NOTE DI CUORE\" \/><\/p>\n<h5>HERZ<\/h5>\n<p>    Seetang, wei\u00dfe Blumen, Pfeffer<\/p><\/div>\n<div class=\"col-md-4\">\n<p>    <img decoding=\"async\" src=\"https:\/\/www.lpdo.it\/wp-content\/themes\/lpdo\/images\/fondo.svg\" alt=\"NOTE DI FONDO\" \/><\/p>\n<h5>UNTEN<\/h5>\n<p>    Zedernholz, Marine Woods, Amber Accord<\/p><\/div>\n<\/p><\/div>\n<\/p><\/div>","protected":false},"excerpt":{"rendered":"<p>Soul Sea ist ein Duft, der die einfache, reine Seele des Meeres in sich tr\u00e4gt.<br \/>Die Komposition er\u00f6ffnet mit einem klaren Meeresbrise-Akkord in der Kopfnote, der von Bergamotte und Lotusblume erg\u00e4nzt wird.<br \/>Das Herz aus Seetang, wei\u00dfen Bl\u00fcten und Pfeffer ber\u00fchrt die Sinne und zieht sie in einen maritimen Strudel aus knackiger Frische.<br \/>Die Basisnoten aus Amber, Zedernholz und Meeresh\u00f6lzern verleihen dem Duft Kraft und den Atem und die nat\u00fcrliche Energie des Meeres.<\/p>","protected":false},"featured_media":295327,"template":"","meta":[],"product_brand":[],"product_cat":[63],"product_tag":[],"class_list":{"0":"post-214907","1":"product","2":"type-product","3":"status-publish","4":"has-post-thumbnail","6":"product_cat-fragranze","8":"first","9":"instock","10":"shipping-taxable","11":"purchasable","12":"product-type-simple"},"_links":{"self":[{"href":"https:\/\/www.lpdo.it\/de\/wp-json\/wp\/v2\/product\/214907","targetHints":{"allow":["GET"]}}],"collection":[{"href":"https:\/\/www.lpdo.it\/de\/wp-json\/wp\/v2\/product"}],"about":[{"href":"https:\/\/www.lpdo.it\/de\/wp-json\/wp\/v2\/types\/product"}],"wp:featuredmedia":[{"embeddable":true,"href":"https:\/\/www.lpdo.it\/de\/wp-json\/wp\/v2\/media\/295327"}],"wp:attachment":[{"href":"https:\/\/www.lpdo.it\/de\/wp-json\/wp\/v2\/media?parent=214907"}],"wp:term":[{"taxonomy":"product_brand","embeddable":true,"href":"https:\/\/www.lpdo.it\/de\/wp-json\/wp\/v2\/product_brand?post=214907"},{"taxonomy":"product_cat","embeddable":true,"href":"https:\/\/www.lpdo.it\/de\/wp-json\/wp\/v2\/product_cat?post=214907"},{"taxonomy":"product_tag","embeddable":true,"href":"https:\/\/www.lpdo.it\/de\/wp-json\/wp\/v2\/product_tag?post=214907"}],"curies":[{"name":"wp","href":"https:\/\/api.w.org\/{rel}","templated":true}]}}