{"id":214911,"date":"2022-04-19T00:01:51","date_gmt":"2022-04-18T22:01:51","guid":{"rendered":"https:\/\/www.lpdo.it\/?post_type=product&#038;p=214911"},"modified":"2025-12-02T00:03:41","modified_gmt":"2025-12-01T23:03:41","slug":"jardin-imperial-30ml-edpi","status":"publish","type":"product","link":"https:\/\/www.lpdo.it\/de\/p\/jardin-imperial-30ml-edpi\/","title":{"rendered":"Jardin Imp\u00e9rial 30ML EDPI"},"content":{"rendered":"<div class=\"type-block\">\n<div class=\"row\">\n<div class=\"col-md-4\">\n<p>    <img decoding=\"async\" src=\"https:\/\/www.lpdo.it\/wp-content\/themes\/lpdo\/images\/testa.svg\" alt=\"Note di Testa\" \/><\/p>\n<h5>KOPF<\/h5>\n<p>    Orange, Bergamotte, Zitrone aus Sizilien<\/p><\/div>\n<div class=\"col-md-4\">\n<p>    <img decoding=\"async\" src=\"https:\/\/www.lpdo.it\/wp-content\/themes\/lpdo\/images\/cuore.svg\" alt=\"NOTE DI CUORE\" \/><\/p>\n<h5>HERZ<\/h5>\n<p>    Mediterrane Fr\u00fcchte<\/p><\/div>\n<div class=\"col-md-4\">\n<p>    <img decoding=\"async\" src=\"https:\/\/www.lpdo.it\/wp-content\/themes\/lpdo\/images\/fondo.svg\" alt=\"NOTE DI FONDO\" \/><\/p>\n<h5>UNTEN<\/h5>\n<p>    Moschus, Vanille, Bernstein<\/p><\/div>\n<\/p><\/div>\n<\/p><\/div>","protected":false},"excerpt":{"rendered":"<p>Jardin Imp\u00e9rial ist die frische und lebendige Leichtigkeit mediterraner G\u00e4rten.<br \/>Die Komposition er\u00f6ffnet mit Kopfnoten von sizilianischer Zitrone und Bergamotte, die die S\u00fc\u00dfe der Orange beleben.<br \/>Die Herznote, strukturiert auf den Aromen mediterraner Fr\u00fcchte, ist eine Explosion der Leichtigkeit, die den lebendigen Charakter der Zitrusfr\u00fcchte hervorhebt.<br \/>Die Basisnoten aus Vanille, Moschus und Amber verleihen diesem lebendigen und leuchtenden Duft ein warmes und s\u00fc\u00dfes Gleichgewicht, wie in einem mediterranen Garten.<\/p>","protected":false},"featured_media":295320,"template":"","meta":[],"product_brand":[],"product_cat":[63],"product_tag":[],"class_list":{"0":"post-214911","1":"product","2":"type-product","3":"status-publish","4":"has-post-thumbnail","6":"product_cat-fragranze","8":"first","9":"instock","10":"shipping-taxable","11":"purchasable","12":"product-type-simple"},"_links":{"self":[{"href":"https:\/\/www.lpdo.it\/de\/wp-json\/wp\/v2\/product\/214911","targetHints":{"allow":["GET"]}}],"collection":[{"href":"https:\/\/www.lpdo.it\/de\/wp-json\/wp\/v2\/product"}],"about":[{"href":"https:\/\/www.lpdo.it\/de\/wp-json\/wp\/v2\/types\/product"}],"wp:featuredmedia":[{"embeddable":true,"href":"https:\/\/www.lpdo.it\/de\/wp-json\/wp\/v2\/media\/295320"}],"wp:attachment":[{"href":"https:\/\/www.lpdo.it\/de\/wp-json\/wp\/v2\/media?parent=214911"}],"wp:term":[{"taxonomy":"product_brand","embeddable":true,"href":"https:\/\/www.lpdo.it\/de\/wp-json\/wp\/v2\/product_brand?post=214911"},{"taxonomy":"product_cat","embeddable":true,"href":"https:\/\/www.lpdo.it\/de\/wp-json\/wp\/v2\/product_cat?post=214911"},{"taxonomy":"product_tag","embeddable":true,"href":"https:\/\/www.lpdo.it\/de\/wp-json\/wp\/v2\/product_tag?post=214911"}],"curies":[{"name":"wp","href":"https:\/\/api.w.org\/{rel}","templated":true}]}}