{"id":233830,"date":"2022-10-26T00:15:50","date_gmt":"2022-10-25T22:15:50","guid":{"rendered":"https:\/\/www.lpdo.it\/?post_type=product&#038;p=233830"},"modified":"2026-02-24T12:32:13","modified_gmt":"2026-02-24T11:32:13","slug":"rubin-fumee-30ml-edpi","status":"publish","type":"product","link":"https:\/\/www.lpdo.it\/de\/p\/rubin-fumee-30ml-edpi\/","title":{"rendered":"RUBIN FUM\u00c9E 30ML EDPI"},"content":{"rendered":"<div class=\"type-block\">\n<div class=\"row\">\n<div class=\"col-md-4\">\n<p>    <img decoding=\"async\" src=\"https:\/\/www.lpdo.it\/wp-content\/themes\/lpdo\/images\/testa.svg\" alt=\"Note di Testa\" \/><\/p>\n<h5>KOPF<\/h5>\n<p>    Aromatische Noten, Davana, Muskatnuss<\/p><\/div>\n<div class=\"col-md-4\">\n<p>    <img decoding=\"async\" src=\"https:\/\/www.lpdo.it\/wp-content\/themes\/lpdo\/images\/cuore.svg\" alt=\"NOTE DI CUORE\" \/><\/p>\n<h5>HERZ<\/h5>\n<p>    Blumige Noten, Weihrauch, Patchouli<\/p><\/div>\n<div class=\"col-md-4\">\n<p>    <img decoding=\"async\" src=\"https:\/\/www.lpdo.it\/wp-content\/themes\/lpdo\/images\/fondo.svg\" alt=\"NOTE DI FONDO\" \/><\/p>\n<h5>UNTEN<\/h5>\n<p>    Ambergris, Tonkabohne, Moschus, Gourmand-Akkorde<\/p><\/div>\n<\/p><\/div>\n<\/p><\/div>","protected":false},"excerpt":{"rendered":"<p>Rubin Fum\u00e9e ist die pure Sinnlichkeit des brennenden Feuers.<br \/>Die luxuri\u00f6se und stimmungsvolle Komposition er\u00f6ffnet mit einem sinnlichen Kopf aus warmen aromatischen Noten, die sich mit der holzigen Kraft von Davana und der w\u00fcrzigen W\u00e4rme von Muskatnuss verbinden.<br \/>Die Herznote ist rauchig und reichhaltig und ergibt sich aus dem Zusammentreffen von blumigen Noten, Weihrauch und scharfem Patchouli.<br \/>In der Basisnote, die umh\u00fcllend und strukturiert ist, bilden grauer Amber, Tonkabohne, Moschus und Gourmand-Akkorde eine untrennbare Verbindung.<\/p>","protected":false},"featured_media":295325,"template":"","meta":[],"product_brand":[],"product_cat":[63],"product_tag":[],"class_list":{"0":"post-233830","1":"product","2":"type-product","3":"status-publish","4":"has-post-thumbnail","6":"product_cat-fragranze","8":"first","9":"outofstock","10":"shipping-taxable","11":"purchasable","12":"product-type-simple"},"_links":{"self":[{"href":"https:\/\/www.lpdo.it\/de\/wp-json\/wp\/v2\/product\/233830","targetHints":{"allow":["GET"]}}],"collection":[{"href":"https:\/\/www.lpdo.it\/de\/wp-json\/wp\/v2\/product"}],"about":[{"href":"https:\/\/www.lpdo.it\/de\/wp-json\/wp\/v2\/types\/product"}],"wp:featuredmedia":[{"embeddable":true,"href":"https:\/\/www.lpdo.it\/de\/wp-json\/wp\/v2\/media\/295325"}],"wp:attachment":[{"href":"https:\/\/www.lpdo.it\/de\/wp-json\/wp\/v2\/media?parent=233830"}],"wp:term":[{"taxonomy":"product_brand","embeddable":true,"href":"https:\/\/www.lpdo.it\/de\/wp-json\/wp\/v2\/product_brand?post=233830"},{"taxonomy":"product_cat","embeddable":true,"href":"https:\/\/www.lpdo.it\/de\/wp-json\/wp\/v2\/product_cat?post=233830"},{"taxonomy":"product_tag","embeddable":true,"href":"https:\/\/www.lpdo.it\/de\/wp-json\/wp\/v2\/product_tag?post=233830"}],"curies":[{"name":"wp","href":"https:\/\/api.w.org\/{rel}","templated":true}]}}