{"id":252830,"date":"2023-04-26T15:45:12","date_gmt":"2023-04-26T13:45:12","guid":{"rendered":"https:\/\/www.lpdo.it\/?post_type=product&#038;p=252830"},"modified":"2025-12-02T00:03:05","modified_gmt":"2025-12-01T23:03:05","slug":"mystique-love-100ml-edpi","status":"publish","type":"product","link":"https:\/\/www.lpdo.it\/de\/p\/mystique-love-100ml-edpi\/","title":{"rendered":"MYSTIQUE LOVE 100ML EDPI"},"content":{"rendered":"<div class=\"type-block\">\n<div class=\"row\">\n<div class=\"col-md-4\">\n<p><img decoding=\"async\" src=\"https:\/\/www.lpdo.it\/wp-content\/themes\/lpdo\/images\/testa.svg\" alt=\"Note di Testa\" \/><\/p>\n<h5>KOPF<\/h5>\n<p>S\u00fc\u00dfe Orange, Bergamotte, Rosa Pfeffer<\/p>\n<\/div>\n<div class=\"col-md-4\">\n<p><img decoding=\"async\" src=\"https:\/\/www.lpdo.it\/wp-content\/themes\/lpdo\/images\/cuore.svg\" alt=\"NOTE DI CUORE\" \/><\/p>\n<h5>HERZ<\/h5>\n<p>Jasmin, Damaszener Rose, Scharfe Gew\u00fcrze<\/p>\n<\/div>\n<div class=\"col-md-4\">\n<p><img decoding=\"async\" src=\"https:\/\/www.lpdo.it\/wp-content\/themes\/lpdo\/images\/fondo.svg\" alt=\"NOTE DI FONDO\" \/><\/p>\n<h5>UNTEN<\/h5>\n<p>Vanille, Tonkabohne, Sandelholz, Zedernholz, Eichenmoos-Akkord, Amber<\/p>\n<\/div>\n<\/div>\n<\/div>","protected":false},"excerpt":{"rendered":"<p><span style=\"font-weight: 400;\">Mystique Love ist eine sofortige Dosis mystischer Liebe in Ihren H\u00e4nden.<br \/>\n<\/span><span style=\"font-weight: 400;\">Die reine und verf\u00fchrerische Komposition er\u00f6ffnet mit Kopfnoten von s\u00fc\u00dfer Orange, Bergamotte und rosa Pfeffer.<br \/>\n<\/span><span style=\"font-weight: 400;\">Die Herznote aus Rose und Jasmin umarmt mit ihrem Reichtum die umh\u00fcllende Eleganz warmer Gew\u00fcrze.<br \/>\n<\/span><span style=\"font-weight: 400;\">Die Basisnote, harmonisch und umh\u00fcllend, wird zum Botschafter des perfekten Gleichgewichts zwischen Vanille und Tonkabohne, Zedernholz und Sandelholz, Amber und Eichenmoosakkord. <\/span><\/p>","protected":false},"featured_media":295301,"template":"","meta":[],"product_brand":[],"product_cat":[63],"product_tag":[],"class_list":{"0":"post-252830","1":"product","2":"type-product","3":"status-publish","4":"has-post-thumbnail","6":"product_cat-fragranze","8":"first","9":"instock","10":"shipping-taxable","11":"purchasable","12":"product-type-simple"},"_links":{"self":[{"href":"https:\/\/www.lpdo.it\/de\/wp-json\/wp\/v2\/product\/252830","targetHints":{"allow":["GET"]}}],"collection":[{"href":"https:\/\/www.lpdo.it\/de\/wp-json\/wp\/v2\/product"}],"about":[{"href":"https:\/\/www.lpdo.it\/de\/wp-json\/wp\/v2\/types\/product"}],"wp:featuredmedia":[{"embeddable":true,"href":"https:\/\/www.lpdo.it\/de\/wp-json\/wp\/v2\/media\/295301"}],"wp:attachment":[{"href":"https:\/\/www.lpdo.it\/de\/wp-json\/wp\/v2\/media?parent=252830"}],"wp:term":[{"taxonomy":"product_brand","embeddable":true,"href":"https:\/\/www.lpdo.it\/de\/wp-json\/wp\/v2\/product_brand?post=252830"},{"taxonomy":"product_cat","embeddable":true,"href":"https:\/\/www.lpdo.it\/de\/wp-json\/wp\/v2\/product_cat?post=252830"},{"taxonomy":"product_tag","embeddable":true,"href":"https:\/\/www.lpdo.it\/de\/wp-json\/wp\/v2\/product_tag?post=252830"}],"curies":[{"name":"wp","href":"https:\/\/api.w.org\/{rel}","templated":true}]}}