{"id":252855,"date":"2023-04-26T17:21:01","date_gmt":"2023-04-26T15:21:01","guid":{"rendered":"https:\/\/www.lpdo.it\/?post_type=product&#038;p=252855"},"modified":"2025-12-02T00:03:40","modified_gmt":"2025-12-01T23:03:40","slug":"touche-30ml-edpi","status":"publish","type":"product","link":"https:\/\/www.lpdo.it\/de\/p\/touche-30ml-edpi\/","title":{"rendered":"TOUCH\u00c9 30ML EDPI"},"content":{"rendered":"<div class=\"type-block\">\n<div class=\"row\">\n<div class=\"col-md-4\">\n<p><img decoding=\"async\" src=\"https:\/\/www.lpdo.it\/wp-content\/themes\/lpdo\/images\/testa.svg\" alt=\"Note di Testa\" \/><\/p>\n<h5>KOPF<\/h5>\n<p>Rote Fr\u00fcchte, Maracuja, Pfirsich<\/p>\n<\/div>\n<div class=\"col-md-4\">\n<p><img decoding=\"async\" src=\"https:\/\/www.lpdo.it\/wp-content\/themes\/lpdo\/images\/cuore.svg\" alt=\"NOTE DI CUORE\" \/><\/p>\n<h5>HERZ<\/h5>\n<p>Heliotrop, Maigl\u00f6ckchen, Patchouli, Birne, Karamell <\/p>\n<\/div>\n<div class=\"col-md-4\">\n<p><img decoding=\"async\" src=\"https:\/\/www.lpdo.it\/wp-content\/themes\/lpdo\/images\/fondo.svg\" alt=\"NOTE DI FONDO\" \/><\/p>\n<h5>UNTEN<\/h5>\n<p>Moschus, Himbeere, grauer Bernstein, laktische Noten <\/p>\n<\/div>\n<\/div>\n<\/div>","protected":false},"excerpt":{"rendered":"<p>Touch\u00e9 ist eine fesselnde Dosis von Zauber und Geheimnis in Ihren H\u00e4nden.<br \/>\nDie frische und \u00fcppige Komposition besticht durch rote Fr\u00fcchte, Maracuja und Pfirsich.<br \/>\nDie \u00fcberzeugende Herznote kombiniert Heliotrop mit Maigl\u00f6ckchen und Patchouli mit Birne und verbindet alles mit einem s\u00fc\u00dfen, harmonischen Karamell.<br \/>\nDer geheimnisvolle und attraktive Fond verzaubert mit Moschus und Himbeere, grauem Amber und milchigen Noten.<\/p>","protected":false},"featured_media":295329,"template":"","meta":[],"product_brand":[],"product_cat":[63],"product_tag":[],"class_list":{"0":"post-252855","1":"product","2":"type-product","3":"status-publish","4":"has-post-thumbnail","6":"product_cat-fragranze","8":"first","9":"instock","10":"shipping-taxable","11":"purchasable","12":"product-type-simple"},"_links":{"self":[{"href":"https:\/\/www.lpdo.it\/de\/wp-json\/wp\/v2\/product\/252855","targetHints":{"allow":["GET"]}}],"collection":[{"href":"https:\/\/www.lpdo.it\/de\/wp-json\/wp\/v2\/product"}],"about":[{"href":"https:\/\/www.lpdo.it\/de\/wp-json\/wp\/v2\/types\/product"}],"wp:featuredmedia":[{"embeddable":true,"href":"https:\/\/www.lpdo.it\/de\/wp-json\/wp\/v2\/media\/295329"}],"wp:attachment":[{"href":"https:\/\/www.lpdo.it\/de\/wp-json\/wp\/v2\/media?parent=252855"}],"wp:term":[{"taxonomy":"product_brand","embeddable":true,"href":"https:\/\/www.lpdo.it\/de\/wp-json\/wp\/v2\/product_brand?post=252855"},{"taxonomy":"product_cat","embeddable":true,"href":"https:\/\/www.lpdo.it\/de\/wp-json\/wp\/v2\/product_cat?post=252855"},{"taxonomy":"product_tag","embeddable":true,"href":"https:\/\/www.lpdo.it\/de\/wp-json\/wp\/v2\/product_tag?post=252855"}],"curies":[{"name":"wp","href":"https:\/\/api.w.org\/{rel}","templated":true}]}}