{"id":301968,"date":"2024-03-13T12:37:46","date_gmt":"2024-03-13T11:37:46","guid":{"rendered":"https:\/\/www.lpdo.it\/?post_type=product&#038;p=301968"},"modified":"2025-12-02T00:03:40","modified_gmt":"2025-12-01T23:03:40","slug":"cherry-seduction-30ml-edpi","status":"publish","type":"product","link":"https:\/\/www.lpdo.it\/de\/p\/cherry-seduction-30ml-edpi\/","title":{"rendered":"KIRSCHE VERF\u00dcHRUNG 30ML EDPI"},"content":{"rendered":"<div class=\"type-block\">\n<div class=\"row\">\n<div class=\"col-md-4\">\n<p><img decoding=\"async\" src=\"https:\/\/www.lpdo.it\/wp-content\/themes\/lpdo\/images\/testa.svg\" alt=\"Note di Testa\" \/><\/p>\n<h5>KOPF<\/h5>\n<p>Amarena, Bittermandel, Lik\u00f6r<\/p>\n<\/div>\n<div class=\"col-md-4\">\n<p><img decoding=\"async\" src=\"https:\/\/www.lpdo.it\/wp-content\/themes\/lpdo\/images\/cuore.svg\" alt=\"NOTE DI CUORE\" \/><\/p>\n<h5>HERZ<\/h5>\n<p>Schwarze Kirsche, Pflaume, T\u00fcrkische Rose, Jasmin Sambac<\/p>\n<\/div>\n<div class=\"col-md-4\">\n<p><img decoding=\"async\" src=\"https:\/\/www.lpdo.it\/wp-content\/themes\/lpdo\/images\/fondo.svg\" alt=\"NOTE DI FONDO\" \/><\/p>\n<h5>UNTEN<\/h5>\n<p>Tonkabohne, Balsam von Peru, Zedernholz, Vetiver, Patchouli<\/p>\n<\/div>\n<\/div>\n<\/div>","protected":false},"excerpt":{"rendered":"<p>Cherry Seduction ist der Impuls einer aufrichtigen Begegnung mit der Verf\u00fchrung, sublimiert durch einen k\u00f6stlichen Kuss, in dem man sich verliert und hingibt.<br \/>\nDie entschlossene und verschmitzte Komposition \u00fcberw\u00e4ltigt mit ihren intensiven Kopfnoten von Schwarzkirsche, Bittermandel und Lik\u00f6r.<br \/>\nDie sinnliche und reichhaltige Herznote verf\u00fchrt mit fruchtigen und blumigen Noten von Schwarzkirsche und Pflaume, t\u00fcrkischer Rose und Sambac-Jasmin.<br \/>\nDie Basisnote, unwiderstehlich und samtig, besticht durch Noten von Tonkabohne und Balsam aus Peru, Zedernholz, Patchouli und Vetiver.<\/p>","protected":false},"featured_media":301959,"template":"","meta":[],"product_brand":[],"product_cat":[63],"product_tag":[],"class_list":{"0":"post-301968","1":"product","2":"type-product","3":"status-publish","4":"has-post-thumbnail","6":"product_cat-fragranze","8":"first","9":"instock","10":"shipping-taxable","11":"purchasable","12":"product-type-simple"},"_links":{"self":[{"href":"https:\/\/www.lpdo.it\/de\/wp-json\/wp\/v2\/product\/301968","targetHints":{"allow":["GET"]}}],"collection":[{"href":"https:\/\/www.lpdo.it\/de\/wp-json\/wp\/v2\/product"}],"about":[{"href":"https:\/\/www.lpdo.it\/de\/wp-json\/wp\/v2\/types\/product"}],"wp:featuredmedia":[{"embeddable":true,"href":"https:\/\/www.lpdo.it\/de\/wp-json\/wp\/v2\/media\/301959"}],"wp:attachment":[{"href":"https:\/\/www.lpdo.it\/de\/wp-json\/wp\/v2\/media?parent=301968"}],"wp:term":[{"taxonomy":"product_brand","embeddable":true,"href":"https:\/\/www.lpdo.it\/de\/wp-json\/wp\/v2\/product_brand?post=301968"},{"taxonomy":"product_cat","embeddable":true,"href":"https:\/\/www.lpdo.it\/de\/wp-json\/wp\/v2\/product_cat?post=301968"},{"taxonomy":"product_tag","embeddable":true,"href":"https:\/\/www.lpdo.it\/de\/wp-json\/wp\/v2\/product_tag?post=301968"}],"curies":[{"name":"wp","href":"https:\/\/api.w.org\/{rel}","templated":true}]}}