{"id":301971,"date":"2024-03-13T12:40:02","date_gmt":"2024-03-13T11:40:02","guid":{"rendered":"https:\/\/www.lpdo.it\/?post_type=product&#038;p=301971"},"modified":"2025-12-02T00:03:40","modified_gmt":"2025-12-01T23:03:40","slug":"joie-de-oud-30ml-edpi","status":"publish","type":"product","link":"https:\/\/www.lpdo.it\/de\/p\/joie-de-oud-30ml-edpi\/","title":{"rendered":"JOIE DE OUD 30ML EDPI"},"content":{"rendered":"<div class=\"type-block\">\n<div class=\"row\">\n<div class=\"col-md-4\">\n<p><img decoding=\"async\" src=\"https:\/\/www.lpdo.it\/wp-content\/themes\/lpdo\/images\/testa.svg\" alt=\"Note di Testa\" \/><\/p>\n<h5>KOPF<\/h5>\n<p>Oud, Schokoladenpraline, Safran, Puderzucker<\/p>\n<\/div>\n<div class=\"col-md-4\">\n<p><img decoding=\"async\" src=\"https:\/\/www.lpdo.it\/wp-content\/themes\/lpdo\/images\/cuore.svg\" alt=\"NOTE DI CUORE\" \/><\/p>\n<h5>HERZ<\/h5>\n<p>Sandelholz, Patchouli, Gew\u00fcrznelke<\/p>\n<\/div>\n<div class=\"col-md-4\">\n<p><img decoding=\"async\" src=\"https:\/\/www.lpdo.it\/wp-content\/themes\/lpdo\/images\/fondo.svg\" alt=\"NOTE DI FONDO\" \/><\/p>\n<h5>UNTEN<\/h5>\n<p>Wei\u00dfer Moschus, Vanille, grauer Bernstein<\/p>\n<\/div>\n<\/div>\n<\/div>","protected":false},"excerpt":{"rendered":"<p>Joie De Oud ist die Offenheit einer \u00e4therischen Begegnung mit der Freude, sublimiert durch einen unschuldigen Kuss, der lebendig verf\u00fchrt und \u00fcberrascht.<br \/>\nDie \u00e4therische und leuchtende Komposition begeistert mit ihren intensiven Kopfnoten aus Oud und Schokoladenpraline, Safran und Puderzucker.<br \/>\nDie Herznote, harmonisch und w\u00fcrzig, bet\u00f6rt mit Noten von Sandelholz, Patchouli und Nelke.<br \/>\nDie Basisnote, faszinierend und verf\u00fchrerisch, umh\u00fcllt mit Noten von wei\u00dfem Moschus, Vanille und grauem Amber.<\/p>","protected":false},"featured_media":301960,"template":"","meta":[],"product_brand":[],"product_cat":[63],"product_tag":[],"class_list":{"0":"post-301971","1":"product","2":"type-product","3":"status-publish","4":"has-post-thumbnail","6":"product_cat-fragranze","8":"first","9":"instock","10":"shipping-taxable","11":"purchasable","12":"product-type-simple"},"_links":{"self":[{"href":"https:\/\/www.lpdo.it\/de\/wp-json\/wp\/v2\/product\/301971","targetHints":{"allow":["GET"]}}],"collection":[{"href":"https:\/\/www.lpdo.it\/de\/wp-json\/wp\/v2\/product"}],"about":[{"href":"https:\/\/www.lpdo.it\/de\/wp-json\/wp\/v2\/types\/product"}],"wp:featuredmedia":[{"embeddable":true,"href":"https:\/\/www.lpdo.it\/de\/wp-json\/wp\/v2\/media\/301960"}],"wp:attachment":[{"href":"https:\/\/www.lpdo.it\/de\/wp-json\/wp\/v2\/media?parent=301971"}],"wp:term":[{"taxonomy":"product_brand","embeddable":true,"href":"https:\/\/www.lpdo.it\/de\/wp-json\/wp\/v2\/product_brand?post=301971"},{"taxonomy":"product_cat","embeddable":true,"href":"https:\/\/www.lpdo.it\/de\/wp-json\/wp\/v2\/product_cat?post=301971"},{"taxonomy":"product_tag","embeddable":true,"href":"https:\/\/www.lpdo.it\/de\/wp-json\/wp\/v2\/product_tag?post=301971"}],"curies":[{"name":"wp","href":"https:\/\/api.w.org\/{rel}","templated":true}]}}