{"id":402791,"date":"2025-02-21T02:22:58","date_gmt":"2025-02-21T01:22:58","guid":{"rendered":"https:\/\/www.lpdo.it\/?post_type=product&#038;p=402791"},"modified":"2025-12-02T00:03:04","modified_gmt":"2025-12-01T23:03:04","slug":"pistachio-bon-bon-100ml-edpi","status":"publish","type":"product","link":"https:\/\/www.lpdo.it\/de\/p\/pistachio-bon-bon-100ml-edpi\/","title":{"rendered":"PISTAZIENBONBON 100ML EDPI"},"content":{"rendered":"<div class=\"type-block\">\n<div class=\"row\">\n<div class=\"col-md-4\">\n<p><img decoding=\"async\" src=\"https:\/\/www.lpdo.it\/wp-content\/themes\/lpdo\/images\/testa.svg\" alt=\"Note di Testa\" \/><\/p>\n<h5>KOPF<\/h5>\n<p>Bergamotte, Pistazie, Pfirsich, Kardamom, Himbeere<\/p>\n<\/div>\n<div class=\"col-md-4\">\n<p><img decoding=\"async\" src=\"https:\/\/www.lpdo.it\/wp-content\/themes\/lpdo\/images\/cuore.svg\" alt=\"NOTE DI CUORE\" \/><\/p>\n<h5>HERZ<\/h5>\n<p>Wei\u00dfe Blumen, Heliotrop, Maigl\u00f6ckchen, Veilchen, Geranie<\/p>\n<\/div>\n<div class=\"col-md-4\">\n<p><img decoding=\"async\" src=\"https:\/\/www.lpdo.it\/wp-content\/themes\/lpdo\/images\/fondo.svg\" alt=\"NOTE DI FONDO\" \/><\/p>\n<h5>UNTEN<\/h5>\n<p>Schlagsahne, Vanille, Karamell, Tonkabohne, Sandelholz<\/p>\n<\/div>\n<\/div>\n<\/div>","protected":false},"excerpt":{"rendered":"<p>Ein k\u00f6stlicher Duft, der mit seiner unwiderstehlichen, intensiven und cremigen Pistaziennote begeistert.<br \/>\nDie s\u00fc\u00dfe und lebendige Komposition verf\u00fchrt mit der Kopfnote aus Pistazie, Bergamotte, Pfirsich, Himbeere und Kardamom. Die Herznote, zart und anmutig, verzaubert mit Noten von wei\u00dfen Bl\u00fcten, Heliotrop, Maigl\u00f6ckchen, Veilchen und Geranie. Die Basisnote, frisch und cremig, erfreut mit Noten von Schlagsahne, Vanille, Karamell, Tonkabohne und Sandelholz.<\/p>","protected":false},"featured_media":402797,"template":"","meta":[],"product_brand":[],"product_cat":[63],"product_tag":[],"class_list":{"0":"post-402791","1":"product","2":"type-product","3":"status-publish","4":"has-post-thumbnail","6":"product_cat-fragranze","8":"first","9":"instock","10":"shipping-taxable","11":"purchasable","12":"product-type-simple"},"_links":{"self":[{"href":"https:\/\/www.lpdo.it\/de\/wp-json\/wp\/v2\/product\/402791","targetHints":{"allow":["GET"]}}],"collection":[{"href":"https:\/\/www.lpdo.it\/de\/wp-json\/wp\/v2\/product"}],"about":[{"href":"https:\/\/www.lpdo.it\/de\/wp-json\/wp\/v2\/types\/product"}],"wp:featuredmedia":[{"embeddable":true,"href":"https:\/\/www.lpdo.it\/de\/wp-json\/wp\/v2\/media\/402797"}],"wp:attachment":[{"href":"https:\/\/www.lpdo.it\/de\/wp-json\/wp\/v2\/media?parent=402791"}],"wp:term":[{"taxonomy":"product_brand","embeddable":true,"href":"https:\/\/www.lpdo.it\/de\/wp-json\/wp\/v2\/product_brand?post=402791"},{"taxonomy":"product_cat","embeddable":true,"href":"https:\/\/www.lpdo.it\/de\/wp-json\/wp\/v2\/product_cat?post=402791"},{"taxonomy":"product_tag","embeddable":true,"href":"https:\/\/www.lpdo.it\/de\/wp-json\/wp\/v2\/product_tag?post=402791"}],"curies":[{"name":"wp","href":"https:\/\/api.w.org\/{rel}","templated":true}]}}