{"id":437256,"date":"2025-06-23T09:11:14","date_gmt":"2025-06-23T07:11:14","guid":{"rendered":"https:\/\/www.lpdo.it\/?post_type=product&#038;p=437256"},"modified":"2025-12-02T00:04:19","modified_gmt":"2025-12-01T23:04:19","slug":"pesca-crumble-250ml","status":"publish","type":"product","link":"https:\/\/www.lpdo.it\/de\/p\/pesca-crumble-250ml\/","title":{"rendered":"PFIRSICHSTREUSEL 250ML"},"content":{"rendered":"<div class=\"type-block\">\n<div class=\"row\">\n<div class=\"col-md-4\">\n<p><img decoding=\"async\" src=\"https:\/\/www.lpdo.it\/wp-content\/themes\/lpdo\/images\/testa.svg\" alt=\"Note di Testa\" \/><\/p>\n<h5>KOPF<\/h5>\n<p>Pfirsich, Kirschbl\u00fcte, Roter Apfel<\/p>\n<\/div>\n<div class=\"col-md-4\">\n<p><img decoding=\"async\" src=\"https:\/\/www.lpdo.it\/wp-content\/themes\/lpdo\/images\/cuore.svg\" alt=\"NOTE DI CUORE\" \/><\/p>\n<h5>HERZ<\/h5>\n<p>Flieder, Jasmin, Maigl\u00f6ckchen<\/p>\n<\/div>\n<div class=\"col-md-4\">\n<p><img decoding=\"async\" src=\"https:\/\/www.lpdo.it\/wp-content\/themes\/lpdo\/images\/fondo.svg\" alt=\"NOTE DI FONDO\" \/><\/p>\n<h5>UNTEN<\/h5>\n<p>Tamarinde, Moschus, Wei\u00dfe H\u00f6lzer<\/p>\n<\/div>\n<\/div>\n<\/div>","protected":false},"excerpt":{"rendered":"<p>Stellen Sie sich einen knusprigen Tamarinden-Bl\u00e4tterteig mit einer cremigen F\u00fcllung vor, die durch k\u00f6stliche Pfirsichst\u00fccke sublimiert wird.<br \/>\nMit unserem Peach Crumble Body Spray ist es jeden Tag ein bisschen wie bei Breakfast at Tiffany's!<br \/>\nEine Komposition zum Anbei\u00dfen mit Kopfnoten von Pfirsich und rotem Apfel, einem zarten Maigl\u00f6ckchenherz und einer berauschenden Basis aus Tamarinde und Moschus.<\/p>","protected":false},"featured_media":437247,"template":"","meta":[],"product_brand":[],"product_cat":[84],"product_tag":[],"class_list":{"0":"post-437256","1":"product","2":"type-product","3":"status-publish","4":"has-post-thumbnail","6":"product_cat-body-spray","8":"first","9":"instock","10":"shipping-taxable","11":"purchasable","12":"product-type-simple"},"_links":{"self":[{"href":"https:\/\/www.lpdo.it\/de\/wp-json\/wp\/v2\/product\/437256","targetHints":{"allow":["GET"]}}],"collection":[{"href":"https:\/\/www.lpdo.it\/de\/wp-json\/wp\/v2\/product"}],"about":[{"href":"https:\/\/www.lpdo.it\/de\/wp-json\/wp\/v2\/types\/product"}],"wp:featuredmedia":[{"embeddable":true,"href":"https:\/\/www.lpdo.it\/de\/wp-json\/wp\/v2\/media\/437247"}],"wp:attachment":[{"href":"https:\/\/www.lpdo.it\/de\/wp-json\/wp\/v2\/media?parent=437256"}],"wp:term":[{"taxonomy":"product_brand","embeddable":true,"href":"https:\/\/www.lpdo.it\/de\/wp-json\/wp\/v2\/product_brand?post=437256"},{"taxonomy":"product_cat","embeddable":true,"href":"https:\/\/www.lpdo.it\/de\/wp-json\/wp\/v2\/product_cat?post=437256"},{"taxonomy":"product_tag","embeddable":true,"href":"https:\/\/www.lpdo.it\/de\/wp-json\/wp\/v2\/product_tag?post=437256"}],"curies":[{"name":"wp","href":"https:\/\/api.w.org\/{rel}","templated":true}]}}