{"id":511154,"date":"2026-03-06T12:32:08","date_gmt":"2026-03-06T11:32:08","guid":{"rendered":"https:\/\/www.lpdo.it\/?post_type=product&#038;p=511154"},"modified":"2026-03-06T12:32:08","modified_gmt":"2026-03-06T11:32:08","slug":"nana-vice-30ml-edpi","status":"publish","type":"product","link":"https:\/\/www.lpdo.it\/de\/p\/nana-vice-30ml-edpi\/","title":{"rendered":"NANA VICE 30ML EDPI"},"content":{"rendered":"<div class=\"type-block\">\n<div class=\"row\">\n<div class=\"col-md-4\">\n<p><img decoding=\"async\" src=\"https:\/\/www.lpdo.it\/wp-content\/themes\/lpdo\/images\/testa.svg\" alt=\"Note di Testa\" \/><\/p>\n<h5>KOPF<\/h5>\n<p>Kaffee, Mandel, Muskatnuss, Zimt<\/p>\n<\/div>\n<div class=\"col-md-4\">\n<p><img decoding=\"async\" src=\"https:\/\/www.lpdo.it\/wp-content\/themes\/lpdo\/images\/cuore.svg\" alt=\"NOTE DI CUORE\" \/><\/p>\n<h5>HERZ<\/h5>\n<p>Banane, Vanille, Tonkabohne, Karamell<\/p>\n<\/div>\n<div class=\"col-md-4\">\n<p><img decoding=\"async\" src=\"https:\/\/www.lpdo.it\/wp-content\/themes\/lpdo\/images\/fondo.svg\" alt=\"NOTE DI FONDO\" \/><\/p>\n<h5>UNTEN<\/h5>\n<p>Patchouli, Kaschmirholz, Grauer Amber, Cypriol\u00f6l, Moschus<\/p>\n<\/div>\n<\/div>\n<\/div>","protected":false},"excerpt":{"rendered":"<p>Nana Vice ist ein k\u00fchner und umh\u00fcllender Duft, der mit seinem fruchtig-aromatischen Charakter \u00fcberrascht \u2013 intensiv, modern und zeitgem\u00e4\u00df.<br \/>\nDie Komposition er\u00f6ffnet mit aromatischen und w\u00fcrzigen Noten von Kaffee und Mandel, erw\u00e4rmt durch Muskatnuss und Zimt, die einen entschlossenen und faszinierenden Auftakt schaffen.<br \/>\nDas cremige, fruchtige Herz offenbart einen unerwarteten Akkord aus Banane, Vanille, Tonkabohne und Karamell und kreiert eine weiche, magnetische Duftspur.<br \/>\nDie Basis, tief und strukturiert, umh\u00fcllt mit Patchouli, Kaschmirholz, grauem Amber, Cypriol\u00f6l und Moschus und verleiht Charakter und langanhaltende Pr\u00e4senz.<\/p>","protected":false},"featured_media":511155,"template":"","meta":[],"product_brand":[],"product_cat":[63],"product_tag":[],"class_list":{"0":"post-511154","1":"product","2":"type-product","3":"status-publish","4":"has-post-thumbnail","6":"product_cat-fragranze","8":"first","9":"instock","10":"shipping-taxable","11":"purchasable","12":"product-type-simple"},"_links":{"self":[{"href":"https:\/\/www.lpdo.it\/de\/wp-json\/wp\/v2\/product\/511154","targetHints":{"allow":["GET"]}}],"collection":[{"href":"https:\/\/www.lpdo.it\/de\/wp-json\/wp\/v2\/product"}],"about":[{"href":"https:\/\/www.lpdo.it\/de\/wp-json\/wp\/v2\/types\/product"}],"wp:featuredmedia":[{"embeddable":true,"href":"https:\/\/www.lpdo.it\/de\/wp-json\/wp\/v2\/media\/511155"}],"wp:attachment":[{"href":"https:\/\/www.lpdo.it\/de\/wp-json\/wp\/v2\/media?parent=511154"}],"wp:term":[{"taxonomy":"product_brand","embeddable":true,"href":"https:\/\/www.lpdo.it\/de\/wp-json\/wp\/v2\/product_brand?post=511154"},{"taxonomy":"product_cat","embeddable":true,"href":"https:\/\/www.lpdo.it\/de\/wp-json\/wp\/v2\/product_cat?post=511154"},{"taxonomy":"product_tag","embeddable":true,"href":"https:\/\/www.lpdo.it\/de\/wp-json\/wp\/v2\/product_tag?post=511154"}],"curies":[{"name":"wp","href":"https:\/\/api.w.org\/{rel}","templated":true}]}}