{"id":511211,"date":"2026-03-06T12:32:08","date_gmt":"2026-03-06T11:32:08","guid":{"rendered":"https:\/\/www.lpdo.it\/?post_type=product&#038;p=511211"},"modified":"2026-04-21T14:48:33","modified_gmt":"2026-04-21T12:48:33","slug":"mini-set-completo-nuove-fragranze-lpdo-2026","status":"publish","type":"product","link":"https:\/\/www.lpdo.it\/de\/p\/mini-set-completo-nuove-fragranze-lpdo-2026\/","title":{"rendered":"MINI SET \u2013 KOMPLETTE NEUE LPDO-D\u00dcFTE 2026"},"content":{"rendered":"","protected":false},"excerpt":{"rendered":"<p>Kaufe das Mini Set der neuen LPDO-D\u00fcfte 2026 mit kostenlosem Versand.<\/p>\n<p>Im Set enthalten sind 4 Proben \u00e0 2 ml von Nana Vice, Vanilla Tonic, Tuberosa Nova und Oud Samba.<\/p>\n<p>Zusammen mit dem Samples Set erh\u00e4ltst du einen 20 % Rabattcode f\u00fcr deinen n\u00e4chsten Einkauf.<\/p>\n<p>Der Rabattcode ist g\u00fcltig bei einem Mindestbestellwert von 25 \u20ac.<\/p>","protected":false},"featured_media":511465,"template":"","meta":[],"product_brand":[],"product_cat":[64],"product_tag":[],"class_list":{"0":"post-511211","1":"product","2":"type-product","3":"status-publish","4":"has-post-thumbnail","6":"product_cat-sample-set","7":"product_shipping_class-samples-set","9":"first","10":"instock","11":"shipping-taxable","12":"purchasable","13":"product-type-simple"},"_links":{"self":[{"href":"https:\/\/www.lpdo.it\/de\/wp-json\/wp\/v2\/product\/511211","targetHints":{"allow":["GET"]}}],"collection":[{"href":"https:\/\/www.lpdo.it\/de\/wp-json\/wp\/v2\/product"}],"about":[{"href":"https:\/\/www.lpdo.it\/de\/wp-json\/wp\/v2\/types\/product"}],"wp:featuredmedia":[{"embeddable":true,"href":"https:\/\/www.lpdo.it\/de\/wp-json\/wp\/v2\/media\/511465"}],"wp:attachment":[{"href":"https:\/\/www.lpdo.it\/de\/wp-json\/wp\/v2\/media?parent=511211"}],"wp:term":[{"taxonomy":"product_brand","embeddable":true,"href":"https:\/\/www.lpdo.it\/de\/wp-json\/wp\/v2\/product_brand?post=511211"},{"taxonomy":"product_cat","embeddable":true,"href":"https:\/\/www.lpdo.it\/de\/wp-json\/wp\/v2\/product_cat?post=511211"},{"taxonomy":"product_tag","embeddable":true,"href":"https:\/\/www.lpdo.it\/de\/wp-json\/wp\/v2\/product_tag?post=511211"}],"curies":[{"name":"wp","href":"https:\/\/api.w.org\/{rel}","templated":true}]}}