{"id":2033,"date":"2018-12-01T18:45:42","date_gmt":"2018-12-01T17:45:42","guid":{"rendered":"http:\/\/demo3.nexthelp.it\/?page_id=2033"},"modified":"2025-07-18T14:51:16","modified_gmt":"2025-07-18T12:51:16","slug":"pagamenti-sicuri","status":"publish","type":"page","link":"https:\/\/www.lpdo.it\/es\/pagamenti-sicuri\/","title":{"rendered":"Pagos seguros"},"content":{"rendered":"<div>\n<div>\n<h2 style=\"text-align: center;\">AQU\u00cd TE INDICAMOS C\u00d3MO REALIZAR TUS PAGOS EN LPDO<\/h2>\n<p>S\u00ed, todos los precios de venta de los productos expuestos e indicados en el sitio web incluyen el IVA y cualquier otro impuesto.<\/p>\n<p>S\u00ed, el env\u00edo es gratis.<\/p>\n<h3>MODALIDAD DE PAGO<\/h3>\n<p>Una vez completado el formulario de pedido, tienes a tu disposici\u00f3n los siguientes m\u00e9todos de pago para completar la fase de compra:<\/p>\n<ul>\n<li><strong>Tarjeta de cr\u00e9dito, tarjeta prepago o Postepay<\/strong><\/li>\n<\/ul>\n<p>De esta forma, el importe de tu pedido se mostrar\u00e1 de inmediato y la mercanc\u00eda, sujeto a disponibilidad de los productos, se enviar\u00e1 el siguiente d\u00eda laborable.<\/p>\n<ul>\n<li><strong>Transferencia bancaria<\/strong><\/li>\n<\/ul>\n<p>De esta forma, tan pronto como el importe se haya abonado en la cuenta de referencia, nos comprometemos a enviar la mercanc\u00eda sin demora, sujeto a disponibilidad de los productos.<\/p>\n<ul>\n<li><strong>PayPal<\/strong><\/li>\n<\/ul>\n<p>De esta forma, el importe de tu pedido se mostrar\u00e1 de inmediato y la mercanc\u00eda, sujeto a disponibilidad de los productos, se enviar\u00e1 el siguiente d\u00eda laborable.<\/p>\n<div class=\"remove\">\n<ul>\n<li><strong>Pagamento alla Consegna<\/strong><\/li>\n<\/ul>\n<p>In questo modo, all&#8217;importo dell&#8217;ordine da pagare in contanti al corriere vanno aggiunti i \u20ac2,99 di contrassegno. Salvo disponibilit\u00e0 dei prodotti, l&#8217;ordine partir\u00e0 entro il giorno lavorativo successivo.<\/p>\n<ul>\n<li><strong>ScalaPay<\/strong><\/li>\n<\/ul>\n<p>In questo modo, potrai pagare il tuo ordine in 3 comode rate uguali e con scadenza mensile. Il servizio non avr\u00e0 costi aggiuntivi per te e, solo la prima rata, ti verr\u00e0 addebbita all&#8217;atto dell&#8217;acquisto. Salvo disponibilit\u00e0 dei prodotti, l&#8217;ordine partir\u00e0 entro il giorno lavorativo successivo.<\/p>\n<\/div>\n<\/div><\/div>\n\n\n\n<p><\/p>","protected":false},"excerpt":{"rendered":"<p>ECCO COME EFFETTUARE I TUOI PAGAMENTI SU LPDO S\u00ec, tutti i prezzi di vendita dei prodotti esposti ed indicati all\u2019interno<\/p>","protected":false},"author":1,"featured_media":0,"parent":0,"menu_order":0,"comment_status":"closed","ping_status":"closed","template":"","meta":{"footnotes":""},"class_list":["post-2033","page","type-page","status-publish","hentry"],"_links":{"self":[{"href":"https:\/\/www.lpdo.it\/es\/wp-json\/wp\/v2\/pages\/2033","targetHints":{"allow":["GET"]}}],"collection":[{"href":"https:\/\/www.lpdo.it\/es\/wp-json\/wp\/v2\/pages"}],"about":[{"href":"https:\/\/www.lpdo.it\/es\/wp-json\/wp\/v2\/types\/page"}],"author":[{"embeddable":true,"href":"https:\/\/www.lpdo.it\/es\/wp-json\/wp\/v2\/users\/1"}],"replies":[{"embeddable":true,"href":"https:\/\/www.lpdo.it\/es\/wp-json\/wp\/v2\/comments?post=2033"}],"version-history":[{"count":3,"href":"https:\/\/www.lpdo.it\/es\/wp-json\/wp\/v2\/pages\/2033\/revisions"}],"predecessor-version":[{"id":449922,"href":"https:\/\/www.lpdo.it\/es\/wp-json\/wp\/v2\/pages\/2033\/revisions\/449922"}],"wp:attachment":[{"href":"https:\/\/www.lpdo.it\/es\/wp-json\/wp\/v2\/media?parent=2033"}],"curies":[{"name":"wp","href":"https:\/\/api.w.org\/{rel}","templated":true}]}}