{"id":2276,"date":"2019-01-10T00:34:59","date_gmt":"2019-01-09T23:34:59","guid":{"rendered":"https:\/\/www.lpdo.it\/?page_id=2276"},"modified":"2023-04-14T11:13:48","modified_gmt":"2023-04-14T09:13:48","slug":"politica-dei-cookie","status":"publish","type":"page","link":"https:\/\/www.lpdo.it\/es\/politica-dei-cookie\/","title":{"rendered":"Pol\u00edtica de cookies"},"content":{"rendered":"<p>L&#8217;accesso al sito www.lpdo.it pu\u00f2 comportare l&#8217;invio, da parte dei nostri server al pc dell&#8217;utente, dei cosiddetti &#8220;cookies&#8221;, ossia di files che consentono di ottenere informazioni sulle pagine visitate al fine di rendere pi\u00f9 veloce l&#8217;utilizzo dei vari servizi.<br \/>\nDremar PArfum International abbina le informazioni raccolte dai cookie ad altri dati forniti da lei su di s\u00e9 o di altro tipo raccolti ai fini riportati nella nostra Informativa privacy.<br \/>\nSe non vuole il nostro sito non collochi cookie nel suo dispositivo, pu\u00f2 rifiutare il loro impiego attraverso le impostazioni del suo browser.<br \/>\nIn tal caso non garantiamo la corretta fruizione dei servizi offerti sul sito www.lpdo.it.<\/p>\n<h2>Finalit\u00e0 e tipologie dei cookie<\/h2>\n<p>In base alla funzione e alla finalit\u00e0 di utilizzo, i cookie possono suddividersi in cookie tecnici, cookie di profilazione, cookie di terze parti.<\/p>\n<h3>Cookie tecnici<\/h3>\n<p>Sono cookie utilizzati per eseguire autenticazioni informatiche, monitoraggio di sessioni e memorizzazione di informazioni specifiche sugli utenti che accedono ad una pagina web.<br \/>\nQuesti cookie sono spesso utili, perch\u00e9 possono rendere pi\u00f9 veloce e rapida la navigazione e fruizione del web, perch\u00e9 ad esempio intervengono a facilitare alcune procedure per fare acquisti online o per le autenticazioni ad aree ad accesso riservato. Una particolare tipologia di cookie tecnici, detti analytics, vengono poi utilizzati per raccogliere informazioni, in forma aggregata, sul numero degli utenti e su come questi visitano il sito stesso, e quindi elaborare statistiche generali sul servizio e sul suo utilizzo.<\/p>\n<h3>Cookie di profilazione<\/h3>\n<p>I cookie di profilazione invece possono essere utilizzati per monitorare e profilare gli utenti durante la navigazione, studiare i loro movimenti e abitudini di consultazione del web o di consumo , anche allo scopo di inviare pubblicit\u00e0 di servizi mirati e personalizzati.<\/p>\n<h3>Cookie di terze parti<\/h3>\n<p>I cookie di terze parti sono cookie provenienti da altri siti e contenuti in vari elementi ospitati sulla pagina stessa, come ad esempio banner pubblicitari, immagini, video, ecc.. Detti cookie sono impostati direttamente da gestori di siti web o server diversi dal Sito www.lpdo.it<br \/>\nDi seguito i link alle informazioni sui cookie di terze parti:<\/p>\n<p><a href=\"https:\/\/it-it.facebook.com\/policies\/cookies\/\" target=\"_blank\" rel=\"noopener noreferrer\">Facebook<\/a><br \/>\n<a href=\"https:\/\/policies.google.com\/technologies\/types?hl=it\" target=\"_blank\" rel=\"noopener noreferrer\">Google<\/a><\/p>\n<h2>Tabella Cookie<\/h2>\n<p>[\/fusion_text][fusion_table]<\/p>\n<div class=\"table-2\">\n<table width=\"100%\">\n<thead>\n<tr>\n<th align=\"left\">Nome<\/th>\n<th align=\"left\">Fornitore<\/th>\n<th align=\"left\">Scopo<\/th>\n<th align=\"left\">Scadenza<\/th>\n<th align=\"left\">Tipo<\/th>\n<\/tr>\n<\/thead>\n<tbody>\n<tr>\n<td align=\"left\">CookieConsent<\/td>\n<td align=\"left\">lpdo.it<\/td>\n<td align=\"left\">Memorizza lo stato del consenso ai cookie dell&#8217;utente per il dominio corrente<\/td>\n<td align=\"left\">1 anno<\/td>\n<td align=\"left\">HTTP<\/td>\n<\/tr>\n<tr>\n<td align=\"left\">wordpress_test_cookie<\/td>\n<td align=\"left\">lpdo.it<\/td>\n<td align=\"left\">Utilizzato per verificare se il browser dell&#8217;utente supporta i cookie.<\/td>\n<td align=\"left\">ogni sessione<\/td>\n<td align=\"left\">HTTP<\/td>\n<\/tr>\n<tr>\n<td align=\"left\">impression.php\/#<\/td>\n<td align=\"left\">facebook.com<\/td>\n<td align=\"left\">Usato da Facebook per registrare le impressioni sulle pagine con il bottone &#8220;Facebook login&#8221;<\/td>\n<td align=\"left\">ogni sessione<\/td>\n<td align=\"left\">Pixel<\/td>\n<\/tr>\n<tr>\n<td align=\"left\">swpm_session<\/td>\n<td align=\"left\">lpdo.it<\/td>\n<td align=\"left\">Memorizza la sessione di accesso al pannello utente<\/td>\n<td align=\"left\">ogni sessione<\/td>\n<td align=\"left\">HTTP<\/td>\n<\/tr>\n<\/tbody>\n<\/table>\n<\/div>\n","protected":false},"excerpt":{"rendered":"<p>L&#8217;accesso al sito www.lpdo.it pu\u00f2 comportare l&#8217;invio, da parte dei nostri server al pc dell&#8217;utente, dei cosiddetti &#8220;cookies&#8221;, ossia di<\/p>","protected":false},"author":1,"featured_media":0,"parent":0,"menu_order":0,"comment_status":"closed","ping_status":"closed","template":"","meta":{"footnotes":""},"class_list":["post-2276","page","type-page","status-publish","hentry"],"_links":{"self":[{"href":"https:\/\/www.lpdo.it\/es\/wp-json\/wp\/v2\/pages\/2276","targetHints":{"allow":["GET"]}}],"collection":[{"href":"https:\/\/www.lpdo.it\/es\/wp-json\/wp\/v2\/pages"}],"about":[{"href":"https:\/\/www.lpdo.it\/es\/wp-json\/wp\/v2\/types\/page"}],"author":[{"embeddable":true,"href":"https:\/\/www.lpdo.it\/es\/wp-json\/wp\/v2\/users\/1"}],"replies":[{"embeddable":true,"href":"https:\/\/www.lpdo.it\/es\/wp-json\/wp\/v2\/comments?post=2276"}],"version-history":[{"count":4,"href":"https:\/\/www.lpdo.it\/es\/wp-json\/wp\/v2\/pages\/2276\/revisions"}],"predecessor-version":[{"id":429318,"href":"https:\/\/www.lpdo.it\/es\/wp-json\/wp\/v2\/pages\/2276\/revisions\/429318"}],"wp:attachment":[{"href":"https:\/\/www.lpdo.it\/es\/wp-json\/wp\/v2\/media?parent=2276"}],"curies":[{"name":"wp","href":"https:\/\/api.w.org\/{rel}","templated":true}]}}