{"id":251540,"date":"2023-04-13T23:30:06","date_gmt":"2023-04-13T21:30:06","guid":{"rendered":"https:\/\/www.lpdo.it\/?page_id=251540"},"modified":"2023-04-13T23:30:07","modified_gmt":"2023-04-13T21:30:07","slug":"resi-e-cambi","status":"publish","type":"page","link":"https:\/\/www.lpdo.it\/es\/resi-e-cambi\/","title":{"rendered":"Devoluciones y cambios"},"content":{"rendered":"<h3 class=\"wp-block-heading\">AQU\u00cd TE INDICAMOS C\u00d3MO PUEDES REALIZAR UNA DEVOLUCI\u00d3N O CAMBIAR UN PRODUCTO<\/h3>\n\n\n\n<p>En virtud y a efectos de los arts. 64 y siguientes del Decreto Legislativo n.\u00ba\u00a0206\/05, podr\u00e1s ejercer el derecho de rescisi\u00f3n, sin ninguna penalizaci\u00f3n y sin especificar el motivo.<\/p>\n\n\n\n<h3 class=\"wp-block-heading\">AQU\u00cd TE INDICAMOS EL PROCEDIMIENTO QUE SEGUIR EN CASO DE DEVOLUCI\u00d3N<\/h3>\n\n\n\n<p>Env\u00eda la solicitud de derecho de rescisi\u00f3n a info@lpdo.it en un plazo de 14 d\u00edas laborables a partir de la recepci\u00f3n de la mercanc\u00eda. Si tienes alg\u00fan problema, puedes contactar con nosotros en los siguientes n\u00fameros: +39\u00a00817590289 +39\u00a03505111914.<\/p>\n\n\n\n<p>Env\u00eda el producto, con el servicio de mensajer\u00eda que prefieras, a Dremar Parfum International Srl \u2013 Via Boscofangone snc \u2013 Interporto Campano Lotto D1 \u2013 Moduli 235\/236 80035 Nola (NA). Te recomendamos que lo empaquettes cuidadosamente en su embalaje original y que incluyas tambi\u00e9n la copia del formulario que recibir\u00e1s de nuestro equipo de atenci\u00f3n al cliente por correo electr\u00f3nico.<\/p>\n\n\n\n<p>Nos encargaremos de reembolsarte el importe, incluidos los gastos de env\u00edo iniciales, en un plazo de 30\u00a0d\u00edas a partir de la recepci\u00f3n de la mercanc\u00eda.<\/p>\n\n\n\n<p>No se reembolsar\u00e1n los gastos de env\u00edo en que se incurra para devolver los productos.<\/p>\n\n\n\n<p>Recuerda que no ser\u00e1 posible ejercer el derecho de rescisi\u00f3n en caso de que el producto devuelto no est\u00e9 intacto, entendi\u00e9ndose por ello cualquier da\u00f1o no debido al transporte (falta del embalaje original, ausencia de partes integrantes del producto, etc.).<\/p>\n\n\n\n<h3 class=\"wp-block-heading\">AQU\u00cd TE INDICAMOS EL PROCEDIMIENTO QUE SEGUIR EN CASO DE CAMBIO<\/h3>\n\n\n\n<p>Env\u00eda la solicitud de cambio a info@lpdo.it en un plazo de 14 d\u00edas laborables a partir de la recepci\u00f3n de la mercanc\u00eda.<\/p>\n\n\n\n<p>Contacta con nuestro equipo de atenci\u00f3n al cliente en los siguientes n\u00fameros +39\u00a00817590289 +39\u00a03505111914 para acordar el cambio del producto.<\/p>\n\n\n\n<h3 class=\"wp-block-heading\">AQU\u00cd TIENES LA INFORMACI\u00d3N SOBRE DESCUENTOS Y VALES<\/h3>\n\n\n\n<p>Los descuentos no son acumulables en un mismo pedido.<\/p>\n\n\n\n<p>La empresa puede decidir no emitir el vale de forma unilateral en caso de sospecha de irregularidades.<\/p>","protected":false},"excerpt":{"rendered":"<p>ECCO COME PUOI EFFETTUARE IL TUO RESO O CAMBIARE IL TUO PRODOTTO Ai sensi e per gli effetti degli artt.<\/p>","protected":false},"author":1,"featured_media":0,"parent":0,"menu_order":0,"comment_status":"closed","ping_status":"closed","template":"","meta":{"footnotes":""},"class_list":["post-251540","page","type-page","status-publish","hentry"],"_links":{"self":[{"href":"https:\/\/www.lpdo.it\/es\/wp-json\/wp\/v2\/pages\/251540","targetHints":{"allow":["GET"]}}],"collection":[{"href":"https:\/\/www.lpdo.it\/es\/wp-json\/wp\/v2\/pages"}],"about":[{"href":"https:\/\/www.lpdo.it\/es\/wp-json\/wp\/v2\/types\/page"}],"author":[{"embeddable":true,"href":"https:\/\/www.lpdo.it\/es\/wp-json\/wp\/v2\/users\/1"}],"replies":[{"embeddable":true,"href":"https:\/\/www.lpdo.it\/es\/wp-json\/wp\/v2\/comments?post=251540"}],"version-history":[{"count":1,"href":"https:\/\/www.lpdo.it\/es\/wp-json\/wp\/v2\/pages\/251540\/revisions"}],"predecessor-version":[{"id":251541,"href":"https:\/\/www.lpdo.it\/es\/wp-json\/wp\/v2\/pages\/251540\/revisions\/251541"}],"wp:attachment":[{"href":"https:\/\/www.lpdo.it\/es\/wp-json\/wp\/v2\/media?parent=251540"}],"curies":[{"name":"wp","href":"https:\/\/api.w.org\/{rel}","templated":true}]}}