{"id":251546,"date":"2023-04-13T23:37:11","date_gmt":"2023-04-13T21:37:11","guid":{"rendered":"https:\/\/www.lpdo.it\/?page_id=251546"},"modified":"2023-04-13T23:37:12","modified_gmt":"2023-04-13T21:37:12","slug":"chi-siamo","status":"publish","type":"page","link":"https:\/\/www.lpdo.it\/es\/chi-siamo\/","title":{"rendered":"Qui\u00e9nes somos"},"content":{"rendered":"<div class=\"row\">\n<div class=\"col-md-12 col-lg-6\" style=\"background: url('\/wp-content\/themes\/lpdo\/images\/galleria\/LPDO_SHOOTING_072022_142.jpg') no-repeat; background-size:cover; min-height: 500px\"><\/div>\n<div class=\"col-md-12 col-lg-6\">\n<h1 style=\"font-weight:900;text-transform:uppercase\">Una marca, muchas fragancias,<br>tu esencia.<\/h1>\n\n<h3 style=\"font-weight:900;\">LPDO?<\/h3>\n<p>Se trata de un proyecto de perfumer\u00eda \u00abMade in Italy\u00bb, pero tambi\u00e9n de una empresa que naci\u00f3 y creci\u00f3 con el tiempo, con la dedicaci\u00f3n y la pasi\u00f3n de su equipo, en el maravilloso sector de la belleza y la perfumer\u00eda en Italia. <\/p>\n\n<h3 style=\"font-weight:900;\">\u00bfNuestras fragancias?<\/h3>\n<p>Son \u00abEau de Parfum Intense\u00bb, con una composici\u00f3n formulada sobre una base de aceites esenciales del 20\u00a0%. No es casualidad que las materias primas utilizadas y los intensos acordes creados dejen una huella inconfundible que realza tu esencia. <\/p>\n\n<h3 style=\"font-weight:900;\">\u00bfNuestro equipo?<\/h3>\n<p>Con nuestra pasi\u00f3n y experiencia queremos regalarte notas con las que identificarte y que te definan cada d\u00eda de una forma diferente. <\/p>\n\n<h3 style=\"font-weight:900;\">\u00bfNuestro mundo perfumado?<\/h3>\n<p>Est\u00e1 lleno de emociones olfativas que descubrir y experimentar juntos. <\/p>\n\n<\/div>\n<\/div>","protected":false},"excerpt":{"rendered":"<p>Un brand, tante fragranze,la tua essenza. LPDO? \u00c8 un progetto di profumeria Made in Italy, ma anche un\u2019azienda nata e<\/p>","protected":false},"author":1,"featured_media":0,"parent":0,"menu_order":0,"comment_status":"closed","ping_status":"closed","template":"","meta":{"footnotes":""},"class_list":["post-251546","page","type-page","status-publish","hentry"],"_links":{"self":[{"href":"https:\/\/www.lpdo.it\/es\/wp-json\/wp\/v2\/pages\/251546","targetHints":{"allow":["GET"]}}],"collection":[{"href":"https:\/\/www.lpdo.it\/es\/wp-json\/wp\/v2\/pages"}],"about":[{"href":"https:\/\/www.lpdo.it\/es\/wp-json\/wp\/v2\/types\/page"}],"author":[{"embeddable":true,"href":"https:\/\/www.lpdo.it\/es\/wp-json\/wp\/v2\/users\/1"}],"replies":[{"embeddable":true,"href":"https:\/\/www.lpdo.it\/es\/wp-json\/wp\/v2\/comments?post=251546"}],"version-history":[{"count":1,"href":"https:\/\/www.lpdo.it\/es\/wp-json\/wp\/v2\/pages\/251546\/revisions"}],"predecessor-version":[{"id":251547,"href":"https:\/\/www.lpdo.it\/es\/wp-json\/wp\/v2\/pages\/251546\/revisions\/251547"}],"wp:attachment":[{"href":"https:\/\/www.lpdo.it\/es\/wp-json\/wp\/v2\/media?parent=251546"}],"curies":[{"name":"wp","href":"https:\/\/api.w.org\/{rel}","templated":true}]}}