{"id":251554,"date":"2023-04-14T00:20:02","date_gmt":"2023-04-13T22:20:02","guid":{"rendered":"https:\/\/www.lpdo.it\/?page_id=251554"},"modified":"2026-03-04T12:36:59","modified_gmt":"2026-03-04T11:36:59","slug":"spese-e-spedizioni","status":"publish","type":"page","link":"https:\/\/www.lpdo.it\/es\/spese-e-spedizioni\/","title":{"rendered":"Gastos y env\u00edo"},"content":{"rendered":"<p><strong>AQU\u00cd TE INDICAMOS CU\u00c1NDO Y C\u00d3MO ENVIAMOS TU PEDIDO EN LPDO<\/strong><\/p>\n\n\n\n<p>Aqu\u00ed encontrar\u00e1s toda la informaci\u00f3n sobre los plazos de tramitaci\u00f3n, los plazos de entrega y las tarifas de env\u00edo.<\/p>\n\n\n\n<p><strong>PLAZOS DE TRAMITACI\u00d3N<\/strong><\/p>\n\n\n\n<p>Los pedidos recibidos de lunes a viernes, excepto los d\u00edas festivos en Italia y sujeto a disponibilidad de los productos, se procesan el siguiente d\u00eda laborable.<\/p>\n\n\n\n<p>Los pedidos recibidos los s\u00e1bados o domingos se procesan el lunes siguiente.<\/p>\n\n\n\n<p>Una vez realizado el env\u00edo, te enviaremos un correo electr\u00f3nico de notificaci\u00f3n autom\u00e1tico con el n\u00famero de seguimiento correspondiente, para que puedas comprobar el estado del env\u00edo haciendo clic en el siguiente enlace:\u00a0 <a href=\"https:\/\/www.gls-italy.com\/\">https:\/\/www.gls-italy.com<\/a><\/p>\n\n\n\n<p><strong>NOTA: EN CASO DE NO ESTAR PRESENTE EL D\u00cdA ACORDADO CON EL SERVICIO DE MENSAJER\u00cdA<\/strong><\/p>\n\n\n\n<p>Si no estuvieras disponible en la nueva fecha acordada, podr\u00e1s recoger tu pedido gratis en un plazo de 3\u00a0d\u00edas en la oficina de GLS m\u00e1s cercana.<\/p>\n\n\n\n<p>Transcurridos 5 d\u00edas, el paquete volver\u00e1 a nuestro almac\u00e9n y el pedido se cancelar\u00e1.<\/p>\n\n\n\n<div class=\"remove\"><p>SARDEGNA E ISOLE MINORI: 48\/72 ore<\/p>\n\n\n\n<p>( Sardegna -Sicilia \u2013Venezia -isole minori e localit\u00e0 montane difficilmente raggiungibili)<\/p>\n\n\n\n<p>TARIFFA DI SPEDIZIONE (in funzione dell\u2019importo dell\u2019ordine):<\/p>\n\n\n\n<p>ZONA&nbsp;&nbsp;&nbsp;&nbsp;&nbsp;&nbsp;&nbsp; SPEDIZIONE&nbsp;&nbsp;&nbsp;&nbsp;&nbsp;&nbsp;&nbsp; CONTRASSEGNO<\/p>\n\n\n\n<p>ITALIA&nbsp;&nbsp;&nbsp; &nbsp;&nbsp;&nbsp;&nbsp;&nbsp; GRATIS&nbsp;&nbsp;&nbsp;&nbsp;&nbsp;&nbsp;&nbsp;&nbsp;&nbsp;&nbsp;&nbsp;&nbsp; &nbsp;&nbsp; 2,99\u20ac<\/p>\n\n\n\n<p>ESTERO\u00a0 \u00a0\u00a0\u00a0\u00a0\u00a0\u00a0\u00a0 6,00\u20ac\u00a0\u00a0\u00a0\u00a0\u00a0\u00a0\u00a0\u00a0\u00a0\u00a0\u00a0\u00a0 \u00a0\u00a0\u00a0\u00a0\u00a0 \/\/<\/p>\n\n\n\n<p><strong>N.B. IN CASO DI MANCATO APPUNTAMENTO CON IL CORRIERE <\/strong><\/p>\n\n\n\n<p>Il nostro Team Customer Care ti contatter\u00e0 per fissare una nuova data di consegna.<\/p>\n\n\n\n<p>Se non dovessi risultare disponibile per la nuova data concordata, potrai ritirare gratuitamente il tuo ordine entro 3 giorni presso la sede Gls pi\u00f9 vicina.<\/p>\n\n\n\n<p>Decorsi i 3 giorni il pacco rientrer\u00e0 presso il nostro magazzino e l&#8217;ordine sar\u00e0 annullato.<\/p><\/div>","protected":false},"excerpt":{"rendered":"<p>ECCO QUANDO E COME SPEDIREMO IL TUO ORDINE SU LPDO Qui trovi tutte le info riguardo tempi d&#8217;evasione, tempi di<\/p>","protected":false},"author":1,"featured_media":0,"parent":0,"menu_order":0,"comment_status":"closed","ping_status":"closed","template":"","meta":{"footnotes":""},"class_list":["post-251554","page","type-page","status-publish","hentry"],"_links":{"self":[{"href":"https:\/\/www.lpdo.it\/es\/wp-json\/wp\/v2\/pages\/251554","targetHints":{"allow":["GET"]}}],"collection":[{"href":"https:\/\/www.lpdo.it\/es\/wp-json\/wp\/v2\/pages"}],"about":[{"href":"https:\/\/www.lpdo.it\/es\/wp-json\/wp\/v2\/types\/page"}],"author":[{"embeddable":true,"href":"https:\/\/www.lpdo.it\/es\/wp-json\/wp\/v2\/users\/1"}],"replies":[{"embeddable":true,"href":"https:\/\/www.lpdo.it\/es\/wp-json\/wp\/v2\/comments?post=251554"}],"version-history":[{"count":5,"href":"https:\/\/www.lpdo.it\/es\/wp-json\/wp\/v2\/pages\/251554\/revisions"}],"predecessor-version":[{"id":512220,"href":"https:\/\/www.lpdo.it\/es\/wp-json\/wp\/v2\/pages\/251554\/revisions\/512220"}],"wp:attachment":[{"href":"https:\/\/www.lpdo.it\/es\/wp-json\/wp\/v2\/media?parent=251554"}],"curies":[{"name":"wp","href":"https:\/\/api.w.org\/{rel}","templated":true}]}}