{"id":10011,"date":"2019-03-18T23:19:55","date_gmt":"2019-03-18T22:19:55","guid":{"rendered":"https:\/\/www.lpdo.it\/?post_type=product&#038;p=10011"},"modified":"2025-12-02T00:03:08","modified_gmt":"2025-12-01T23:03:08","slug":"lpdo-vanille-persuasive-100ml-edpi","status":"publish","type":"product","link":"https:\/\/www.lpdo.it\/es\/p\/lpdo-vanille-persuasive-100ml-edpi\/","title":{"rendered":"Vanille Persuasive 100ml EDPI"},"content":{"rendered":"<p>NOTE DI TESTA<br \/>\nFoglia di Tabacco, Note Speziate<br \/>\nNOTE DI CUORE<br \/>\nFave Tonka, Fiore di Tabacco, Vaniglia, Cacao<br \/>\nNOTE DI FONDO<br \/>\nFrutti Essiccati, Note Legnose<\/p>","protected":false},"excerpt":{"rendered":"<p>Una fragancia con un alma dulce pero intensa. C\u00e1lida y emblem\u00e1tica, revela de inmediato una rica esencia de Tabaco realzada por notas especiadas. Un alma especiada con un coraz\u00f3n dulce de Haba Tonka, Flor de Tabaco, Vainilla y Cacao. Una fragancia natural y selectiva que transmite emociones inimitables.<\/p>","protected":false},"featured_media":295309,"template":"","meta":[],"product_brand":[],"product_cat":[63],"product_tag":[],"class_list":{"0":"post-10011","1":"product","2":"type-product","3":"status-publish","4":"has-post-thumbnail","6":"product_cat-fragranze","8":"first","9":"instock","10":"shipping-taxable","11":"purchasable","12":"product-type-simple"},"_links":{"self":[{"href":"https:\/\/www.lpdo.it\/es\/wp-json\/wp\/v2\/product\/10011","targetHints":{"allow":["GET"]}}],"collection":[{"href":"https:\/\/www.lpdo.it\/es\/wp-json\/wp\/v2\/product"}],"about":[{"href":"https:\/\/www.lpdo.it\/es\/wp-json\/wp\/v2\/types\/product"}],"wp:featuredmedia":[{"embeddable":true,"href":"https:\/\/www.lpdo.it\/es\/wp-json\/wp\/v2\/media\/295309"}],"wp:attachment":[{"href":"https:\/\/www.lpdo.it\/es\/wp-json\/wp\/v2\/media?parent=10011"}],"wp:term":[{"taxonomy":"product_brand","embeddable":true,"href":"https:\/\/www.lpdo.it\/es\/wp-json\/wp\/v2\/product_brand?post=10011"},{"taxonomy":"product_cat","embeddable":true,"href":"https:\/\/www.lpdo.it\/es\/wp-json\/wp\/v2\/product_cat?post=10011"},{"taxonomy":"product_tag","embeddable":true,"href":"https:\/\/www.lpdo.it\/es\/wp-json\/wp\/v2\/product_tag?post=10011"}],"curies":[{"name":"wp","href":"https:\/\/api.w.org\/{rel}","templated":true}]}}