{"id":102971,"date":"2020-07-23T16:59:03","date_gmt":"2020-07-23T14:59:03","guid":{"rendered":"https:\/\/www.lpdo.it\/?post_type=product&#038;p=102971"},"modified":"2026-04-15T18:34:16","modified_gmt":"2026-04-15T16:34:16","slug":"lpdo-voyage-secret-100ml-edpi","status":"publish","type":"product","link":"https:\/\/www.lpdo.it\/es\/p\/lpdo-voyage-secret-100ml-edpi\/","title":{"rendered":"Voyage Secret 100ml EDPI"},"content":{"rendered":"<p>NOTE DI TESTA<br \/>\nGurjum, Zafferano, Olio di Cisto<br \/>\nNOTE DI CUORE<br \/>\nOud, Rosa, Geranio, Lampone<br \/>\nNOTE DI FONDO<br \/>\nLegno di Sandalo, Ambra, Benzoino<\/p>","protected":false},"excerpt":{"rendered":"<p>Un viaje al coraz\u00f3n del desierto. Dise\u00f1ado para los amantes de las esencias raras, Voyage Secret concentra esa sensaci\u00f3n de infinito en uno de los ingredientes m\u00e1s m\u00edticos de la perfumer\u00eda, la madera de Oud. Una materia rebelde de belleza embriagadora, facetada con un toque de Benju\u00ed y acentos de Frambuesa. La composici\u00f3n se cierra con un acento ahumado de Incienso que envuelve m\u00edsticamente a quien lo lleva.<\/p>","protected":false},"featured_media":295311,"template":"","meta":[],"product_brand":[],"product_cat":[63],"product_tag":[],"class_list":{"0":"post-102971","1":"product","2":"type-product","3":"status-publish","4":"has-post-thumbnail","6":"product_cat-fragranze","8":"first","9":"instock","10":"shipping-taxable","11":"purchasable","12":"product-type-simple"},"_links":{"self":[{"href":"https:\/\/www.lpdo.it\/es\/wp-json\/wp\/v2\/product\/102971","targetHints":{"allow":["GET"]}}],"collection":[{"href":"https:\/\/www.lpdo.it\/es\/wp-json\/wp\/v2\/product"}],"about":[{"href":"https:\/\/www.lpdo.it\/es\/wp-json\/wp\/v2\/types\/product"}],"wp:featuredmedia":[{"embeddable":true,"href":"https:\/\/www.lpdo.it\/es\/wp-json\/wp\/v2\/media\/295311"}],"wp:attachment":[{"href":"https:\/\/www.lpdo.it\/es\/wp-json\/wp\/v2\/media?parent=102971"}],"wp:term":[{"taxonomy":"product_brand","embeddable":true,"href":"https:\/\/www.lpdo.it\/es\/wp-json\/wp\/v2\/product_brand?post=102971"},{"taxonomy":"product_cat","embeddable":true,"href":"https:\/\/www.lpdo.it\/es\/wp-json\/wp\/v2\/product_cat?post=102971"},{"taxonomy":"product_tag","embeddable":true,"href":"https:\/\/www.lpdo.it\/es\/wp-json\/wp\/v2\/product_tag?post=102971"}],"curies":[{"name":"wp","href":"https:\/\/api.w.org\/{rel}","templated":true}]}}