{"id":118178,"date":"2020-11-04T13:04:26","date_gmt":"2020-11-04T12:04:26","guid":{"rendered":"https:\/\/www.lpdo.it\/?post_type=product&#038;p=118178"},"modified":"2025-12-02T00:03:45","modified_gmt":"2025-12-01T23:03:45","slug":"lpdo-cretus-30ml-edpi","status":"publish","type":"product","link":"https:\/\/www.lpdo.it\/es\/p\/lpdo-cretus-30ml-edpi\/","title":{"rendered":"Cretus 30ml EDPI"},"content":{"rendered":"<p>NOTE DI TESTA<br \/>\nRibes nero, Bergamotto, Mela, Ananas<br \/>\nNOTE DI CUORE<br \/>\nGelsomino, Patchouli, Betulla, Bacche di Ginepro<br \/>\nNOTE DI FONDO<br \/>\nMuschio di Quercia, Ambra grigia, Musk, Vaniglia<\/p>","protected":false},"excerpt":{"rendered":"<p>Cretus es pura energ\u00eda. Una fragancia que celebra la fuerza, el \u00e9xito y el coraje. Las notas de salida de grosella negra, pi\u00f1a y bergamota se entrelazan con un acorde afrutado de manzana. Las vigorizantes notas de coraz\u00f3n de Abedul y Jazm\u00edn captan realmente la profundidad de esta fragancia. Mientras que el \u00e1mbar gris, suave y persistente, y el almizcle limpio aportan la frescura y la energ\u00eda de esta fragancia a la piel durante todo el d\u00eda.<\/p>","protected":false},"featured_media":295313,"template":"","meta":[],"product_brand":[],"product_cat":[63],"product_tag":[],"class_list":{"0":"post-118178","1":"product","2":"type-product","3":"status-publish","4":"has-post-thumbnail","6":"product_cat-fragranze","8":"first","9":"instock","10":"shipping-taxable","11":"purchasable","12":"product-type-simple"},"_links":{"self":[{"href":"https:\/\/www.lpdo.it\/es\/wp-json\/wp\/v2\/product\/118178","targetHints":{"allow":["GET"]}}],"collection":[{"href":"https:\/\/www.lpdo.it\/es\/wp-json\/wp\/v2\/product"}],"about":[{"href":"https:\/\/www.lpdo.it\/es\/wp-json\/wp\/v2\/types\/product"}],"wp:featuredmedia":[{"embeddable":true,"href":"https:\/\/www.lpdo.it\/es\/wp-json\/wp\/v2\/media\/295313"}],"wp:attachment":[{"href":"https:\/\/www.lpdo.it\/es\/wp-json\/wp\/v2\/media?parent=118178"}],"wp:term":[{"taxonomy":"product_brand","embeddable":true,"href":"https:\/\/www.lpdo.it\/es\/wp-json\/wp\/v2\/product_brand?post=118178"},{"taxonomy":"product_cat","embeddable":true,"href":"https:\/\/www.lpdo.it\/es\/wp-json\/wp\/v2\/product_cat?post=118178"},{"taxonomy":"product_tag","embeddable":true,"href":"https:\/\/www.lpdo.it\/es\/wp-json\/wp\/v2\/product_tag?post=118178"}],"curies":[{"name":"wp","href":"https:\/\/api.w.org\/{rel}","templated":true}]}}