{"id":118180,"date":"2020-11-04T13:05:50","date_gmt":"2020-11-04T12:05:50","guid":{"rendered":"https:\/\/www.lpdo.it\/?post_type=product&#038;p=118180"},"modified":"2025-12-02T00:03:45","modified_gmt":"2025-12-01T23:03:45","slug":"lpdo-hash-intense-30ml-edpi","status":"publish","type":"product","link":"https:\/\/www.lpdo.it\/es\/p\/lpdo-hash-intense-30ml-edpi\/","title":{"rendered":"Hash Intense 30ml EDPI"},"content":{"rendered":"<p>NOTE DI TESTA<br \/>\nCannabis, Note verdi<br \/>\nNOTE DI CUORE<br \/>\nResina, Note legnose, Caff\u00e8, Tabacco<br \/>\nNOTE DI FONDO<br \/>\nIncenso, Oud<\/p>","protected":false},"excerpt":{"rendered":"<p><span style=\"font-weight: 400;\">El resultado de un viaje a Oriente; una fragancia profunda, intensa y al mismo tiempo suave e hipn\u00f3tica. Las notas oscuras de Caf\u00e9, Oud, Tabaco y Cannabis evocan una gratificaci\u00f3n sensual. Quien elige llevar esta fragancia es un alma independiente y fuerte.<\/span><\/p>","protected":false},"featured_media":295319,"template":"","meta":[],"product_brand":[],"product_cat":[63],"product_tag":[],"class_list":{"0":"post-118180","1":"product","2":"type-product","3":"status-publish","4":"has-post-thumbnail","6":"product_cat-fragranze","8":"first","9":"instock","10":"shipping-taxable","11":"purchasable","12":"product-type-simple"},"_links":{"self":[{"href":"https:\/\/www.lpdo.it\/es\/wp-json\/wp\/v2\/product\/118180","targetHints":{"allow":["GET"]}}],"collection":[{"href":"https:\/\/www.lpdo.it\/es\/wp-json\/wp\/v2\/product"}],"about":[{"href":"https:\/\/www.lpdo.it\/es\/wp-json\/wp\/v2\/types\/product"}],"wp:featuredmedia":[{"embeddable":true,"href":"https:\/\/www.lpdo.it\/es\/wp-json\/wp\/v2\/media\/295319"}],"wp:attachment":[{"href":"https:\/\/www.lpdo.it\/es\/wp-json\/wp\/v2\/media?parent=118180"}],"wp:term":[{"taxonomy":"product_brand","embeddable":true,"href":"https:\/\/www.lpdo.it\/es\/wp-json\/wp\/v2\/product_brand?post=118180"},{"taxonomy":"product_cat","embeddable":true,"href":"https:\/\/www.lpdo.it\/es\/wp-json\/wp\/v2\/product_cat?post=118180"},{"taxonomy":"product_tag","embeddable":true,"href":"https:\/\/www.lpdo.it\/es\/wp-json\/wp\/v2\/product_tag?post=118180"}],"curies":[{"name":"wp","href":"https:\/\/api.w.org\/{rel}","templated":true}]}}