{"id":118186,"date":"2020-11-04T13:12:48","date_gmt":"2020-11-04T12:12:48","guid":{"rendered":"https:\/\/www.lpdo.it\/?post_type=product&#038;p=118186"},"modified":"2025-12-02T00:03:44","modified_gmt":"2025-12-01T23:03:44","slug":"lpdo-delire-rouge-30ml-edpi","status":"publish","type":"product","link":"https:\/\/www.lpdo.it\/es\/p\/lpdo-delire-rouge-30ml-edpi\/","title":{"rendered":"D\u00e9lire Rouge 30ml EDPI"},"content":{"rendered":"<p>NOTE DI TESTA<br \/>\nArancia dolce, Fiore di Zafferano, Gelsomino<br \/>\nNOTE DI CUORE<br \/>\nRosa bianca, Zafferano, Legni ambrati, Magnolia<br \/>\nNOTE DI FONDO<br \/>\nResina di Abete, Legni preziosi, Muschi trasparenti<\/p>","protected":false},"excerpt":{"rendered":"<p>D\u00e9lire Rouge es poes\u00eda l\u00edquida. Una composici\u00f3n extremadamente lujosa y refinada con un aroma intenso y excitante, casi er\u00f3tico. La delicadeza del Jazm\u00edn y la dureza del Azafr\u00e1n acent\u00faan la cremosidad, confiriendo a la fragancia una apertura c\u00e1lida y suave. La piel es acariciada suavemente por notas ambarinas y amaderadas, anticipando el velado misterio con el que se cierra la composici\u00f3n.<\/p>\n<p>&nbsp;<\/p>\n<p>&nbsp;<\/p>\n<p>&nbsp;<\/p>","protected":false},"featured_media":295314,"template":"","meta":[],"product_brand":[],"product_cat":[63],"product_tag":[],"class_list":{"0":"post-118186","1":"product","2":"type-product","3":"status-publish","4":"has-post-thumbnail","6":"product_cat-fragranze","8":"first","9":"instock","10":"shipping-taxable","11":"purchasable","12":"product-type-simple"},"_links":{"self":[{"href":"https:\/\/www.lpdo.it\/es\/wp-json\/wp\/v2\/product\/118186","targetHints":{"allow":["GET"]}}],"collection":[{"href":"https:\/\/www.lpdo.it\/es\/wp-json\/wp\/v2\/product"}],"about":[{"href":"https:\/\/www.lpdo.it\/es\/wp-json\/wp\/v2\/types\/product"}],"wp:featuredmedia":[{"embeddable":true,"href":"https:\/\/www.lpdo.it\/es\/wp-json\/wp\/v2\/media\/295314"}],"wp:attachment":[{"href":"https:\/\/www.lpdo.it\/es\/wp-json\/wp\/v2\/media?parent=118186"}],"wp:term":[{"taxonomy":"product_brand","embeddable":true,"href":"https:\/\/www.lpdo.it\/es\/wp-json\/wp\/v2\/product_brand?post=118186"},{"taxonomy":"product_cat","embeddable":true,"href":"https:\/\/www.lpdo.it\/es\/wp-json\/wp\/v2\/product_cat?post=118186"},{"taxonomy":"product_tag","embeddable":true,"href":"https:\/\/www.lpdo.it\/es\/wp-json\/wp\/v2\/product_tag?post=118186"}],"curies":[{"name":"wp","href":"https:\/\/api.w.org\/{rel}","templated":true}]}}