{"id":140724,"date":"2021-06-11T06:00:48","date_gmt":"2021-06-11T04:00:48","guid":{"rendered":"https:\/\/www.lpdo.it\/?post_type=product&#038;p=140724"},"modified":"2026-02-24T10:18:23","modified_gmt":"2026-02-24T09:18:23","slug":"royal-tiare-100ml-edpi","status":"publish","type":"product","link":"https:\/\/www.lpdo.it\/es\/p\/royal-tiare-100ml-edpi\/","title":{"rendered":"Royal Tiar\u00e9 100ml EDPI"},"content":{"rendered":"<div class=\"type-block\">\n<div class=\"row\">\n<div class=\"col-md-4\">\n<p>    <img decoding=\"async\" src=\"\/wp-content\/themes\/lpdo\/images\/testa.svg\" alt=\"Note di Testa\" \/><\/p>\n<h5>CABEZA<\/h5>\n<p>    Pepe Nero, Ylang-ylang<\/p><\/div>\n<div class=\"col-md-4\">\n<p>    <img decoding=\"async\" src=\"\/wp-content\/themes\/lpdo\/images\/cuore.svg\" alt=\"NOTE DI CUORE\" \/><\/p>\n<h5>CORAZ\u00d3N<\/h5>\n<p>    Mughetto, Rosa, Gelsomino, Garofano<\/p><\/div>\n<div class=\"col-md-4\">\n<p>    <img decoding=\"async\" src=\"\/wp-content\/themes\/lpdo\/images\/fondo.svg\" alt=\"NOTE DI FONDO\" \/><\/p>\n<h5>FONDO<\/h5>\n<p>    Muschio, Vaniglia, Ambra, Legno di Cedro<\/p><\/div>\n<\/p><\/div>\n<\/p><\/div>","protected":false},"excerpt":{"rendered":"<p>Royal Tiar\u00e9 es una experiencia ex\u00f3tica suave e intensa.<br \/>La composici\u00f3n se abre con notas de salida que presentan la sublime e inconfundible combinaci\u00f3n de ylang-ylang y pimienta negra.<br \/>El coraz\u00f3n, floral y vivaz, engloba la delicadeza del lirio de los valles y la riqueza de la rosa, la fuerza del clavel y la elegancia del jazm\u00edn.<br \/>El fondo de vainilla, almizcle blanco, \u00e1mbar y madera de cedro confiere armon\u00eda y frescor a esta fragancia ex\u00f3tica.<\/p>","protected":false},"featured_media":295303,"template":"","meta":[],"product_brand":[],"product_cat":[63],"product_tag":[],"class_list":{"0":"post-140724","1":"product","2":"type-product","3":"status-publish","4":"has-post-thumbnail","6":"product_cat-fragranze","8":"first","9":"instock","10":"shipping-taxable","11":"purchasable","12":"product-type-simple"},"_links":{"self":[{"href":"https:\/\/www.lpdo.it\/es\/wp-json\/wp\/v2\/product\/140724","targetHints":{"allow":["GET"]}}],"collection":[{"href":"https:\/\/www.lpdo.it\/es\/wp-json\/wp\/v2\/product"}],"about":[{"href":"https:\/\/www.lpdo.it\/es\/wp-json\/wp\/v2\/types\/product"}],"wp:featuredmedia":[{"embeddable":true,"href":"https:\/\/www.lpdo.it\/es\/wp-json\/wp\/v2\/media\/295303"}],"wp:attachment":[{"href":"https:\/\/www.lpdo.it\/es\/wp-json\/wp\/v2\/media?parent=140724"}],"wp:term":[{"taxonomy":"product_brand","embeddable":true,"href":"https:\/\/www.lpdo.it\/es\/wp-json\/wp\/v2\/product_brand?post=140724"},{"taxonomy":"product_cat","embeddable":true,"href":"https:\/\/www.lpdo.it\/es\/wp-json\/wp\/v2\/product_cat?post=140724"},{"taxonomy":"product_tag","embeddable":true,"href":"https:\/\/www.lpdo.it\/es\/wp-json\/wp\/v2\/product_tag?post=140724"}],"curies":[{"name":"wp","href":"https:\/\/api.w.org\/{rel}","templated":true}]}}