{"id":1928,"date":"2018-10-15T11:44:25","date_gmt":"2018-10-15T09:44:25","guid":{"rendered":"http:\/\/demo3.nexthelp.it\/?post_type=product&#038;p=1928"},"modified":"2025-12-02T00:03:08","modified_gmt":"2025-12-01T23:03:08","slug":"lpdo-fleur-noire-100ml-edpi","status":"publish","type":"product","link":"https:\/\/www.lpdo.it\/es\/p\/lpdo-fleur-noire-100ml-edpi\/","title":{"rendered":"Fleur Noire 100ml EDPI"},"content":{"rendered":"<p>NOTE DI TESTA<br \/>\nBergamotto, Agrumi, Mandarino, Gardenia Nera<br \/>\nNOTE DI CUORE<br \/>\nGelsomino, Ylang-ylang, Legno di Loto, Orchidea Nera, Accordo floreale speziato<br \/>\nNOTE DI FONDO<br \/>\nPatchouli, Legno di Sandalo, Incenso, Vaniglia<\/p>","protected":false},"excerpt":{"rendered":"<p>Una fragancia lujosa y sensual, moderna pero atemporal. Acordes ricos y oscuros crean una seductora poci\u00f3n de Orqu\u00eddeas Negras y Especias. Notas de Ylang-ylang y Jazm\u00edn abren la fragancia con un efecto elegante y afrodis\u00edaco. El contraste entre la Bergamota, la Naranja Amarga y la Ciruela envuelve a la Orqu\u00eddea Negra creando un efecto hechizante y seductor. Las notas de fondo de Pachul\u00ed, Chocolate, Vainilla y \u00c1mbar aportan calidez y gran persistencia a la fragancia.<\/p>","protected":false},"featured_media":295296,"template":"","meta":[],"product_brand":[],"product_cat":[63],"product_tag":[],"class_list":{"0":"post-1928","1":"product","2":"type-product","3":"status-publish","4":"has-post-thumbnail","6":"product_cat-fragranze","8":"first","9":"instock","10":"shipping-taxable","11":"purchasable","12":"product-type-simple"},"_links":{"self":[{"href":"https:\/\/www.lpdo.it\/es\/wp-json\/wp\/v2\/product\/1928","targetHints":{"allow":["GET"]}}],"collection":[{"href":"https:\/\/www.lpdo.it\/es\/wp-json\/wp\/v2\/product"}],"about":[{"href":"https:\/\/www.lpdo.it\/es\/wp-json\/wp\/v2\/types\/product"}],"wp:featuredmedia":[{"embeddable":true,"href":"https:\/\/www.lpdo.it\/es\/wp-json\/wp\/v2\/media\/295296"}],"wp:attachment":[{"href":"https:\/\/www.lpdo.it\/es\/wp-json\/wp\/v2\/media?parent=1928"}],"wp:term":[{"taxonomy":"product_brand","embeddable":true,"href":"https:\/\/www.lpdo.it\/es\/wp-json\/wp\/v2\/product_brand?post=1928"},{"taxonomy":"product_cat","embeddable":true,"href":"https:\/\/www.lpdo.it\/es\/wp-json\/wp\/v2\/product_cat?post=1928"},{"taxonomy":"product_tag","embeddable":true,"href":"https:\/\/www.lpdo.it\/es\/wp-json\/wp\/v2\/product_tag?post=1928"}],"curies":[{"name":"wp","href":"https:\/\/api.w.org\/{rel}","templated":true}]}}