{"id":1929,"date":"2018-10-15T11:48:55","date_gmt":"2018-10-15T09:48:55","guid":{"rendered":"http:\/\/demo3.nexthelp.it\/?post_type=product&#038;p=1929"},"modified":"2025-12-02T00:03:08","modified_gmt":"2025-12-01T23:03:08","slug":"lpdo-rose-sensuelle-100ml-edpi","status":"publish","type":"product","link":"https:\/\/www.lpdo.it\/es\/p\/lpdo-rose-sensuelle-100ml-edpi\/","title":{"rendered":"Rose Sensuelle 100ml EDPI"},"content":{"rendered":"<p>NOTE DI TESTA<br \/>\nEssenza di Rosa<br \/>\nNOTE DI CUORE<br \/>\nAssoluto di Rosa, Gelsomino<br \/>\nNOTE DI FONDO<br \/>\nMuschio, Ambra<\/p>","protected":false},"excerpt":{"rendered":"<p>Una fragancia seductora que crea la armon\u00eda justa entre la delicadeza de la Rosa y la energ\u00eda envolvente del Almizcle. Una fragancia donde las Rosas m\u00e1s puras y preciosas se armonizan h\u00e1bilmente con el delicado Almizcle Blanco, seguido de un toque seductor y sensual con notas de \u00c1mbar y Jazm\u00edn. Un homenaje a la delicada elegancia femenina.<\/p>","protected":false},"featured_media":295302,"template":"","meta":[],"product_brand":[],"product_cat":[63],"product_tag":[],"class_list":{"0":"post-1929","1":"product","2":"type-product","3":"status-publish","4":"has-post-thumbnail","6":"product_cat-fragranze","8":"first","9":"instock","10":"shipping-taxable","11":"purchasable","12":"product-type-simple"},"_links":{"self":[{"href":"https:\/\/www.lpdo.it\/es\/wp-json\/wp\/v2\/product\/1929","targetHints":{"allow":["GET"]}}],"collection":[{"href":"https:\/\/www.lpdo.it\/es\/wp-json\/wp\/v2\/product"}],"about":[{"href":"https:\/\/www.lpdo.it\/es\/wp-json\/wp\/v2\/types\/product"}],"wp:featuredmedia":[{"embeddable":true,"href":"https:\/\/www.lpdo.it\/es\/wp-json\/wp\/v2\/media\/295302"}],"wp:attachment":[{"href":"https:\/\/www.lpdo.it\/es\/wp-json\/wp\/v2\/media?parent=1929"}],"wp:term":[{"taxonomy":"product_brand","embeddable":true,"href":"https:\/\/www.lpdo.it\/es\/wp-json\/wp\/v2\/product_brand?post=1929"},{"taxonomy":"product_cat","embeddable":true,"href":"https:\/\/www.lpdo.it\/es\/wp-json\/wp\/v2\/product_cat?post=1929"},{"taxonomy":"product_tag","embeddable":true,"href":"https:\/\/www.lpdo.it\/es\/wp-json\/wp\/v2\/product_tag?post=1929"}],"curies":[{"name":"wp","href":"https:\/\/api.w.org\/{rel}","templated":true}]}}