{"id":214911,"date":"2022-04-19T00:01:51","date_gmt":"2022-04-18T22:01:51","guid":{"rendered":"https:\/\/www.lpdo.it\/?post_type=product&#038;p=214911"},"modified":"2025-12-02T00:03:41","modified_gmt":"2025-12-01T23:03:41","slug":"jardin-imperial-30ml-edpi","status":"publish","type":"product","link":"https:\/\/www.lpdo.it\/es\/p\/jardin-imperial-30ml-edpi\/","title":{"rendered":"Jardin Imp\u00e9rial 30ML EDPI"},"content":{"rendered":"<div class=\"type-block\">\n<div class=\"row\">\n<div class=\"col-md-4\">\n<p>    <img decoding=\"async\" src=\"\/wp-content\/themes\/lpdo\/images\/testa.svg\" alt=\"Note di Testa\" \/><\/p>\n<h5>CABEZA<\/h5>\n<p>    Arancia, Bergamotto, Limone di Sicilia<\/p><\/div>\n<div class=\"col-md-4\">\n<p>    <img decoding=\"async\" src=\"\/wp-content\/themes\/lpdo\/images\/cuore.svg\" alt=\"NOTE DI CUORE\" \/><\/p>\n<h5>CORAZ\u00d3N<\/h5>\n<p>    Frutti del Mediterraneo<\/p><\/div>\n<div class=\"col-md-4\">\n<p>    <img decoding=\"async\" src=\"\/wp-content\/themes\/lpdo\/images\/fondo.svg\" alt=\"NOTE DI FONDO\" \/><\/p>\n<h5>FONDO<\/h5>\n<p>    Muschio, Vaniglia, Ambra<\/p><\/div>\n<\/p><\/div>\n<\/p><\/div>","protected":false},"excerpt":{"rendered":"<p>Jardin Imp\u00e9rial es la ligereza n\u00edtida y viva de los jardines mediterr\u00e1neos.<br \/>La composici\u00f3n se abre con notas de salida de lim\u00f3n siciliano y bergamota que animan el dulzor de la naranja.<br \/>Las notas de coraz\u00f3n, estructuradas sobre los sabores de las frutas mediterr\u00e1neas, son una explosi\u00f3n de ligereza que ensalza el car\u00e1cter vivo de los c\u00edtricos.<br \/>Las notas de fondo de vainilla, almizcle y \u00e1mbar aportan un equilibrio c\u00e1lido y dulce a esta fragancia viva y luminosa, como un jard\u00edn mediterr\u00e1neo.<\/p>","protected":false},"featured_media":295320,"template":"","meta":[],"product_brand":[],"product_cat":[63],"product_tag":[],"class_list":{"0":"post-214911","1":"product","2":"type-product","3":"status-publish","4":"has-post-thumbnail","6":"product_cat-fragranze","8":"first","9":"instock","10":"shipping-taxable","11":"purchasable","12":"product-type-simple"},"_links":{"self":[{"href":"https:\/\/www.lpdo.it\/es\/wp-json\/wp\/v2\/product\/214911","targetHints":{"allow":["GET"]}}],"collection":[{"href":"https:\/\/www.lpdo.it\/es\/wp-json\/wp\/v2\/product"}],"about":[{"href":"https:\/\/www.lpdo.it\/es\/wp-json\/wp\/v2\/types\/product"}],"wp:featuredmedia":[{"embeddable":true,"href":"https:\/\/www.lpdo.it\/es\/wp-json\/wp\/v2\/media\/295320"}],"wp:attachment":[{"href":"https:\/\/www.lpdo.it\/es\/wp-json\/wp\/v2\/media?parent=214911"}],"wp:term":[{"taxonomy":"product_brand","embeddable":true,"href":"https:\/\/www.lpdo.it\/es\/wp-json\/wp\/v2\/product_brand?post=214911"},{"taxonomy":"product_cat","embeddable":true,"href":"https:\/\/www.lpdo.it\/es\/wp-json\/wp\/v2\/product_cat?post=214911"},{"taxonomy":"product_tag","embeddable":true,"href":"https:\/\/www.lpdo.it\/es\/wp-json\/wp\/v2\/product_tag?post=214911"}],"curies":[{"name":"wp","href":"https:\/\/api.w.org\/{rel}","templated":true}]}}