{"id":233830,"date":"2022-10-26T00:15:50","date_gmt":"2022-10-25T22:15:50","guid":{"rendered":"https:\/\/www.lpdo.it\/?post_type=product&#038;p=233830"},"modified":"2026-02-24T12:32:13","modified_gmt":"2026-02-24T11:32:13","slug":"rubin-fumee-30ml-edpi","status":"publish","type":"product","link":"https:\/\/www.lpdo.it\/es\/p\/rubin-fumee-30ml-edpi\/","title":{"rendered":"RUBIN FUM\u00c9E 30ML EDPI"},"content":{"rendered":"<div class=\"type-block\">\n<div class=\"row\">\n<div class=\"col-md-4\">\n<p>    <img decoding=\"async\" src=\"\/wp-content\/themes\/lpdo\/images\/testa.svg\" alt=\"Note di Testa\" \/><\/p>\n<h5>CABEZA<\/h5>\n<p>    Note Aromatiche, Davana, Noce Moscata<\/p><\/div>\n<div class=\"col-md-4\">\n<p>    <img decoding=\"async\" src=\"\/wp-content\/themes\/lpdo\/images\/cuore.svg\" alt=\"NOTE DI CUORE\" \/><\/p>\n<h5>CORAZ\u00d3N<\/h5>\n<p>    Note Floreali, Incenso, Patchouli<\/p><\/div>\n<div class=\"col-md-4\">\n<p>    <img decoding=\"async\" src=\"\/wp-content\/themes\/lpdo\/images\/fondo.svg\" alt=\"NOTE DI FONDO\" \/><\/p>\n<h5>FONDO<\/h5>\n<p>    Ambra Grigia, Fava Tonka, Musk, Accordi Gourmand<\/p><\/div>\n<\/p><\/div>\n<\/p><\/div>","protected":false},"excerpt":{"rendered":"<p>Rubin Fum\u00e9e es la sensualidad pura del fuego ardiente.<br \/>La lujosa y evocadora composici\u00f3n se abre con una sensual cabeza de c\u00e1lidas notas arom\u00e1ticas que se combinan con la fuerza amaderada de la davana y la calidez especiada de la nuez moscada.<br \/>El coraz\u00f3n, ahumado y rico, surge del encuentro de notas florales, incienso y pachul\u00ed acre.<br \/>El fondo, envolvente y estructurado, presenta un v\u00ednculo inquebrantable entre el \u00e1mbar gris, el haba tonka, el almizcle y los acordes gourmand.<\/p>","protected":false},"featured_media":295325,"template":"","meta":[],"product_brand":[],"product_cat":[63],"product_tag":[],"class_list":{"0":"post-233830","1":"product","2":"type-product","3":"status-publish","4":"has-post-thumbnail","6":"product_cat-fragranze","8":"first","9":"outofstock","10":"shipping-taxable","11":"purchasable","12":"product-type-simple"},"_links":{"self":[{"href":"https:\/\/www.lpdo.it\/es\/wp-json\/wp\/v2\/product\/233830","targetHints":{"allow":["GET"]}}],"collection":[{"href":"https:\/\/www.lpdo.it\/es\/wp-json\/wp\/v2\/product"}],"about":[{"href":"https:\/\/www.lpdo.it\/es\/wp-json\/wp\/v2\/types\/product"}],"wp:featuredmedia":[{"embeddable":true,"href":"https:\/\/www.lpdo.it\/es\/wp-json\/wp\/v2\/media\/295325"}],"wp:attachment":[{"href":"https:\/\/www.lpdo.it\/es\/wp-json\/wp\/v2\/media?parent=233830"}],"wp:term":[{"taxonomy":"product_brand","embeddable":true,"href":"https:\/\/www.lpdo.it\/es\/wp-json\/wp\/v2\/product_brand?post=233830"},{"taxonomy":"product_cat","embeddable":true,"href":"https:\/\/www.lpdo.it\/es\/wp-json\/wp\/v2\/product_cat?post=233830"},{"taxonomy":"product_tag","embeddable":true,"href":"https:\/\/www.lpdo.it\/es\/wp-json\/wp\/v2\/product_tag?post=233830"}],"curies":[{"name":"wp","href":"https:\/\/api.w.org\/{rel}","templated":true}]}}