{"id":252835,"date":"2023-04-26T16:05:00","date_gmt":"2023-04-26T14:05:00","guid":{"rendered":"https:\/\/www.lpdo.it\/?post_type=product&#038;p=252835"},"modified":"2025-12-02T00:03:41","modified_gmt":"2025-12-01T23:03:41","slug":"mystique-love-30ml-edpi","status":"publish","type":"product","link":"https:\/\/www.lpdo.it\/es\/p\/mystique-love-30ml-edpi\/","title":{"rendered":"MYSTIQUE LOVE 30ML EDPI"},"content":{"rendered":"<div class=\"type-block\">\n<div class=\"row\">\n<div class=\"col-md-4\">\n<p><img decoding=\"async\" src=\"\/wp-content\/themes\/lpdo\/images\/testa.svg\" alt=\"Note di Testa\" \/><\/p>\n<h5>CABEZA<\/h5>\n<p>Arancia Dolce, Bergamotto, Pepe Rosa<\/p>\n<\/div>\n<div class=\"col-md-4\">\n<p><img decoding=\"async\" src=\"\/wp-content\/themes\/lpdo\/images\/cuore.svg\" alt=\"NOTE DI CUORE\" \/><\/p>\n<h5>CORAZ\u00d3N<\/h5>\n<p>Gelsomino, Rosa Damascena, Spezie Calde<\/p>\n<\/div>\n<div class=\"col-md-4\">\n<p><img decoding=\"async\" src=\"\/wp-content\/themes\/lpdo\/images\/fondo.svg\" alt=\"NOTE DI FONDO\" \/><\/p>\n<h5>FONDO<\/h5>\n<p>Vaniglia, Fava Tonka, Legno di Sandalo, Legno di Cedro, Accordo Muschio di Quercia, Ambra<\/p>\n<\/div>\n<\/div>\n<\/div>","protected":false},"excerpt":{"rendered":"<p><span style=\"font-weight: 400;\">Mystique Love es una dosis instant\u00e1nea de amor m\u00edstico en tus manos.<br \/>\n<\/span><span style=\"font-weight: 400;\">Esta composici\u00f3n pura y seductora se abre con notas de salida de naranja dulce, bergamota y pimienta rosa.<br \/>\n<\/span><span style=\"font-weight: 400;\">El coraz\u00f3n, de rosa y jazm\u00edn, abraza con su riqueza la elegancia envolvente de las especias c\u00e1lidas.<br \/>\n<\/span><span style=\"font-weight: 400;\">Mientras que el fondo, armonioso y envolvente, se convierte en el embajador del equilibrio perfecto entre la vainilla y el haba tonka, la madera de cedro y el acorde de s\u00e1ndalo, \u00e1mbar y musgo de roble. <\/span><\/p>","protected":false},"featured_media":295322,"template":"","meta":[],"product_brand":[],"product_cat":[63],"product_tag":[],"class_list":{"0":"post-252835","1":"product","2":"type-product","3":"status-publish","4":"has-post-thumbnail","6":"product_cat-fragranze","8":"first","9":"instock","10":"shipping-taxable","11":"purchasable","12":"product-type-simple"},"_links":{"self":[{"href":"https:\/\/www.lpdo.it\/es\/wp-json\/wp\/v2\/product\/252835","targetHints":{"allow":["GET"]}}],"collection":[{"href":"https:\/\/www.lpdo.it\/es\/wp-json\/wp\/v2\/product"}],"about":[{"href":"https:\/\/www.lpdo.it\/es\/wp-json\/wp\/v2\/types\/product"}],"wp:featuredmedia":[{"embeddable":true,"href":"https:\/\/www.lpdo.it\/es\/wp-json\/wp\/v2\/media\/295322"}],"wp:attachment":[{"href":"https:\/\/www.lpdo.it\/es\/wp-json\/wp\/v2\/media?parent=252835"}],"wp:term":[{"taxonomy":"product_brand","embeddable":true,"href":"https:\/\/www.lpdo.it\/es\/wp-json\/wp\/v2\/product_brand?post=252835"},{"taxonomy":"product_cat","embeddable":true,"href":"https:\/\/www.lpdo.it\/es\/wp-json\/wp\/v2\/product_cat?post=252835"},{"taxonomy":"product_tag","embeddable":true,"href":"https:\/\/www.lpdo.it\/es\/wp-json\/wp\/v2\/product_tag?post=252835"}],"curies":[{"name":"wp","href":"https:\/\/api.w.org\/{rel}","templated":true}]}}