{"id":252854,"date":"2023-04-26T17:19:13","date_gmt":"2023-04-26T15:19:13","guid":{"rendered":"https:\/\/www.lpdo.it\/?post_type=product&#038;p=252854"},"modified":"2026-02-24T10:18:40","modified_gmt":"2026-02-24T09:18:40","slug":"touche-100ml-edpi","status":"publish","type":"product","link":"https:\/\/www.lpdo.it\/es\/p\/touche-100ml-edpi\/","title":{"rendered":"TOUCH\u00c9 100ML EDPI"},"content":{"rendered":"<div class=\"type-block\">\n<div class=\"row\">\n<div class=\"col-md-4\">\n<p><img decoding=\"async\" src=\"\/wp-content\/themes\/lpdo\/images\/testa.svg\" alt=\"Note di Testa\" \/><\/p>\n<h5>CABEZA<\/h5>\n<p>Frutti Rossi, Frutto della Passione, Pesca<\/p>\n<\/div>\n<div class=\"col-md-4\">\n<p><img decoding=\"async\" src=\"\/wp-content\/themes\/lpdo\/images\/cuore.svg\" alt=\"NOTE DI CUORE\" \/><\/p>\n<h5>CORAZ\u00d3N<\/h5>\n<p>Eliotropio, Mughetto, Patchouli, Pera, Caramello <\/p>\n<\/div>\n<div class=\"col-md-4\">\n<p><img decoding=\"async\" src=\"\/wp-content\/themes\/lpdo\/images\/fondo.svg\" alt=\"NOTE DI FONDO\" \/><\/p>\n<h5>FONDO<\/h5>\n<p>Musk, Lampone, Ambra Grigia, Note Lattoniche <\/p>\n<\/div>\n<\/div>\n<\/div>","protected":false},"excerpt":{"rendered":"<p>Touch\u00e9 es una cautivadora dosis de encanto y misterio en tus manos.<br \/>\nSu composici\u00f3n fresca y exuberante atrae con su cabeza de frutos rojos, fruta de la pasi\u00f3n y melocot\u00f3n.<br \/>\nEl persuasivo coraz\u00f3n combina heliotropo con lirio de los valles y pachul\u00ed con pera, uni\u00e9ndolo todo con un dulce y armonioso caramelo.<br \/>\nMientras que el misterioso y atractivo fondo encanta con sus notas de almizcle y frambuesa, \u00e1mbar gris y l\u00e1ctico.<\/p>","protected":false},"featured_media":295308,"template":"","meta":[],"product_brand":[],"product_cat":[63],"product_tag":[],"class_list":{"0":"post-252854","1":"product","2":"type-product","3":"status-publish","4":"has-post-thumbnail","6":"product_cat-fragranze","8":"first","9":"instock","10":"shipping-taxable","11":"purchasable","12":"product-type-simple"},"_links":{"self":[{"href":"https:\/\/www.lpdo.it\/es\/wp-json\/wp\/v2\/product\/252854","targetHints":{"allow":["GET"]}}],"collection":[{"href":"https:\/\/www.lpdo.it\/es\/wp-json\/wp\/v2\/product"}],"about":[{"href":"https:\/\/www.lpdo.it\/es\/wp-json\/wp\/v2\/types\/product"}],"wp:featuredmedia":[{"embeddable":true,"href":"https:\/\/www.lpdo.it\/es\/wp-json\/wp\/v2\/media\/295308"}],"wp:attachment":[{"href":"https:\/\/www.lpdo.it\/es\/wp-json\/wp\/v2\/media?parent=252854"}],"wp:term":[{"taxonomy":"product_brand","embeddable":true,"href":"https:\/\/www.lpdo.it\/es\/wp-json\/wp\/v2\/product_brand?post=252854"},{"taxonomy":"product_cat","embeddable":true,"href":"https:\/\/www.lpdo.it\/es\/wp-json\/wp\/v2\/product_cat?post=252854"},{"taxonomy":"product_tag","embeddable":true,"href":"https:\/\/www.lpdo.it\/es\/wp-json\/wp\/v2\/product_tag?post=252854"}],"curies":[{"name":"wp","href":"https:\/\/api.w.org\/{rel}","templated":true}]}}