{"id":301961,"date":"2024-03-13T12:10:37","date_gmt":"2024-03-13T11:10:37","guid":{"rendered":"https:\/\/www.lpdo.it\/?post_type=product&#038;p=301961"},"modified":"2025-12-02T00:03:05","modified_gmt":"2025-12-01T23:03:05","slug":"cherry-seduction-100ml-edpi","status":"publish","type":"product","link":"https:\/\/www.lpdo.it\/es\/p\/cherry-seduction-100ml-edpi\/","title":{"rendered":"CEREZA SEDUCCI\u00d3N 100ML EDPI"},"content":{"rendered":"<div class=\"type-block\">\n<div class=\"row\">\n<div class=\"col-md-4\">\n<p><img decoding=\"async\" src=\"\/wp-content\/themes\/lpdo\/images\/testa.svg\" alt=\"Note di Testa\" \/><\/p>\n<h5>CABEZA<\/h5>\n<p>Amarena, Almendra Amarga, Licor<\/p>\n<\/div>\n<div class=\"col-md-4\">\n<p><img decoding=\"async\" src=\"\/wp-content\/themes\/lpdo\/images\/cuore.svg\" alt=\"NOTE DI CUORE\" \/><\/p>\n<h5>CORAZ\u00d3N<\/h5>\n<p>Cereza negra, ciruela, rosa turca, jazm\u00edn Sambac<\/p>\n<\/div>\n<div class=\"col-md-4\">\n<p><img decoding=\"async\" src=\"\/wp-content\/themes\/lpdo\/images\/fondo.svg\" alt=\"NOTE DI FONDO\" \/><\/p>\n<h5>FONDO<\/h5>\n<p>Haba tonka, B\u00e1lsamo del Per\u00fa, Madera de cedro, Vetiver, Pachul\u00ed<\/p>\n<\/div>\n<\/div>\n<\/div>","protected":false},"excerpt":{"rendered":"<p>Cherry Seduction es el \u00edmpetu de un encuentro sincero con la seducci\u00f3n, sublimado por un beso delicioso en el que perderse y abandonarse.<br \/>\nSu composici\u00f3n decidida y traviesa abruma con sus intensas notas de salida de cereza negra, almendra amarga y licor.<br \/>\nEl coraz\u00f3n, sensual y rico, seduce con sus notas afrutadas y florales de cereza negra y ciruela, rosa turca y jazm\u00edn Sambac.<br \/>\nMientras que el irresistible y aterciopelado fondo cautiva con sus notas de haba tonka y b\u00e1lsamo de Per\u00fa, madera de cedro, pachul\u00ed y vetiver.<\/p>","protected":false},"featured_media":301953,"template":"","meta":[],"product_brand":[],"product_cat":[63],"product_tag":[],"class_list":{"0":"post-301961","1":"product","2":"type-product","3":"status-publish","4":"has-post-thumbnail","6":"product_cat-fragranze","8":"first","9":"instock","10":"shipping-taxable","11":"purchasable","12":"product-type-simple"},"_links":{"self":[{"href":"https:\/\/www.lpdo.it\/es\/wp-json\/wp\/v2\/product\/301961","targetHints":{"allow":["GET"]}}],"collection":[{"href":"https:\/\/www.lpdo.it\/es\/wp-json\/wp\/v2\/product"}],"about":[{"href":"https:\/\/www.lpdo.it\/es\/wp-json\/wp\/v2\/types\/product"}],"wp:featuredmedia":[{"embeddable":true,"href":"https:\/\/www.lpdo.it\/es\/wp-json\/wp\/v2\/media\/301953"}],"wp:attachment":[{"href":"https:\/\/www.lpdo.it\/es\/wp-json\/wp\/v2\/media?parent=301961"}],"wp:term":[{"taxonomy":"product_brand","embeddable":true,"href":"https:\/\/www.lpdo.it\/es\/wp-json\/wp\/v2\/product_brand?post=301961"},{"taxonomy":"product_cat","embeddable":true,"href":"https:\/\/www.lpdo.it\/es\/wp-json\/wp\/v2\/product_cat?post=301961"},{"taxonomy":"product_tag","embeddable":true,"href":"https:\/\/www.lpdo.it\/es\/wp-json\/wp\/v2\/product_tag?post=301961"}],"curies":[{"name":"wp","href":"https:\/\/api.w.org\/{rel}","templated":true}]}}