{"id":301970,"date":"2024-03-13T12:38:47","date_gmt":"2024-03-13T11:38:47","guid":{"rendered":"https:\/\/www.lpdo.it\/?post_type=product&#038;p=301970"},"modified":"2025-12-02T00:03:05","modified_gmt":"2025-12-01T23:03:05","slug":"joie-de-oud-100ml-edpi","status":"publish","type":"product","link":"https:\/\/www.lpdo.it\/es\/p\/joie-de-oud-100ml-edpi\/","title":{"rendered":"JOIE DE OUD 100ML EDPI"},"content":{"rendered":"<div class=\"type-block\">\n<div class=\"row\">\n<div class=\"col-md-4\">\n<p><img decoding=\"async\" src=\"\/wp-content\/themes\/lpdo\/images\/testa.svg\" alt=\"Note di Testa\" \/><\/p>\n<h5>CABEZA<\/h5>\n<p>Oud, Pralina di Cioccolato, Zafferano, Zucchero a Velo<\/p>\n<\/div>\n<div class=\"col-md-4\">\n<p><img decoding=\"async\" src=\"\/wp-content\/themes\/lpdo\/images\/cuore.svg\" alt=\"NOTE DI CUORE\" \/><\/p>\n<h5>CORAZ\u00d3N<\/h5>\n<p>Legno di Sandalo, Patchouli, Chiodi di Garofano<\/p>\n<\/div>\n<div class=\"col-md-4\">\n<p><img decoding=\"async\" src=\"\/wp-content\/themes\/lpdo\/images\/fondo.svg\" alt=\"NOTE DI FONDO\" \/><\/p>\n<h5>FONDO<\/h5>\n<p>Muschio Bianco, Vaniglia, Ambra Grigia<\/p>\n<\/div>\n<\/div>\n<\/div>","protected":false},"excerpt":{"rendered":"<p>Joie De Oud es el candor de un encuentro et\u00e9reo con la alegr\u00eda, sublimado por un beso inocente que seduce y sorprende vivamente.<br \/>\nLa composici\u00f3n, et\u00e9rea y luminosa, deleita con sus intensas notas de salida de oud y pralin\u00e9 de chocolate, azafr\u00e1n y az\u00facar glas.<br \/>\nEl coraz\u00f3n, armonioso y especiado, hechiza con sus notas de s\u00e1ndalo, pachul\u00ed y clavo.<br \/>\nMientras que el fondo, intrigante y seductor, envuelve con sus notas de almizcle blanco, vainilla y \u00e1mbar gris.<\/p>","protected":false},"featured_media":301954,"template":"","meta":[],"product_brand":[],"product_cat":[63],"product_tag":[],"class_list":{"0":"post-301970","1":"product","2":"type-product","3":"status-publish","4":"has-post-thumbnail","6":"product_cat-fragranze","8":"first","9":"instock","10":"shipping-taxable","11":"purchasable","12":"product-type-simple"},"_links":{"self":[{"href":"https:\/\/www.lpdo.it\/es\/wp-json\/wp\/v2\/product\/301970","targetHints":{"allow":["GET"]}}],"collection":[{"href":"https:\/\/www.lpdo.it\/es\/wp-json\/wp\/v2\/product"}],"about":[{"href":"https:\/\/www.lpdo.it\/es\/wp-json\/wp\/v2\/types\/product"}],"wp:featuredmedia":[{"embeddable":true,"href":"https:\/\/www.lpdo.it\/es\/wp-json\/wp\/v2\/media\/301954"}],"wp:attachment":[{"href":"https:\/\/www.lpdo.it\/es\/wp-json\/wp\/v2\/media?parent=301970"}],"wp:term":[{"taxonomy":"product_brand","embeddable":true,"href":"https:\/\/www.lpdo.it\/es\/wp-json\/wp\/v2\/product_brand?post=301970"},{"taxonomy":"product_cat","embeddable":true,"href":"https:\/\/www.lpdo.it\/es\/wp-json\/wp\/v2\/product_cat?post=301970"},{"taxonomy":"product_tag","embeddable":true,"href":"https:\/\/www.lpdo.it\/es\/wp-json\/wp\/v2\/product_tag?post=301970"}],"curies":[{"name":"wp","href":"https:\/\/api.w.org\/{rel}","templated":true}]}}