{"id":402801,"date":"2025-02-21T02:22:58","date_gmt":"2025-02-21T01:22:58","guid":{"rendered":"https:\/\/www.lpdo.it\/?post_type=product&#038;p=402801"},"modified":"2025-12-02T00:03:39","modified_gmt":"2025-12-01T23:03:39","slug":"pistachio-bon-bon-30ml-edpi","status":"publish","type":"product","link":"https:\/\/www.lpdo.it\/es\/p\/pistachio-bon-bon-30ml-edpi\/","title":{"rendered":"PISTACHIO BON BON 30ML EDPI"},"content":{"rendered":"<div class=\"type-block\">\n<div class=\"row\">\n<div class=\"col-md-4\">\n<p><img decoding=\"async\" src=\"\/wp-content\/themes\/lpdo\/images\/testa.svg\" alt=\"Note di Testa\" \/><\/p>\n<h5>CABEZA<\/h5>\n<p>Bergamotto, Pistacchio, Pesca, Cardamomo, Lampone<\/p>\n<\/div>\n<div class=\"col-md-4\">\n<p><img decoding=\"async\" src=\"\/wp-content\/themes\/lpdo\/images\/cuore.svg\" alt=\"NOTE DI CUORE\" \/><\/p>\n<h5>CORAZ\u00d3N<\/h5>\n<p>Fiori Bianchi, Eliotropio, Mughetto, Violetta, Geranio<\/p>\n<\/div>\n<div class=\"col-md-4\">\n<p><img decoding=\"async\" src=\"\/wp-content\/themes\/lpdo\/images\/fondo.svg\" alt=\"NOTE DI FONDO\" \/><\/p>\n<h5>FONDO<\/h5>\n<p>Panna Montata, Vaniglia, Caramello, Fava Tonka, Legno di Sandalo<\/p>\n<\/div>\n<\/div>\n<\/div>","protected":false},"excerpt":{"rendered":"<p>Una fragancia que hace la boca agua, creada para deleitar con su irresistible estela de pistacho goloso, intenso y cremoso.<br \/>\nLa composici\u00f3n, dulce y vivaz, seduce con sus notas de salida de pistacho, bergamota, melocot\u00f3n, frambuesa y cardamomo. El coraz\u00f3n, delicado y elegante, hechiza con sus notas de flores blancas, heliotropo, lirio de los valles, violeta y geranio. El fondo, fresco y cremoso, deleita con sus notas de nata montada, vainilla, caramelo, haba tonka y s\u00e1ndalo.<\/p>","protected":false},"featured_media":402794,"template":"","meta":[],"product_brand":[],"product_cat":[63],"product_tag":[],"class_list":{"0":"post-402801","1":"product","2":"type-product","3":"status-publish","4":"has-post-thumbnail","6":"product_cat-fragranze","8":"first","9":"instock","10":"shipping-taxable","11":"purchasable","12":"product-type-simple"},"_links":{"self":[{"href":"https:\/\/www.lpdo.it\/es\/wp-json\/wp\/v2\/product\/402801","targetHints":{"allow":["GET"]}}],"collection":[{"href":"https:\/\/www.lpdo.it\/es\/wp-json\/wp\/v2\/product"}],"about":[{"href":"https:\/\/www.lpdo.it\/es\/wp-json\/wp\/v2\/types\/product"}],"wp:featuredmedia":[{"embeddable":true,"href":"https:\/\/www.lpdo.it\/es\/wp-json\/wp\/v2\/media\/402794"}],"wp:attachment":[{"href":"https:\/\/www.lpdo.it\/es\/wp-json\/wp\/v2\/media?parent=402801"}],"wp:term":[{"taxonomy":"product_brand","embeddable":true,"href":"https:\/\/www.lpdo.it\/es\/wp-json\/wp\/v2\/product_brand?post=402801"},{"taxonomy":"product_cat","embeddable":true,"href":"https:\/\/www.lpdo.it\/es\/wp-json\/wp\/v2\/product_cat?post=402801"},{"taxonomy":"product_tag","embeddable":true,"href":"https:\/\/www.lpdo.it\/es\/wp-json\/wp\/v2\/product_tag?post=402801"}],"curies":[{"name":"wp","href":"https:\/\/api.w.org\/{rel}","templated":true}]}}