{"id":402802,"date":"2025-02-21T02:22:58","date_gmt":"2025-02-21T01:22:58","guid":{"rendered":"https:\/\/www.lpdo.it\/?post_type=product&#038;p=402802"},"modified":"2025-12-02T00:03:40","modified_gmt":"2025-12-01T23:03:40","slug":"secret-tonka-30ml-edpi","status":"publish","type":"product","link":"https:\/\/www.lpdo.it\/es\/p\/secret-tonka-30ml-edpi\/","title":{"rendered":"SECRET TONKA 30ML EDPI"},"content":{"rendered":"<div class=\"type-block\">\n<div class=\"row\">\n<div class=\"col-md-4\">\n<p><img decoding=\"async\" src=\"\/wp-content\/themes\/lpdo\/images\/testa.svg\" alt=\"Note di Testa\" \/><\/p>\n<h5>CABEZA<\/h5>\n<p>Azafr\u00e1n, Bergamota<\/p>\n<\/div>\n<div class=\"col-md-4\">\n<p><img decoding=\"async\" src=\"\/wp-content\/themes\/lpdo\/images\/cuore.svg\" alt=\"NOTE DI CUORE\" \/><\/p>\n<h5>CORAZ\u00d3N<\/h5>\n<p>Oud, Rosa b\u00falgara<\/p>\n<\/div>\n<div class=\"col-md-4\">\n<p><img decoding=\"async\" src=\"\/wp-content\/themes\/lpdo\/images\/fondo.svg\" alt=\"NOTE DI FONDO\" \/><\/p>\n<h5>FONDO<\/h5>\n<p>Ca\u00f1a de az\u00facar, haba tonka, \u00e1mbar gris, almizcle blanco, musgo de roble<\/p>\n<\/div>\n<\/div>\n<\/div>","protected":false},"excerpt":{"rendered":"<p>Una fragancia descarada y preciosa, dise\u00f1ada para atraer con su aura lujosa y misteriosa.<br \/>\nLa composici\u00f3n, fuerte y emprendedora, impresiona con sus notas de salida de azafr\u00e1n y bergamota. El coraz\u00f3n, audaz y elegante, abruma con sus notas de oud y rosa. El fondo, sorprendente y dulce, envuelve con sus notas de az\u00facar moreno, haba tonka, \u00e1mbar gris, almizcle blanco y musgo de roble.<\/p>","protected":false},"featured_media":402795,"template":"","meta":[],"product_brand":[],"product_cat":[63],"product_tag":[],"class_list":{"0":"post-402802","1":"product","2":"type-product","3":"status-publish","4":"has-post-thumbnail","6":"product_cat-fragranze","8":"first","9":"instock","10":"shipping-taxable","11":"purchasable","12":"product-type-simple"},"_links":{"self":[{"href":"https:\/\/www.lpdo.it\/es\/wp-json\/wp\/v2\/product\/402802","targetHints":{"allow":["GET"]}}],"collection":[{"href":"https:\/\/www.lpdo.it\/es\/wp-json\/wp\/v2\/product"}],"about":[{"href":"https:\/\/www.lpdo.it\/es\/wp-json\/wp\/v2\/types\/product"}],"wp:featuredmedia":[{"embeddable":true,"href":"https:\/\/www.lpdo.it\/es\/wp-json\/wp\/v2\/media\/402795"}],"wp:attachment":[{"href":"https:\/\/www.lpdo.it\/es\/wp-json\/wp\/v2\/media?parent=402802"}],"wp:term":[{"taxonomy":"product_brand","embeddable":true,"href":"https:\/\/www.lpdo.it\/es\/wp-json\/wp\/v2\/product_brand?post=402802"},{"taxonomy":"product_cat","embeddable":true,"href":"https:\/\/www.lpdo.it\/es\/wp-json\/wp\/v2\/product_cat?post=402802"},{"taxonomy":"product_tag","embeddable":true,"href":"https:\/\/www.lpdo.it\/es\/wp-json\/wp\/v2\/product_tag?post=402802"}],"curies":[{"name":"wp","href":"https:\/\/api.w.org\/{rel}","templated":true}]}}