{"id":437253,"date":"2025-06-23T09:11:14","date_gmt":"2025-06-23T07:11:14","guid":{"rendered":"https:\/\/www.lpdo.it\/?post_type=product&#038;p=437253"},"modified":"2025-12-02T00:04:19","modified_gmt":"2025-12-01T23:04:19","slug":"musk-glace-250ml","status":"publish","type":"product","link":"https:\/\/www.lpdo.it\/es\/p\/musk-glace-250ml\/","title":{"rendered":"MUSK GLAC\u00c9 250ML"},"content":{"rendered":"<div class=\"type-block\">\n<div class=\"row\">\n<div class=\"col-md-4\">\n<p><img decoding=\"async\" src=\"\/wp-content\/themes\/lpdo\/images\/testa.svg\" alt=\"Note di Testa\" \/><\/p>\n<h5>CABEZA<\/h5>\n<p>Pepe Rosa, Timo, Arancia Brasile, Bergamotto, Foglia di Cedro<\/p>\n<\/div>\n<div class=\"col-md-4\">\n<p><img decoding=\"async\" src=\"\/wp-content\/themes\/lpdo\/images\/cuore.svg\" alt=\"NOTE DI CUORE\" \/><\/p>\n<h5>CORAZ\u00d3N<\/h5>\n<p>Fiori Bianchi, Violetta, Lavanda, Frutti Tropicali, Fava Tonka<\/p>\n<\/div>\n<div class=\"col-md-4\">\n<p><img decoding=\"async\" src=\"\/wp-content\/themes\/lpdo\/images\/fondo.svg\" alt=\"NOTE DI FONDO\" \/><\/p>\n<h5>FONDO<\/h5>\n<p>Vaniglia, Caramello, Ambra Grigia, Patchouli, Muschio Bianco<\/p>\n<\/div>\n<\/div>\n<\/div>","protected":false},"excerpt":{"rendered":"<p>Imag\u00ednese un glaseado fresco y s\u00faper afrutado que envuelve fragantes y picantes trozos de pimienta rosa.<br \/>\nNo es un sorbete, \u00a1es nuestro Body Spray Musk Glac\u00e9!<br \/>\nUna composici\u00f3n vibrante con notas de salida de naranja brasile\u00f1a y bergamota, un coraz\u00f3n de frutas tropicales combinadas con envolvente haba tonka y un intenso fondo de vainilla, caramelo y almizcle blanco.<\/p>","protected":false},"featured_media":437785,"template":"","meta":[],"product_brand":[],"product_cat":[84],"product_tag":[],"class_list":{"0":"post-437253","1":"product","2":"type-product","3":"status-publish","4":"has-post-thumbnail","6":"product_cat-body-spray","8":"first","9":"instock","10":"shipping-taxable","11":"purchasable","12":"product-type-simple"},"_links":{"self":[{"href":"https:\/\/www.lpdo.it\/es\/wp-json\/wp\/v2\/product\/437253","targetHints":{"allow":["GET"]}}],"collection":[{"href":"https:\/\/www.lpdo.it\/es\/wp-json\/wp\/v2\/product"}],"about":[{"href":"https:\/\/www.lpdo.it\/es\/wp-json\/wp\/v2\/types\/product"}],"wp:featuredmedia":[{"embeddable":true,"href":"https:\/\/www.lpdo.it\/es\/wp-json\/wp\/v2\/media\/437785"}],"wp:attachment":[{"href":"https:\/\/www.lpdo.it\/es\/wp-json\/wp\/v2\/media?parent=437253"}],"wp:term":[{"taxonomy":"product_brand","embeddable":true,"href":"https:\/\/www.lpdo.it\/es\/wp-json\/wp\/v2\/product_brand?post=437253"},{"taxonomy":"product_cat","embeddable":true,"href":"https:\/\/www.lpdo.it\/es\/wp-json\/wp\/v2\/product_cat?post=437253"},{"taxonomy":"product_tag","embeddable":true,"href":"https:\/\/www.lpdo.it\/es\/wp-json\/wp\/v2\/product_tag?post=437253"}],"curies":[{"name":"wp","href":"https:\/\/api.w.org\/{rel}","templated":true}]}}