{"id":9963,"date":"2019-03-18T23:12:24","date_gmt":"2019-03-18T22:12:24","guid":{"rendered":"https:\/\/www.lpdo.it\/?post_type=product&#038;p=9963"},"modified":"2025-12-02T00:03:08","modified_gmt":"2025-12-01T23:03:08","slug":"lpdo-mieloud-100ml-edpi","status":"publish","type":"product","link":"https:\/\/www.lpdo.it\/es\/p\/lpdo-mieloud-100ml-edpi\/","title":{"rendered":"Mieloud 100ml EDPI"},"content":{"rendered":"<p>NOTE DI TESTA<br \/>\nCannella del Ceylon, Miele<br \/>\nNOTE DI CUORE<br \/>\nPatchouli del Sumatra, Note Floreali<br \/>\nNOTE DI FONDO<br \/>\nAmbra, Cuoio, Oud del Laos, Vaniglia, Muschio Bianco<\/p>","protected":false},"excerpt":{"rendered":"<p><span style=\"font-weight: 400;\">La dulzura de la Miel y el poder del Oud se unen para crear una fragancia universal. El coraz\u00f3n palpitante de la Miel y el Oud se realza con la Canela de Ceil\u00e1n. El Pachul\u00ed se mezcla con la Vainilla, molde\u00e1ndose en una nube de irresistible dulzura. Por \u00faltimo, en las notas de fondo, una sorpresa inesperada gracias a los matices salvajes y preciosos del \u00c1mbar y el Cuero.<\/span><\/p>","protected":false},"featured_media":295300,"template":"","meta":[],"product_brand":[],"product_cat":[63],"product_tag":[],"class_list":{"0":"post-9963","1":"product","2":"type-product","3":"status-publish","4":"has-post-thumbnail","6":"product_cat-fragranze","8":"first","9":"instock","10":"shipping-taxable","11":"purchasable","12":"product-type-simple"},"_links":{"self":[{"href":"https:\/\/www.lpdo.it\/es\/wp-json\/wp\/v2\/product\/9963","targetHints":{"allow":["GET"]}}],"collection":[{"href":"https:\/\/www.lpdo.it\/es\/wp-json\/wp\/v2\/product"}],"about":[{"href":"https:\/\/www.lpdo.it\/es\/wp-json\/wp\/v2\/types\/product"}],"wp:featuredmedia":[{"embeddable":true,"href":"https:\/\/www.lpdo.it\/es\/wp-json\/wp\/v2\/media\/295300"}],"wp:attachment":[{"href":"https:\/\/www.lpdo.it\/es\/wp-json\/wp\/v2\/media?parent=9963"}],"wp:term":[{"taxonomy":"product_brand","embeddable":true,"href":"https:\/\/www.lpdo.it\/es\/wp-json\/wp\/v2\/product_brand?post=9963"},{"taxonomy":"product_cat","embeddable":true,"href":"https:\/\/www.lpdo.it\/es\/wp-json\/wp\/v2\/product_cat?post=9963"},{"taxonomy":"product_tag","embeddable":true,"href":"https:\/\/www.lpdo.it\/es\/wp-json\/wp\/v2\/product_tag?post=9963"}],"curies":[{"name":"wp","href":"https:\/\/api.w.org\/{rel}","templated":true}]}}