{"id":2033,"date":"2018-12-01T18:45:42","date_gmt":"2018-12-01T17:45:42","guid":{"rendered":"http:\/\/demo3.nexthelp.it\/?page_id=2033"},"modified":"2025-07-18T14:51:16","modified_gmt":"2025-07-18T12:51:16","slug":"pagamenti-sicuri","status":"publish","type":"page","link":"https:\/\/www.lpdo.it\/fr\/pagamenti-sicuri\/","title":{"rendered":"Paiements s\u00e9curis\u00e9s"},"content":{"rendered":"<div>\n<div>\n<h2 style=\"text-align: center;\">VOICI COMMENT EFFECTUER VOS PAIEMENTS SUR LPDO<\/h2>\n<p>Oui, tous les prix de vente des produits affich\u00e9s et indiqu\u00e9s sur le site web sont inclus dans la TVA et toutes les autres taxes.<\/p>\n<p>Oui, les frais de port sont gratuits.<\/p>\n<h3>MODE DE PAIEMENT<\/h3>\n<p>Une fois que vous avez rempli le formulaire de commande, vous disposez des moyens de paiement suivants pour compl\u00e9ter la phase d'achat :<\/p>\n<ul>\n<li><strong>Carte de cr\u00e9dit, carte pr\u00e9pay\u00e9e ou Postepay<\/strong><\/li>\n<\/ul>\n<p>Ainsi, le montant de votre commande s'affichera imm\u00e9diatement et les marchandises, sous r\u00e9serve de disponibilit\u00e9 des produits, partiront le jour ouvrable suivant.<\/p>\n<ul>\n<li><strong>Virement bancaire<\/strong><\/li>\n<\/ul>\n<p>Ainsi, d\u00e8s que le montant est cr\u00e9dit\u00e9 sur le compte concern\u00e9, nous nous engageons \u00e0 exp\u00e9dier rapidement les marchandises, sous r\u00e9serve de la disponibilit\u00e9 des produits.<\/p>\n<ul>\n<li><strong>PayPal<\/strong><\/li>\n<\/ul>\n<p>Ainsi, le montant de votre commande s'affichera imm\u00e9diatement et les marchandises, sous r\u00e9serve de disponibilit\u00e9 des produits, partiront le jour ouvrable suivant.<\/p>\n<div class=\"remove\">\n<ul>\n<li><strong>Paiement \u00e0 la livraison<\/strong><\/li>\n<\/ul>\n<p>Ainsi, les frais de contre-remboursement de 2,99 \u20ac doivent \u00eatre ajout\u00e9s au montant de la commande \u00e0 payer en esp\u00e8ces au transporteur. Sous r\u00e9serve de disponibilit\u00e9 des produits, la commande sera exp\u00e9di\u00e9e le jour ouvrable suivant.<\/p>\n<ul>\n<li><strong>ScalaPay<\/strong><\/li>\n<\/ul>\n<p>Vous pourrez ainsi payer votre commande en trois versements \u00e9gaux et pratiques, avec une \u00e9ch\u00e9ance mensuelle. Ce service sera gratuit pour vous et seul le premier versement vous sera factur\u00e9 au moment de l'achat. Sous r\u00e9serve de la disponibilit\u00e9 des produits, votre commande sera exp\u00e9di\u00e9e le jour ouvrable suivant.<\/p>\n<\/div>\n<\/div><\/div>\n\n\n\n<p><\/p>","protected":false},"excerpt":{"rendered":"<p>ECCO COME EFFETTUARE I TUOI PAGAMENTI SU LPDO S\u00ec, tutti i prezzi di vendita dei prodotti esposti ed indicati all\u2019interno<\/p>","protected":false},"author":1,"featured_media":0,"parent":0,"menu_order":0,"comment_status":"closed","ping_status":"closed","template":"","meta":{"footnotes":""},"class_list":["post-2033","page","type-page","status-publish","hentry"],"_links":{"self":[{"href":"https:\/\/www.lpdo.it\/fr\/wp-json\/wp\/v2\/pages\/2033","targetHints":{"allow":["GET"]}}],"collection":[{"href":"https:\/\/www.lpdo.it\/fr\/wp-json\/wp\/v2\/pages"}],"about":[{"href":"https:\/\/www.lpdo.it\/fr\/wp-json\/wp\/v2\/types\/page"}],"author":[{"embeddable":true,"href":"https:\/\/www.lpdo.it\/fr\/wp-json\/wp\/v2\/users\/1"}],"replies":[{"embeddable":true,"href":"https:\/\/www.lpdo.it\/fr\/wp-json\/wp\/v2\/comments?post=2033"}],"version-history":[{"count":3,"href":"https:\/\/www.lpdo.it\/fr\/wp-json\/wp\/v2\/pages\/2033\/revisions"}],"predecessor-version":[{"id":449922,"href":"https:\/\/www.lpdo.it\/fr\/wp-json\/wp\/v2\/pages\/2033\/revisions\/449922"}],"wp:attachment":[{"href":"https:\/\/www.lpdo.it\/fr\/wp-json\/wp\/v2\/media?parent=2033"}],"curies":[{"name":"wp","href":"https:\/\/api.w.org\/{rel}","templated":true}]}}