{"id":251540,"date":"2023-04-13T23:30:06","date_gmt":"2023-04-13T21:30:06","guid":{"rendered":"https:\/\/www.lpdo.it\/?page_id=251540"},"modified":"2023-04-13T23:30:07","modified_gmt":"2023-04-13T21:30:07","slug":"resi-e-cambi","status":"publish","type":"page","link":"https:\/\/www.lpdo.it\/fr\/resi-e-cambi\/","title":{"rendered":"Retours et \u00e9changes"},"content":{"rendered":"<h3 class=\"wp-block-heading\">VOICI COMMENT VOUS POUVEZ RETOURNER OU \u00c9CHANGER VOTRE PRODUIT<\/h3>\n\n\n\n<p>En vertu de l'article 64 et suivants. D. D\u00e9cret l\u00e9gislatif n\u00b0 206\/05, vous pouvez exercer votre droit de r\u00e9tractation, sans p\u00e9nalit\u00e9 et sans indication de motif.<\/p>\n\n\n\n<h3 class=\"wp-block-heading\">VOICI LA PROC\u00c9DURE \u00c0 SUIVRE EN CAS DE RETOUR<\/h3>\n\n\n\n<p>Envoyez votre demande de droit de r\u00e9tractation \u00e0 info@lpdo.it dans les 14 jours ouvrables suivant la r\u00e9ception des marchandises. En cas de probl\u00e8me, vous pouvez nous contacter aux num\u00e9ros suivants +39 0817590289 3505111914.<\/p>\n\n\n\n<p>Utilisez le service de messagerie de votre choix pour exp\u00e9dier le produit \u00e0 Dremar Parfum International Srl - Via Boscofangone snc - Interporto Campano Lotto D1 - Moduli 235\/236 80035 Nola (NA). Nous vous conseillons de l'emballer soigneusement dans son emballage d'origine, en y joignant une copie du formulaire que vous recevrez par e-mail de la part de notre Customer Care Team.<\/p>\n\n\n\n<p>Nous vous rembourserons, y compris les frais d'exp\u00e9dition initiaux, dans les 30 jours suivant la r\u00e9ception des marchandises.<\/p>\n\n\n\n<p>Les frais d'exp\u00e9dition li\u00e9s au retour des produits ne seront pas rembours\u00e9s.<\/p>\n\n\n\n<p>Rappelons qu'il ne sera pas possible d'appliquer le droit de r\u00e9tractation si le produit retourn\u00e9 n'est pas intact, c'est-\u00e0-dire s'il pr\u00e9sente des dommages qui ne sont pas dus au transport (absence de l'emballage d'origine, absence de parties int\u00e9grantes du produit, etc.)<\/p>\n\n\n\n<h3 class=\"wp-block-heading\">VOICI LA PROC\u00c9DURE \u00c0 SUIVRE EN CAS DE CHANGEMENT<\/h3>\n\n\n\n<p>Envoyez votre demande d'\u00e9change \u00e0 info@lpdo.it dans les 14 jours ouvrables suivant la r\u00e9ception des marchandises.<\/p>\n\n\n\n<p>Contactez notre \u00e9quipe d'assistance \u00e0 la client\u00e8le aux num\u00e9ros suivants : +39 0817590289 +39 3505111914 pour planifier ensemble un changement de produit.<\/p>\n\n\n\n<h3 class=\"wp-block-heading\">VOICI DES INFORMATIONS SUR LES R\u00c9DUCTIONS ET LES BONS D'ACHAT<\/h3>\n\n\n\n<p>Les remises ne sont pas cumulables par commande.<\/p>\n\n\n\n<p>L'entreprise peut d\u00e9cider de ne pas \u00e9mettre le bon unilat\u00e9ralement en cas de soup\u00e7on d'irr\u00e9gularit\u00e9.<\/p>","protected":false},"excerpt":{"rendered":"<p>ECCO COME PUOI EFFETTUARE IL TUO RESO O CAMBIARE IL TUO PRODOTTO Ai sensi e per gli effetti degli artt.<\/p>","protected":false},"author":1,"featured_media":0,"parent":0,"menu_order":0,"comment_status":"closed","ping_status":"closed","template":"","meta":{"footnotes":""},"class_list":["post-251540","page","type-page","status-publish","hentry"],"_links":{"self":[{"href":"https:\/\/www.lpdo.it\/fr\/wp-json\/wp\/v2\/pages\/251540","targetHints":{"allow":["GET"]}}],"collection":[{"href":"https:\/\/www.lpdo.it\/fr\/wp-json\/wp\/v2\/pages"}],"about":[{"href":"https:\/\/www.lpdo.it\/fr\/wp-json\/wp\/v2\/types\/page"}],"author":[{"embeddable":true,"href":"https:\/\/www.lpdo.it\/fr\/wp-json\/wp\/v2\/users\/1"}],"replies":[{"embeddable":true,"href":"https:\/\/www.lpdo.it\/fr\/wp-json\/wp\/v2\/comments?post=251540"}],"version-history":[{"count":1,"href":"https:\/\/www.lpdo.it\/fr\/wp-json\/wp\/v2\/pages\/251540\/revisions"}],"predecessor-version":[{"id":251541,"href":"https:\/\/www.lpdo.it\/fr\/wp-json\/wp\/v2\/pages\/251540\/revisions\/251541"}],"wp:attachment":[{"href":"https:\/\/www.lpdo.it\/fr\/wp-json\/wp\/v2\/media?parent=251540"}],"curies":[{"name":"wp","href":"https:\/\/api.w.org\/{rel}","templated":true}]}}