{"id":251546,"date":"2023-04-13T23:37:11","date_gmt":"2023-04-13T21:37:11","guid":{"rendered":"https:\/\/www.lpdo.it\/?page_id=251546"},"modified":"2023-04-13T23:37:12","modified_gmt":"2023-04-13T21:37:12","slug":"chi-siamo","status":"publish","type":"page","link":"https:\/\/www.lpdo.it\/fr\/chi-siamo\/","title":{"rendered":"\u00c0 propos de nous"},"content":{"rendered":"<div class=\"row\">\n<div class=\"col-md-12 col-lg-6\" style=\"background: url('\/wp-content\/themes\/lpdo\/images\/galleria\/LPDO_SHOOTING_072022_142.jpg') no-repeat; background-size:cover; min-height: 500px\"><\/div>\n<div class=\"col-md-12 col-lg-6\">\n<h1 style=\"font-weight:900;text-transform:uppercase\">Une marque, plusieurs parfums,<br>votre essence.<\/h1>\n\n<h3 style=\"font-weight:900;\">LPDO ?<\/h3>\n<p>Il s'agit d'un projet de parfumerie Made in Italy, mais aussi d'une entreprise n\u00e9e et d\u00e9velopp\u00e9e au fil du temps, avec le d\u00e9vouement et la passion de son \u00e9quipe, dans le merveilleux secteur de la beaut\u00e9 et de la parfumerie en Italie. <\/p>\n\n<h3 style=\"font-weight:900;\">Nos parfums ?<\/h3>\n<p>Il s'agit d'une Eau de Parfum Intense dont la composition est formul\u00e9e sur une base d'huiles essentielles 20%. Sans surprise, les mati\u00e8res premi\u00e8res utilis\u00e9es et les accords intenses cr\u00e9\u00e9s laissent un sillage incomparable, capable de rehausser votre essence. <\/p>\n\n<h3 style=\"font-weight:900;\">Notre \u00e9quipe ?<\/h3>\n<p>Avec notre passion et notre exp\u00e9rience, nous voulons vous donner des notes \u00e0 travers lesquelles vous pouvez vous reconna\u00eetre et qui peuvent vous d\u00e9finir chaque jour, d'une mani\u00e8re diff\u00e9rente. <\/p>\n\n<h3 style=\"font-weight:900;\">Notre monde parfum\u00e9 ?<\/h3>\n<p>Il est riche en \u00e9motions olfactives \u00e0 d\u00e9couvrir et \u00e0 vivre ensemble. <\/p>\n\n<\/div>\n<\/div>","protected":false},"excerpt":{"rendered":"<p>Un brand, tante fragranze,la tua essenza. LPDO? \u00c8 un progetto di profumeria Made in Italy, ma anche un\u2019azienda nata e<\/p>","protected":false},"author":1,"featured_media":0,"parent":0,"menu_order":0,"comment_status":"closed","ping_status":"closed","template":"","meta":{"footnotes":""},"class_list":["post-251546","page","type-page","status-publish","hentry"],"_links":{"self":[{"href":"https:\/\/www.lpdo.it\/fr\/wp-json\/wp\/v2\/pages\/251546","targetHints":{"allow":["GET"]}}],"collection":[{"href":"https:\/\/www.lpdo.it\/fr\/wp-json\/wp\/v2\/pages"}],"about":[{"href":"https:\/\/www.lpdo.it\/fr\/wp-json\/wp\/v2\/types\/page"}],"author":[{"embeddable":true,"href":"https:\/\/www.lpdo.it\/fr\/wp-json\/wp\/v2\/users\/1"}],"replies":[{"embeddable":true,"href":"https:\/\/www.lpdo.it\/fr\/wp-json\/wp\/v2\/comments?post=251546"}],"version-history":[{"count":1,"href":"https:\/\/www.lpdo.it\/fr\/wp-json\/wp\/v2\/pages\/251546\/revisions"}],"predecessor-version":[{"id":251547,"href":"https:\/\/www.lpdo.it\/fr\/wp-json\/wp\/v2\/pages\/251546\/revisions\/251547"}],"wp:attachment":[{"href":"https:\/\/www.lpdo.it\/fr\/wp-json\/wp\/v2\/media?parent=251546"}],"curies":[{"name":"wp","href":"https:\/\/api.w.org\/{rel}","templated":true}]}}